{"id":2169,"date":"2024-02-23T18:02:01","date_gmt":"2024-02-23T23:02:01","guid":{"rendered":"https:\/\/usinagevilleneuve.com\/about\/"},"modified":"2024-04-24T14:19:59","modified_gmt":"2024-04-24T19:19:59","slug":"a-propos","status":"publish","type":"page","link":"https:\/\/usinagevilleneuve.com\/en\/a-propos\/","title":{"rendered":"\u00c0 propos"},"content":{"rendered":"<div data-elementor-type=\"wp-page\" data-elementor-id=\"2169\" class=\"elementor elementor-2169\" data-elementor-post-type=\"page\">\n\t\t\t\t<div class=\"elementor-element elementor-element-73aff768 e-con-full e-flex e-con e-parent\" data-id=\"73aff768\" data-element_type=\"container\">\n\t\t<div class=\"elementor-element elementor-element-5b2e1445 e-con-full e-flex e-con e-child\" data-id=\"5b2e1445\" data-element_type=\"container\" data-settings=\"{&quot;background_background&quot;:&quot;classic&quot;}\">\n\t\t\t\t<\/div>\n\t\t<div class=\"elementor-element elementor-element-3d3f47f3 e-con-full e-flex e-con e-child\" data-id=\"3d3f47f3\" data-element_type=\"container\" data-settings=\"{&quot;background_background&quot;:&quot;classic&quot;}\">\n\t\t\t\t<div class=\"elementor-element elementor-element-4b60d0d2 elementor-cta--skin-classic elementor-animated-content elementor-bg-transform elementor-bg-transform-zoom-in elementor-widget elementor-widget-call-to-action\" data-id=\"4b60d0d2\" data-element_type=\"widget\" data-widget_type=\"call-to-action.default\">\n\t\t\t\t<div class=\"elementor-widget-container\">\n\t\t\t\t\t\t\t<div class=\"elementor-cta\">\n\t\t\t\t\t\t\t<div class=\"elementor-cta__content\">\n\t\t\t\t\n\t\t\t\t\t\t\t\t\t<h1 class=\"elementor-cta__title elementor-cta__content-item elementor-content-item\">\n\t\t\t\t\t\tUsinage Villeneuve c'est tout \u00e7a!\t\t\t\t\t<\/h1>\n\t\t\t\t\n\t\t\t\t\t\t\t\t\t<div class=\"elementor-cta__description elementor-cta__content-item elementor-content-item\">\n\t\t\t\t\t\tUne \u00e9quipe hors paire, une entreprise d\u00e9vou\u00e9e et de l'expertise in\u00e9gal\u00e9e.\t\t\t\t\t<\/div>\n\t\t\t\t\n\t\t\t\t\t\t\t<\/div>\n\t\t\t\t\t\t<\/div>\n\t\t\t\t\t\t<\/div>\n\t\t\t\t<\/div>\n\t\t\t\t<\/div>\n\t\t\t\t<\/div>\n\t\t<div class=\"elementor-element elementor-element-506838a4 e-flex e-con-boxed e-con e-parent\" data-id=\"506838a4\" data-element_type=\"container\">\n\t\t\t\t\t<div class=\"e-con-inner\">\n\t\t<div class=\"elementor-element elementor-element-610d00ac e-con-full e-flex e-con e-child\" data-id=\"610d00ac\" data-element_type=\"container\">\n\t\t\t\t<div class=\"elementor-element elementor-element-3a985ad2 elementor-widget elementor-widget-heading\" data-id=\"3a985ad2\" data-element_type=\"widget\" data-widget_type=\"heading.default\">\n\t\t\t\t<div class=\"elementor-widget-container\">\n\t\t\t\t\t<h2 class=\"elementor-heading-title elementor-size-default\">Usinage Villeneuve c'est eux!<\/h2>\t\t\t\t<\/div>\n\t\t\t\t<\/div>\n\t\t\t\t<div class=\"elementor-element elementor-element-2868007f elementor-widget elementor-widget-text-editor\" data-id=\"2868007f\" data-element_type=\"widget\" data-widget_type=\"text-editor.default\">\n\t\t\t\t<div class=\"elementor-widget-container\">\n\t\t\t\t\t\t\t\t\t<h1>Usinage de Pr\u00e9cision par Usinage Villeneuve<\/h1><p><strong>Usinage Villeneuve<\/strong> se positionne comme un leader incontest\u00e9 dans le domaine de l\u2019<strong>usinage de pi\u00e8ces de haute pr\u00e9cision<\/strong>. Situ\u00e9 \u00e0 Ste-Anne-des-Plaines dans la r\u00e9gion des Laurentides, notre atelier d\u2019usinage est la destination privil\u00e9gi\u00e9e pour la fabrication de vos pi\u00e8ces. D\u00e9couvrez pourquoi faire appel \u00e0 notre expertise.<\/p><h2>Service \u00e0 la Client\u00e8le Incomparable<\/h2><p>La qualit\u00e9 exceptionnelle de nos produits est au c\u0153ur de notre r\u00e9ussite, tout comme les relations solides que nous \u00e9tablissons avec notre client\u00e8le. Apr\u00e8s plus de 35 ans de service, la fid\u00e9lit\u00e9 de nos clients t\u00e9moigne de notre engagement \u00e0 respecter scrupuleusement leurs exigences. La ponctualit\u00e9 de nos livraisons et la pr\u00e9cision de nos commandes sont particuli\u00e8rement valoris\u00e9es par nos partenaires.<\/p><h2>Expertise en Conception et Prototypage<\/h2><p>Nos capacit\u00e9s \u00e9tendues nous permettent de <strong>fabriquer des pi\u00e8ces usin\u00e9es<\/strong> de tout type, dans une vaste gamme de mat\u00e9riaux, avec ou sans plans pr\u00e9\u00e9tablis. Nous assistons nos clients dans la conception de pi\u00e8ces essentielles pour leurs cha\u00eenes de montage automatis\u00e9es, le remplacement de composants d\u00e9fectueux, la cr\u00e9ation de gabarits, et bien d\u2019autres projets.<\/p><h2>Productivit\u00e9 Optimis\u00e9e<\/h2><p><strong>Usinage Villeneuve<\/strong> maximise sa productivit\u00e9 en op\u00e9rant 18 heures par jour, 5 jours par semaine, avec la capacit\u00e9 d\u2019\u00e9tendre \u00e0 24 heures selon les besoins. Nos 25 employ\u00e9s sp\u00e9cialis\u00e9s b\u00e9n\u00e9ficient de formations continues pour perfectionner leurs comp\u00e9tences et rester \u00e0 la pointe des technologies et m\u00e9thodes d\u2019usinage.<\/p><h2>Contr\u00f4le de Qualit\u00e9 Rigoureux<\/h2><p>Nous appliquons un contr\u00f4le de qualit\u00e9 strict \u00e0 chaque \u00e9tape de fabrication, incluant l\u2019inspection, l\u2019identification des mat\u00e9riaux, et les proc\u00e9d\u00e9s d\u2019usinage. L\u2019utilisation d\u2019une machine de mesure par coordonn\u00e9es (CMM) assure une pr\u00e9cision accrue et minimise les erreurs, garantissant des produits finaux de la plus haute qualit\u00e9.<\/p><h2>Engagement vers l&rsquo;Accr\u00e9ditation ISO 9001<\/h2><p>En vue d&rsquo;obtenir l&rsquo;accr\u00e9ditation ISO 9001\/2008, <strong>Usinage Villeneuve<\/strong> est engag\u00e9 dans un processus continu d\u2019am\u00e9lioration. Nos m\u00e9thodes op\u00e9rationnelles sont d\u00e9j\u00e0 conformes aux normes de qualit\u00e9 internationales, t\u00e9moignant de notre engagement envers l\u2019excellence et la satisfaction client.<\/p>\t\t\t\t\t\t\t\t<\/div>\n\t\t\t\t<\/div>\n\t\t\t\t<\/div>\n\t\t<div class=\"elementor-element elementor-element-5a238dd9 e-con-full e-flex e-con e-child\" data-id=\"5a238dd9\" data-element_type=\"container\" data-settings=\"{&quot;background_background&quot;:&quot;classic&quot;,&quot;background_motion_fx_motion_fx_scrolling&quot;:&quot;yes&quot;,&quot;background_motion_fx_scale_effect&quot;:&quot;yes&quot;,&quot;background_motion_fx_scale_direction&quot;:&quot;in-out&quot;,&quot;background_motion_fx_scale_range&quot;:{&quot;unit&quot;:&quot;%&quot;,&quot;size&quot;:&quot;&quot;,&quot;sizes&quot;:{&quot;start&quot;:0,&quot;end&quot;:50}},&quot;background_motion_fx_scale_speed&quot;:{&quot;unit&quot;:&quot;px&quot;,&quot;size&quot;:4,&quot;sizes&quot;:[]},&quot;background_motion_fx_devices&quot;:[&quot;desktop&quot;,&quot;tablet&quot;,&quot;mobile&quot;]}\">\n\t\t\t\t<\/div>\n\t\t\t\t\t<\/div>\n\t\t\t\t<\/div>\n\t\t<div class=\"elementor-element elementor-element-131fac4f e-flex e-con-boxed e-con e-parent\" data-id=\"131fac4f\" data-element_type=\"container\">\n\t\t\t\t\t<div class=\"e-con-inner\">\n\t\t<div class=\"elementor-element elementor-element-5c477ecc e-con-full e-flex e-con e-child\" data-id=\"5c477ecc\" data-element_type=\"container\">\n\t\t\t\t<div class=\"elementor-element elementor-element-996f20f elementor-widget elementor-widget-heading\" data-id=\"996f20f\" data-element_type=\"widget\" data-widget_type=\"heading.default\">\n\t\t\t\t<div class=\"elementor-widget-container\">\n\t\t\t\t\t<h2 class=\"elementor-heading-title elementor-size-default\">C'est aussi \u00e7a!<\/h2>\t\t\t\t<\/div>\n\t\t\t\t<\/div>\n\t\t\t\t<div class=\"elementor-element elementor-element-3285c2a2 elementor-widget elementor-widget-text-editor\" data-id=\"3285c2a2\" data-element_type=\"widget\" data-widget_type=\"text-editor.default\">\n\t\t\t\t<div class=\"elementor-widget-container\">\n\t\t\t\t\t\t\t\t\t<h1>Usinage de Pr\u00e9cision avec \u00c9quipements de Pointe chez Usinage Villeneuve<\/h1><p>Notre processus d&rsquo;<strong>usinage<\/strong> tire parti d&rsquo;\u00e9quipements sophistiqu\u00e9s et pr\u00e9cis pour garantir une qualit\u00e9 sup\u00e9rieure dans la fabrication de pi\u00e8ces. Parmi nos machines-outils \u00e0 la pointe de la technologie, nous utilisons des <strong>machines \u00e0 contr\u00f4le num\u00e9rique de marque Mazak<\/strong>, les syst\u00e8mes de mesure <strong>CMM Mitutoyo<\/strong>, et le <strong>microm\u00e8tre optique 2D Keyence<\/strong>, reconnus pour leur haute pr\u00e9cision.<\/p><h2>\u00c9quipements d&rsquo;Usinage Avanc\u00e9s pour une Qualit\u00e9 In\u00e9gal\u00e9e<\/h2><p>L&rsquo;utilisation des meilleurs \u00e9quipements d&rsquo;usinage du march\u00e9, comme nos machines-outils \u00e0 contr\u00f4le num\u00e9rique, permet \u00e0 notre \u00e9quipe de fournir des services d&rsquo;usinage d&rsquo;une qualit\u00e9 in\u00e9gal\u00e9e. Notre engagement envers l&rsquo;excellence et la pr\u00e9cision se traduit par des pi\u00e8ces usin\u00e9es r\u00e9pondant aux tol\u00e9rances les plus strictes et aux sp\u00e9cifications les plus complexes de nos clients.<\/p><p>En choisissant Usinage Villeneuve pour vos besoins en usinage, vous b\u00e9n\u00e9ficiez d&rsquo;une expertise technique de premier plan et d&rsquo;un acc\u00e8s exclusif \u00e0 des technologies d&rsquo;usinage de pointe. Faites confiance \u00e0 notre savoir-faire pour r\u00e9aliser vos projets les plus ambitieux avec pr\u00e9cision et efficacit\u00e9.<\/p>\t\t\t\t\t\t\t\t<\/div>\n\t\t\t\t<\/div>\n\t\t\t\t<\/div>\n\t\t<div class=\"elementor-element elementor-element-7d8ac64d e-con-full e-flex e-con e-child\" data-id=\"7d8ac64d\" data-element_type=\"container\" data-settings=\"{&quot;background_background&quot;:&quot;classic&quot;,&quot;background_motion_fx_motion_fx_scrolling&quot;:&quot;yes&quot;,&quot;background_motion_fx_scale_effect&quot;:&quot;yes&quot;,&quot;background_motion_fx_scale_direction&quot;:&quot;in-out&quot;,&quot;background_motion_fx_scale_range&quot;:{&quot;unit&quot;:&quot;%&quot;,&quot;size&quot;:&quot;&quot;,&quot;sizes&quot;:{&quot;start&quot;:0,&quot;end&quot;:50}},&quot;background_motion_fx_scale_speed&quot;:{&quot;unit&quot;:&quot;px&quot;,&quot;size&quot;:4,&quot;sizes&quot;:[]},&quot;background_motion_fx_devices&quot;:[&quot;desktop&quot;,&quot;tablet&quot;,&quot;mobile&quot;]}\">\n\t\t\t\t<\/div>\n\t\t\t\t\t<\/div>\n\t\t\t\t<\/div>\n\t\t<div class=\"elementor-element elementor-element-684dc3b e-flex e-con-boxed e-con e-parent\" data-id=\"684dc3b\" data-element_type=\"container\">\n\t\t\t\t\t<div class=\"e-con-inner\">\n\t\t\t\t<div class=\"elementor-element elementor-element-8e38803 elementor-widget elementor-widget-spacer\" data-id=\"8e38803\" data-element_type=\"widget\" data-widget_type=\"spacer.default\">\n\t\t\t\t<div class=\"elementor-widget-container\">\n\t\t\t\t\t\t\t<div class=\"elementor-spacer\">\n\t\t\t<div class=\"elementor-spacer-inner\"><\/div>\n\t\t<\/div>\n\t\t\t\t\t\t<\/div>\n\t\t\t\t<\/div>\n\t\t\t\t\t<\/div>\n\t\t\t\t<\/div>\n\t\t\t\t<\/div>","protected":false},"excerpt":{"rendered":"<p>Usinage Villeneuve c&rsquo;est tout \u00e7a! Une \u00e9quipe hors paire, une entreprise d\u00e9vou\u00e9e et de l&rsquo;expertise in\u00e9gal\u00e9e. Usinage Villeneuve c&rsquo;est eux! Usinage de Pr\u00e9cision par Usinage Villeneuve Usinage Villeneuve se positionne comme un leader incontest\u00e9 dans le domaine de l\u2019usinage de pi\u00e8ces de haute pr\u00e9cision. Situ\u00e9 \u00e0 Ste-Anne-des-Plaines dans la r\u00e9gion des Laurentides, notre atelier d\u2019usinage [&hellip;]<\/p>","protected":false},"author":1,"featured_media":2320,"parent":0,"menu_order":0,"comment_status":"closed","ping_status":"closed","template":"elementor_header_footer","meta":{"footnotes":""},"class_list":["post-2169","page","type-page","status-publish","has-post-thumbnail","hentry"],"yoast_head":"<!-- This site is optimized with the Yoast SEO plugin v24.8.1 - https:\/\/yoast.com\/wordpress\/plugins\/seo\/ -->\n<title>\u00c0 propos - Usinage Villeneuve<\/title>\n<meta name=\"robots\" content=\"index, follow, max-snippet:-1, max-image-preview:large, max-video-preview:-1\" \/>\n<link rel=\"canonical\" href=\"https:\/\/usinagevilleneuve.com\/en\/a-propos\/\" \/>\n<meta property=\"og:locale\" content=\"en_US\" \/>\n<meta property=\"og:type\" content=\"article\" \/>\n<meta property=\"og:title\" content=\"\u00c0 propos - Usinage Villeneuve\" \/>\n<meta property=\"og:description\" content=\"Usinage Villeneuve c&rsquo;est tout \u00e7a! Une \u00e9quipe hors paire, une entreprise d\u00e9vou\u00e9e et de l&rsquo;expertise in\u00e9gal\u00e9e. Usinage Villeneuve c&rsquo;est eux! Usinage de Pr\u00e9cision par Usinage Villeneuve Usinage Villeneuve se positionne comme un leader incontest\u00e9 dans le domaine de l\u2019usinage de pi\u00e8ces de haute pr\u00e9cision. Situ\u00e9 \u00e0 Ste-Anne-des-Plaines dans la r\u00e9gion des Laurentides, notre atelier d\u2019usinage [&hellip;]\" \/>\n<meta property=\"og:url\" content=\"https:\/\/usinagevilleneuve.com\/en\/a-propos\/\" \/>\n<meta property=\"og:site_name\" content=\"Usinage Villeneuve\" \/>\n<meta property=\"article:modified_time\" content=\"2024-04-24T19:19:59+00:00\" \/>\n<meta property=\"og:image\" content=\"https:\/\/usinagevilleneuve.com\/wp-content\/uploads\/2024\/02\/Usinage_villeneuve_outillage.jpg\" \/>\n\t<meta property=\"og:image:width\" content=\"863\" \/>\n\t<meta property=\"og:image:height\" content=\"960\" \/>\n\t<meta property=\"og:image:type\" content=\"image\/jpeg\" \/>\n<meta name=\"twitter:card\" content=\"summary_large_image\" \/>\n<meta name=\"twitter:label1\" content=\"Est. reading time\" \/>\n\t<meta name=\"twitter:data1\" content=\"3 minutes\" \/>\n<script type=\"application\/ld+json\" class=\"yoast-schema-graph\">{\"@context\":\"https:\/\/schema.org\",\"@graph\":[{\"@type\":\"WebPage\",\"@id\":\"https:\/\/usinagevilleneuve.com\/a-propos\/\",\"url\":\"https:\/\/usinagevilleneuve.com\/a-propos\/\",\"name\":\"\u00c0 propos - Usinage Villeneuve\",\"isPartOf\":{\"@id\":\"https:\/\/usinagevilleneuve.com\/#website\"},\"primaryImageOfPage\":{\"@id\":\"https:\/\/usinagevilleneuve.com\/a-propos\/#primaryimage\"},\"image\":{\"@id\":\"https:\/\/usinagevilleneuve.com\/a-propos\/#primaryimage\"},\"thumbnailUrl\":\"https:\/\/usinagevilleneuve.com\/wp-content\/uploads\/2024\/02\/Usinage_villeneuve_outillage.jpg\",\"datePublished\":\"2024-02-23T23:02:01+00:00\",\"dateModified\":\"2024-04-24T19:19:59+00:00\",\"breadcrumb\":{\"@id\":\"https:\/\/usinagevilleneuve.com\/a-propos\/#breadcrumb\"},\"inLanguage\":\"en-CA\",\"potentialAction\":[{\"@type\":\"ReadAction\",\"target\":[\"https:\/\/usinagevilleneuve.com\/a-propos\/\"]}]},{\"@type\":\"ImageObject\",\"inLanguage\":\"en-CA\",\"@id\":\"https:\/\/usinagevilleneuve.com\/a-propos\/#primaryimage\",\"url\":\"https:\/\/usinagevilleneuve.com\/wp-content\/uploads\/2024\/02\/Usinage_villeneuve_outillage.jpg\",\"contentUrl\":\"https:\/\/usinagevilleneuve.com\/wp-content\/uploads\/2024\/02\/Usinage_villeneuve_outillage.jpg\",\"width\":863,\"height\":960,\"caption\":\"Usinage Villeneuve \u00e9quipement\"},{\"@type\":\"BreadcrumbList\",\"@id\":\"https:\/\/usinagevilleneuve.com\/a-propos\/#breadcrumb\",\"itemListElement\":[{\"@type\":\"ListItem\",\"position\":1,\"name\":\"Accueil\",\"item\":\"https:\/\/usinagevilleneuve.com\/\"},{\"@type\":\"ListItem\",\"position\":2,\"name\":\"\u00c0 propos\"}]},{\"@type\":\"WebSite\",\"@id\":\"https:\/\/usinagevilleneuve.com\/#website\",\"url\":\"https:\/\/usinagevilleneuve.com\/\",\"name\":\"Usinage Villeneuve\",\"description\":\"Expertise in\u00e9gal\u00e9e en usiange\",\"publisher\":{\"@id\":\"https:\/\/usinagevilleneuve.com\/#organization\"},\"potentialAction\":[{\"@type\":\"SearchAction\",\"target\":{\"@type\":\"EntryPoint\",\"urlTemplate\":\"https:\/\/usinagevilleneuve.com\/?s={search_term_string}\"},\"query-input\":{\"@type\":\"PropertyValueSpecification\",\"valueRequired\":true,\"valueName\":\"search_term_string\"}}],\"inLanguage\":\"en-CA\"},{\"@type\":\"Organization\",\"@id\":\"https:\/\/usinagevilleneuve.com\/#organization\",\"name\":\"Usinage Villeneuve\",\"url\":\"https:\/\/usinagevilleneuve.com\/\",\"logo\":{\"@type\":\"ImageObject\",\"inLanguage\":\"en-CA\",\"@id\":\"https:\/\/usinagevilleneuve.com\/#\/schema\/logo\/image\/\",\"url\":\"https:\/\/usinagevilleneuve.com\/wp-content\/uploads\/2024\/02\/logo-usinage-iso.png\",\"contentUrl\":\"https:\/\/usinagevilleneuve.com\/wp-content\/uploads\/2024\/02\/logo-usinage-iso.png\",\"width\":1000,\"height\":500,\"caption\":\"Usinage Villeneuve\"},\"image\":{\"@id\":\"https:\/\/usinagevilleneuve.com\/#\/schema\/logo\/image\/\"}}]}<\/script>\n<!-- \/ Yoast SEO plugin. -->","yoast_head_json":{"title":"\u00c0 propos - Usinage Villeneuve","robots":{"index":"index","follow":"follow","max-snippet":"max-snippet:-1","max-image-preview":"max-image-preview:large","max-video-preview":"max-video-preview:-1"},"canonical":"https:\/\/usinagevilleneuve.com\/en\/a-propos\/","og_locale":"en_US","og_type":"article","og_title":"\u00c0 propos - Usinage Villeneuve","og_description":"Usinage Villeneuve c&rsquo;est tout \u00e7a! Une \u00e9quipe hors paire, une entreprise d\u00e9vou\u00e9e et de l&rsquo;expertise in\u00e9gal\u00e9e. Usinage Villeneuve c&rsquo;est eux! Usinage de Pr\u00e9cision par Usinage Villeneuve Usinage Villeneuve se positionne comme un leader incontest\u00e9 dans le domaine de l\u2019usinage de pi\u00e8ces de haute pr\u00e9cision. Situ\u00e9 \u00e0 Ste-Anne-des-Plaines dans la r\u00e9gion des Laurentides, notre atelier d\u2019usinage [&hellip;]","og_url":"https:\/\/usinagevilleneuve.com\/en\/a-propos\/","og_site_name":"Usinage Villeneuve","article_modified_time":"2024-04-24T19:19:59+00:00","og_image":[{"width":863,"height":960,"url":"https:\/\/usinagevilleneuve.com\/wp-content\/uploads\/2024\/02\/Usinage_villeneuve_outillage.jpg","type":"image\/jpeg"}],"twitter_card":"summary_large_image","twitter_misc":{"Est. reading time":"3 minutes"},"schema":{"@context":"https:\/\/schema.org","@graph":[{"@type":"WebPage","@id":"https:\/\/usinagevilleneuve.com\/a-propos\/","url":"https:\/\/usinagevilleneuve.com\/a-propos\/","name":"\u00c0 propos - Usinage Villeneuve","isPartOf":{"@id":"https:\/\/usinagevilleneuve.com\/#website"},"primaryImageOfPage":{"@id":"https:\/\/usinagevilleneuve.com\/a-propos\/#primaryimage"},"image":{"@id":"https:\/\/usinagevilleneuve.com\/a-propos\/#primaryimage"},"thumbnailUrl":"https:\/\/usinagevilleneuve.com\/wp-content\/uploads\/2024\/02\/Usinage_villeneuve_outillage.jpg","datePublished":"2024-02-23T23:02:01+00:00","dateModified":"2024-04-24T19:19:59+00:00","breadcrumb":{"@id":"https:\/\/usinagevilleneuve.com\/a-propos\/#breadcrumb"},"inLanguage":"en-CA","potentialAction":[{"@type":"ReadAction","target":["https:\/\/usinagevilleneuve.com\/a-propos\/"]}]},{"@type":"ImageObject","inLanguage":"en-CA","@id":"https:\/\/usinagevilleneuve.com\/a-propos\/#primaryimage","url":"https:\/\/usinagevilleneuve.com\/wp-content\/uploads\/2024\/02\/Usinage_villeneuve_outillage.jpg","contentUrl":"https:\/\/usinagevilleneuve.com\/wp-content\/uploads\/2024\/02\/Usinage_villeneuve_outillage.jpg","width":863,"height":960,"caption":"Usinage Villeneuve \u00e9quipement"},{"@type":"BreadcrumbList","@id":"https:\/\/usinagevilleneuve.com\/a-propos\/#breadcrumb","itemListElement":[{"@type":"ListItem","position":1,"name":"Accueil","item":"https:\/\/usinagevilleneuve.com\/"},{"@type":"ListItem","position":2,"name":"\u00c0 propos"}]},{"@type":"WebSite","@id":"https:\/\/usinagevilleneuve.com\/#website","url":"https:\/\/usinagevilleneuve.com\/","name":"Usinage Villeneuve","description":"Expertise in\u00e9gal\u00e9e en usiange","publisher":{"@id":"https:\/\/usinagevilleneuve.com\/#organization"},"potentialAction":[{"@type":"SearchAction","target":{"@type":"EntryPoint","urlTemplate":"https:\/\/usinagevilleneuve.com\/?s={search_term_string}"},"query-input":{"@type":"PropertyValueSpecification","valueRequired":true,"valueName":"search_term_string"}}],"inLanguage":"en-CA"},{"@type":"Organization","@id":"https:\/\/usinagevilleneuve.com\/#organization","name":"Usinage Villeneuve","url":"https:\/\/usinagevilleneuve.com\/","logo":{"@type":"ImageObject","inLanguage":"en-CA","@id":"https:\/\/usinagevilleneuve.com\/#\/schema\/logo\/image\/","url":"https:\/\/usinagevilleneuve.com\/wp-content\/uploads\/2024\/02\/logo-usinage-iso.png","contentUrl":"https:\/\/usinagevilleneuve.com\/wp-content\/uploads\/2024\/02\/logo-usinage-iso.png","width":1000,"height":500,"caption":"Usinage Villeneuve"},"image":{"@id":"https:\/\/usinagevilleneuve.com\/#\/schema\/logo\/image\/"}}]}},"_links":{"self":[{"href":"https:\/\/usinagevilleneuve.com\/en\/wp-json\/wp\/v2\/pages\/2169","targetHints":{"allow":["GET"]}}],"collection":[{"href":"https:\/\/usinagevilleneuve.com\/en\/wp-json\/wp\/v2\/pages"}],"about":[{"href":"https:\/\/usinagevilleneuve.com\/en\/wp-json\/wp\/v2\/types\/page"}],"author":[{"embeddable":true,"href":"https:\/\/usinagevilleneuve.com\/en\/wp-json\/wp\/v2\/users\/1"}],"replies":[{"embeddable":true,"href":"https:\/\/usinagevilleneuve.com\/en\/wp-json\/wp\/v2\/comments?post=2169"}],"version-history":[{"count":47,"href":"https:\/\/usinagevilleneuve.com\/en\/wp-json\/wp\/v2\/pages\/2169\/revisions"}],"predecessor-version":[{"id":3248,"href":"https:\/\/usinagevilleneuve.com\/en\/wp-json\/wp\/v2\/pages\/2169\/revisions\/3248"}],"wp:featuredmedia":[{"embeddable":true,"href":"https:\/\/usinagevilleneuve.com\/en\/wp-json\/wp\/v2\/media\/2320"}],"wp:attachment":[{"href":"https:\/\/usinagevilleneuve.com\/en\/wp-json\/wp\/v2\/media?parent=2169"}],"curies":[{"name":"wp","href":"https:\/\/api.w.org\/{rel}","templated":true}]}}