{"id":2404,"date":"2024-02-25T12:37:33","date_gmt":"2024-02-25T17:37:33","guid":{"rendered":"https:\/\/usinagevilleneuve.com\/?page_id=2404"},"modified":"2024-04-24T10:35:31","modified_gmt":"2024-04-24T15:35:31","slug":"nos-services-dusinage","status":"publish","type":"page","link":"https:\/\/usinagevilleneuve.com\/en\/nos-services-dusinage\/","title":{"rendered":"Nos services d&rsquo;usinage"},"content":{"rendered":"<div data-elementor-type=\"wp-page\" data-elementor-id=\"2404\" class=\"elementor elementor-2404\" data-elementor-post-type=\"page\">\n\t\t\t\t<div class=\"elementor-element elementor-element-1e96eb65 e-con-full e-flex e-con e-parent\" data-id=\"1e96eb65\" data-element_type=\"container\">\n\t\t<div class=\"elementor-element elementor-element-20ea8f36 e-con-full e-flex e-con e-child\" data-id=\"20ea8f36\" data-element_type=\"container\" data-settings=\"{&quot;background_background&quot;:&quot;classic&quot;}\">\n\t\t\t\t<\/div>\n\t\t<div class=\"elementor-element elementor-element-77fd462a e-con-full e-flex e-con e-child\" data-id=\"77fd462a\" data-element_type=\"container\" data-settings=\"{&quot;background_background&quot;:&quot;classic&quot;}\">\n\t\t\t\t<div class=\"elementor-element elementor-element-65e21964 elementor-cta--skin-classic elementor-animated-content elementor-bg-transform elementor-bg-transform-zoom-in elementor-widget elementor-widget-call-to-action\" data-id=\"65e21964\" data-element_type=\"widget\" data-widget_type=\"call-to-action.default\">\n\t\t\t\t<div class=\"elementor-widget-container\">\n\t\t\t\t\t\t\t<div class=\"elementor-cta\">\n\t\t\t\t\t\t\t<div class=\"elementor-cta__content\">\n\t\t\t\t\n\t\t\t\t\t\t\t\t\t<h1 class=\"elementor-cta__title elementor-cta__content-item elementor-content-item\">\n\t\t\t\t\t\tNos services d'usinages\t\t\t\t\t<\/h1>\n\t\t\t\t\n\t\t\t\t\t\t\t\t\t<div class=\"elementor-cta__description elementor-cta__content-item elementor-content-item\">\n\t\t\t\t\t\tDes services d'usinage op\u00e9r\u00e9s par une \u00e9quipe chevronn\u00e9e.  Nos services sont offerts aux petites, moyennes et grandes entreprises.\t\t\t\t\t<\/div>\n\t\t\t\t\n\t\t\t\t\t\t\t<\/div>\n\t\t\t\t\t\t<\/div>\n\t\t\t\t\t\t<\/div>\n\t\t\t\t<\/div>\n\t\t\t\t<\/div>\n\t\t\t\t<\/div>\n\t\t<div class=\"elementor-element elementor-element-9f0f326 e-flex e-con-boxed e-con e-parent\" data-id=\"9f0f326\" data-element_type=\"container\" data-settings=\"{&quot;background_background&quot;:&quot;classic&quot;}\">\n\t\t\t\t\t<div class=\"e-con-inner\">\n\t\t\t\t<div class=\"elementor-element elementor-element-501f6d0 elementor-posts--thumbnail-none elementor-grid-3 elementor-grid-tablet-2 elementor-grid-mobile-1 elementor-card-shadow-yes elementor-posts__hover-gradient elementor-widget elementor-widget-posts\" data-id=\"501f6d0\" data-element_type=\"widget\" data-settings=\"{&quot;cards_columns&quot;:&quot;3&quot;,&quot;cards_columns_tablet&quot;:&quot;2&quot;,&quot;cards_columns_mobile&quot;:&quot;1&quot;,&quot;cards_row_gap&quot;:{&quot;unit&quot;:&quot;px&quot;,&quot;size&quot;:35,&quot;sizes&quot;:[]},&quot;cards_row_gap_tablet&quot;:{&quot;unit&quot;:&quot;px&quot;,&quot;size&quot;:&quot;&quot;,&quot;sizes&quot;:[]},&quot;cards_row_gap_mobile&quot;:{&quot;unit&quot;:&quot;px&quot;,&quot;size&quot;:&quot;&quot;,&quot;sizes&quot;:[]}}\" data-widget_type=\"posts.cards\">\n\t\t\t\t<div class=\"elementor-widget-container\">\n\t\t\t\t\t\t\t<div class=\"elementor-posts-container elementor-posts elementor-posts--skin-cards elementor-grid\">\n\t\t\t\t<article class=\"elementor-post elementor-grid-item post-2845 page type-page status-publish hentry\">\n\t\t\t<div class=\"elementor-post__card\">\n\t\t\t\t<div class=\"elementor-post__text\">\n\t\t\t\t<h3 class=\"elementor-post__title\">\n\t\t\t<a href=\"https:\/\/usinagevilleneuve.com\/en\/nos-services-dusinage\/coupe-au-fil-wire-edm\/\" >\n\t\t\t\tCoupe au Fil (Wire EDM)\t\t\t<\/a>\n\t\t<\/h3>\n\t\t\t\t<div class=\"elementor-post__excerpt\">\n\t\t\t<p>La coupe au fil (Wire EDM) offre une pr\u00e9cision et une fiabilit\u00e9 exceptionnelles pour la fabrication de pi\u00e8ces complexes, id\u00e9ale pour des mat\u00e9riaux conducteurs tels que l&rsquo;acier et l&rsquo;aluminium. Ce proc\u00e9d\u00e9 avanc\u00e9 est crucial pour cr\u00e9er des poin\u00e7ons, des matrices, et d&rsquo;autres composants de haute pr\u00e9cision dans diverses industries.<\/p>\n\t\t<\/div>\n\t\t\n\t\t<a class=\"elementor-post__read-more\" href=\"https:\/\/usinagevilleneuve.com\/en\/nos-services-dusinage\/coupe-au-fil-wire-edm\/\" aria-label=\"Read more about Coupe au Fil (Wire EDM)\" tabindex=\"-1\" >\n\t\t\tLire la suite \u00bb\t\t<\/a>\n\n\t\t\t\t<\/div>\n\t\t\t\t\t<\/div>\n\t\t<\/article>\n\t\t\t\t<article class=\"elementor-post elementor-grid-item post-2834 page type-page status-publish hentry\">\n\t\t\t<div class=\"elementor-post__card\">\n\t\t\t\t<div class=\"elementor-post__text\">\n\t\t\t\t<h3 class=\"elementor-post__title\">\n\t\t\t<a href=\"https:\/\/usinagevilleneuve.com\/en\/nos-services-dusinage\/service-dassemblage-de-pieces\/\" >\n\t\t\t\tService d&rsquo;assemblage de Pi\u00e8ces\t\t\t<\/a>\n\t\t<\/h3>\n\t\t\t\t<div class=\"elementor-post__excerpt\">\n\t\t\t<p>L&rsquo;importation de m\u00e9taux pour la fabrication de pi\u00e8ces assure l&rsquo;acc\u00e8s \u00e0 des mat\u00e9riaux sp\u00e9cifiques n\u00e9cessaires \u00e0 la r\u00e9alisation de vos projets, avec un r\u00e9seau global de fournisseurs garantissant qualit\u00e9 et efficacit\u00e9. Nous simplifions votre approvisionnement pour vous permettre de vous concentrer sur la production sans souci.<\/p>\n\t\t<\/div>\n\t\t\n\t\t<a class=\"elementor-post__read-more\" href=\"https:\/\/usinagevilleneuve.com\/en\/nos-services-dusinage\/service-dassemblage-de-pieces\/\" aria-label=\"Read more about Service d&rsquo;assemblage de Pi\u00e8ces\" tabindex=\"-1\" >\n\t\t\tLire la suite \u00bb\t\t<\/a>\n\n\t\t\t\t<\/div>\n\t\t\t\t\t<\/div>\n\t\t<\/article>\n\t\t\t\t<article class=\"elementor-post elementor-grid-item post-2827 page type-page status-publish hentry\">\n\t\t\t<div class=\"elementor-post__card\">\n\t\t\t\t<div class=\"elementor-post__text\">\n\t\t\t\t<h3 class=\"elementor-post__title\">\n\t\t\t<a href=\"https:\/\/usinagevilleneuve.com\/en\/nos-services-dusinage\/traitement-thermique-des-metaux\/\" >\n\t\t\t\tMetal Heat Treatment\t\t\t<\/a>\n\t\t<\/h3>\n\t\t\t\t<div class=\"elementor-post__excerpt\">\n\t\t\t<p>Le traitement thermique des m\u00e9taux, incluant des processus comme la trempe, modifie les propri\u00e9t\u00e9s physiques des mat\u00e9riaux pour am\u00e9liorer leur r\u00e9sistance m\u00e9canique, mall\u00e9abilit\u00e9 et aptitude \u00e0 la d\u00e9formation plastique. Cette technique essentielle permet d&rsquo;optimiser les performances des composants m\u00e9talliques pour une large gamme d&rsquo;applications industrielles.<\/p>\n\t\t<\/div>\n\t\t\n\t\t<a class=\"elementor-post__read-more\" href=\"https:\/\/usinagevilleneuve.com\/en\/nos-services-dusinage\/traitement-thermique-des-metaux\/\" aria-label=\"Read more about Traitement thermique des m\u00e9taux\" tabindex=\"-1\" >\n\t\t\tLire la suite \u00bb\t\t<\/a>\n\n\t\t\t\t<\/div>\n\t\t\t\t\t<\/div>\n\t\t<\/article>\n\t\t\t\t<article class=\"elementor-post elementor-grid-item post-2809 page type-page status-publish hentry\">\n\t\t\t<div class=\"elementor-post__card\">\n\t\t\t\t<div class=\"elementor-post__text\">\n\t\t\t\t<h3 class=\"elementor-post__title\">\n\t\t\t<a href=\"https:\/\/usinagevilleneuve.com\/en\/nos-services-dusinage\/controle-de-qualite-et-dinspection-specifique\/\" >\n\t\t\t\tContr\u00f4le de qualit\u00e9 et d&rsquo;inspection sp\u00e9cifique\t\t\t<\/a>\n\t\t<\/h3>\n\t\t\t\t<div class=\"elementor-post__excerpt\">\n\t\t\t<p>L&rsquo;inspection sp\u00e9cifique d&rsquo;usinage est un  processus critique assure la fiabilit\u00e9 et la performance des composants dans des secteurs exigeants tels que l&rsquo;a\u00e9rospatiale, l&rsquo;automobile et le m\u00e9dical.<\/p>\n\t\t<\/div>\n\t\t\n\t\t<a class=\"elementor-post__read-more\" href=\"https:\/\/usinagevilleneuve.com\/en\/nos-services-dusinage\/controle-de-qualite-et-dinspection-specifique\/\" aria-label=\"Read more about Contr\u00f4le de qualit\u00e9 et d&rsquo;inspection sp\u00e9cifique\" tabindex=\"-1\" >\n\t\t\tLire la suite \u00bb\t\t<\/a>\n\n\t\t\t\t<\/div>\n\t\t\t\t\t<\/div>\n\t\t<\/article>\n\t\t\t\t<article class=\"elementor-post elementor-grid-item post-2800 page type-page status-publish hentry\">\n\t\t\t<div class=\"elementor-post__card\">\n\t\t\t\t<div class=\"elementor-post__text\">\n\t\t\t\t<h3 class=\"elementor-post__title\">\n\t\t\t<a href=\"https:\/\/usinagevilleneuve.com\/en\/nos-services-dusinage\/service-de-pliage-de-metaux\/\" >\n\t\t\t\tService de pliage de m\u00e9taux\t\t\t<\/a>\n\t\t<\/h3>\n\t\t\t\t<div class=\"elementor-post__excerpt\">\n\t\t\t<p>Le pliage de m\u00e9taux est un processus de fabrication essentiel qui utilise une presse plieuse pour former des pi\u00e8ces m\u00e9talliques selon des angles et des dimensions sp\u00e9cifiques. Cette technique permet de cr\u00e9er des composants pr\u00e9cis pour diverses applications industrielles, allant de la construction \u00e0 l&rsquo;a\u00e9ronautique<\/p>\n\t\t<\/div>\n\t\t\n\t\t<a class=\"elementor-post__read-more\" href=\"https:\/\/usinagevilleneuve.com\/en\/nos-services-dusinage\/service-de-pliage-de-metaux\/\" aria-label=\"Read more about Service de pliage de m\u00e9taux\" tabindex=\"-1\" >\n\t\t\tLire la suite \u00bb\t\t<\/a>\n\n\t\t\t\t<\/div>\n\t\t\t\t\t<\/div>\n\t\t<\/article>\n\t\t\t\t<article class=\"elementor-post elementor-grid-item post-2792 page type-page status-publish has-post-thumbnail hentry\">\n\t\t\t<div class=\"elementor-post__card\">\n\t\t\t\t<div class=\"elementor-post__text\">\n\t\t\t\t<h3 class=\"elementor-post__title\">\n\t\t\t<a href=\"https:\/\/usinagevilleneuve.com\/en\/nos-services-dusinage\/service-de-traitement-de-surface\/\" >\n\t\t\t\tSurface Treatment Service\t\t\t<\/a>\n\t\t<\/h3>\n\t\t\t\t<div class=\"elementor-post__excerpt\">\n\t\t\t<p>Service de traitement de<\/p>\n\t\t<\/div>\n\t\t\n\t\t<a class=\"elementor-post__read-more\" href=\"https:\/\/usinagevilleneuve.com\/en\/nos-services-dusinage\/service-de-traitement-de-surface\/\" aria-label=\"Read more about Service de traitement de surface\" tabindex=\"-1\" >\n\t\t\tLire la suite \u00bb\t\t<\/a>\n\n\t\t\t\t<\/div>\n\t\t\t\t\t<\/div>\n\t\t<\/article>\n\t\t\t\t<article class=\"elementor-post elementor-grid-item post-2779 page type-page status-publish has-post-thumbnail hentry\">\n\t\t\t<div class=\"elementor-post__card\">\n\t\t\t\t<div class=\"elementor-post__text\">\n\t\t\t\t<h3 class=\"elementor-post__title\">\n\t\t\t<a href=\"https:\/\/usinagevilleneuve.com\/en\/nos-services-dusinage\/service-de-soudure-de-pieces\/\" >\n\t\t\t\tService de soudure de pi\u00e8ces\t\t\t<\/a>\n\t\t<\/h3>\n\t\t\t\t<div class=\"elementor-post__excerpt\">\n\t\t\t<p>Service de soudure La<\/p>\n\t\t<\/div>\n\t\t\n\t\t<a class=\"elementor-post__read-more\" href=\"https:\/\/usinagevilleneuve.com\/en\/nos-services-dusinage\/service-de-soudure-de-pieces\/\" aria-label=\"Read more about Service de soudure de pi\u00e8ces\" tabindex=\"-1\" >\n\t\t\tLire la suite \u00bb\t\t<\/a>\n\n\t\t\t\t<\/div>\n\t\t\t\t\t<\/div>\n\t\t<\/article>\n\t\t\t\t<article class=\"elementor-post elementor-grid-item post-2764 page type-page status-publish hentry\">\n\t\t\t<div class=\"elementor-post__card\">\n\t\t\t\t<div class=\"elementor-post__text\">\n\t\t\t\t<h3 class=\"elementor-post__title\">\n\t\t\t<a href=\"https:\/\/usinagevilleneuve.com\/en\/nos-services-dusinage\/service-de-peinture-de-pieces-en-usine\/\" >\n\t\t\t\tService de peinture de pi\u00e8ces en usine\t\t\t<\/a>\n\t\t<\/h3>\n\t\t\t\t<div class=\"elementor-post__excerpt\">\n\t\t\t<p>La peinture de pi\u00e8ces usin\u00e9es joue un r\u00f4le crucial dans l&rsquo;am\u00e9lioration de l&rsquo;esth\u00e9tique, la protection contre les \u00e9l\u00e9ments, et la fonctionnalit\u00e9 des composants manufactur\u00e9s.<\/p>\n\t\t<\/div>\n\t\t\n\t\t<a class=\"elementor-post__read-more\" href=\"https:\/\/usinagevilleneuve.com\/en\/nos-services-dusinage\/service-de-peinture-de-pieces-en-usine\/\" aria-label=\"Read more about Service de peinture de pi\u00e8ces en usine\" tabindex=\"-1\" >\n\t\t\tLire la suite \u00bb\t\t<\/a>\n\n\t\t\t\t<\/div>\n\t\t\t\t\t<\/div>\n\t\t<\/article>\n\t\t\t\t<article class=\"elementor-post elementor-grid-item post-2716 page type-page status-publish has-post-thumbnail hentry\">\n\t\t\t<div class=\"elementor-post__card\">\n\t\t\t\t<div class=\"elementor-post__text\">\n\t\t\t\t<h3 class=\"elementor-post__title\">\n\t\t\t<a href=\"https:\/\/usinagevilleneuve.com\/en\/nos-services-dusinage\/service-de-prototypage\/\" >\n\t\t\t\tPrototyping Service\t\t\t<\/a>\n\t\t<\/h3>\n\t\t\t\t<div class=\"elementor-post__excerpt\">\n\t\t\t<p>Prototypage Nos ing\u00e9nieurs peuvent<\/p>\n\t\t<\/div>\n\t\t\n\t\t<a class=\"elementor-post__read-more\" href=\"https:\/\/usinagevilleneuve.com\/en\/nos-services-dusinage\/service-de-prototypage\/\" aria-label=\"Read more about Service de Prototypage\" tabindex=\"-1\" >\n\t\t\tLire la suite \u00bb\t\t<\/a>\n\n\t\t\t\t<\/div>\n\t\t\t\t\t<\/div>\n\t\t<\/article>\n\t\t\t\t<article class=\"elementor-post elementor-grid-item post-2711 page type-page status-publish has-post-thumbnail hentry\">\n\t\t\t<div class=\"elementor-post__card\">\n\t\t\t\t<div class=\"elementor-post__text\">\n\t\t\t\t<h3 class=\"elementor-post__title\">\n\t\t\t<a href=\"https:\/\/usinagevilleneuve.com\/en\/nos-services-dusinage\/usinage-swiss-type\/\" >\n\t\t\t\tUsinage Swiss Type\t\t\t<\/a>\n\t\t<\/h3>\n\t\t\t\t<div class=\"elementor-post__excerpt\">\n\t\t\t<p>L&rsquo;usinage type swiss est unique en son genre pour son style d\u2019usinage de tour \u00e0 pi\u00e8ces coulissantes.<\/p>\n\t\t<\/div>\n\t\t\n\t\t<a class=\"elementor-post__read-more\" href=\"https:\/\/usinagevilleneuve.com\/en\/nos-services-dusinage\/usinage-swiss-type\/\" aria-label=\"Read more about Usinage Swiss Type\" tabindex=\"-1\" >\n\t\t\tLire la suite \u00bb\t\t<\/a>\n\n\t\t\t\t<\/div>\n\t\t\t\t\t<\/div>\n\t\t<\/article>\n\t\t\t\t<\/div>\n\t\t\n\t\t\t\t\t\t<\/div>\n\t\t\t\t<\/div>\n\t\t\t\t\t<\/div>\n\t\t\t\t<\/div>\n\t\t\t\t<\/div>","protected":false},"excerpt":{"rendered":"<p>Nos services d&rsquo;usinages Des services d&rsquo;usinage op\u00e9r\u00e9s par une \u00e9quipe chevronn\u00e9e. Nos services sont offerts aux petites, moyennes et grandes entreprises.<\/p>","protected":false},"author":1,"featured_media":2317,"parent":0,"menu_order":0,"comment_status":"closed","ping_status":"closed","template":"elementor_header_footer","meta":{"footnotes":""},"class_list":["post-2404","page","type-page","status-publish","has-post-thumbnail","hentry"],"yoast_head":"<!-- This site is optimized with the Yoast SEO plugin v24.8.1 - https:\/\/yoast.com\/wordpress\/plugins\/seo\/ -->\n<title>Nos services d&#039;usinage - Usinage Villeneuve<\/title>\n<meta name=\"robots\" content=\"index, follow, max-snippet:-1, max-image-preview:large, max-video-preview:-1\" \/>\n<link rel=\"canonical\" href=\"https:\/\/usinagevilleneuve.com\/en\/nos-services-dusinage\/\" \/>\n<meta property=\"og:locale\" content=\"en_US\" \/>\n<meta property=\"og:type\" content=\"article\" \/>\n<meta property=\"og:title\" content=\"Nos services d&#039;usinage - Usinage Villeneuve\" \/>\n<meta property=\"og:description\" content=\"Nos services d&rsquo;usinages Des services d&rsquo;usinage op\u00e9r\u00e9s par une \u00e9quipe chevronn\u00e9e. Nos services sont offerts aux petites, moyennes et grandes entreprises.\" \/>\n<meta property=\"og:url\" content=\"https:\/\/usinagevilleneuve.com\/en\/nos-services-dusinage\/\" \/>\n<meta property=\"og:site_name\" content=\"Usinage Villeneuve\" \/>\n<meta property=\"article:modified_time\" content=\"2024-04-24T15:35:31+00:00\" \/>\n<meta property=\"og:image\" content=\"https:\/\/usinagevilleneuve.com\/wp-content\/uploads\/2024\/02\/image-plan-1024x575.png\" \/>\n\t<meta property=\"og:image:width\" content=\"1024\" \/>\n\t<meta property=\"og:image:height\" content=\"575\" \/>\n\t<meta property=\"og:image:type\" content=\"image\/png\" \/>\n<meta name=\"twitter:card\" content=\"summary_large_image\" \/>\n<meta name=\"twitter:label1\" content=\"Est. reading time\" \/>\n\t<meta name=\"twitter:data1\" content=\"4 minutes\" \/>\n<script type=\"application\/ld+json\" class=\"yoast-schema-graph\">{\"@context\":\"https:\/\/schema.org\",\"@graph\":[{\"@type\":\"WebPage\",\"@id\":\"https:\/\/usinagevilleneuve.com\/nos-services-dusinage\/\",\"url\":\"https:\/\/usinagevilleneuve.com\/nos-services-dusinage\/\",\"name\":\"Nos services d'usinage - Usinage Villeneuve\",\"isPartOf\":{\"@id\":\"https:\/\/usinagevilleneuve.com\/#website\"},\"primaryImageOfPage\":{\"@id\":\"https:\/\/usinagevilleneuve.com\/nos-services-dusinage\/#primaryimage\"},\"image\":{\"@id\":\"https:\/\/usinagevilleneuve.com\/nos-services-dusinage\/#primaryimage\"},\"thumbnailUrl\":\"https:\/\/usinagevilleneuve.com\/wp-content\/uploads\/2024\/02\/image-plan.png\",\"datePublished\":\"2024-02-25T17:37:33+00:00\",\"dateModified\":\"2024-04-24T15:35:31+00:00\",\"breadcrumb\":{\"@id\":\"https:\/\/usinagevilleneuve.com\/nos-services-dusinage\/#breadcrumb\"},\"inLanguage\":\"en-CA\",\"potentialAction\":[{\"@type\":\"ReadAction\",\"target\":[\"https:\/\/usinagevilleneuve.com\/nos-services-dusinage\/\"]}]},{\"@type\":\"ImageObject\",\"inLanguage\":\"en-CA\",\"@id\":\"https:\/\/usinagevilleneuve.com\/nos-services-dusinage\/#primaryimage\",\"url\":\"https:\/\/usinagevilleneuve.com\/wp-content\/uploads\/2024\/02\/image-plan.png\",\"contentUrl\":\"https:\/\/usinagevilleneuve.com\/wp-content\/uploads\/2024\/02\/image-plan.png\",\"width\":2880,\"height\":1616},{\"@type\":\"BreadcrumbList\",\"@id\":\"https:\/\/usinagevilleneuve.com\/nos-services-dusinage\/#breadcrumb\",\"itemListElement\":[{\"@type\":\"ListItem\",\"position\":1,\"name\":\"Accueil\",\"item\":\"https:\/\/usinagevilleneuve.com\/\"},{\"@type\":\"ListItem\",\"position\":2,\"name\":\"Nos services d&rsquo;usinage\"}]},{\"@type\":\"WebSite\",\"@id\":\"https:\/\/usinagevilleneuve.com\/#website\",\"url\":\"https:\/\/usinagevilleneuve.com\/\",\"name\":\"Usinage Villeneuve\",\"description\":\"Expertise in\u00e9gal\u00e9e en usiange\",\"publisher\":{\"@id\":\"https:\/\/usinagevilleneuve.com\/#organization\"},\"potentialAction\":[{\"@type\":\"SearchAction\",\"target\":{\"@type\":\"EntryPoint\",\"urlTemplate\":\"https:\/\/usinagevilleneuve.com\/?s={search_term_string}\"},\"query-input\":{\"@type\":\"PropertyValueSpecification\",\"valueRequired\":true,\"valueName\":\"search_term_string\"}}],\"inLanguage\":\"en-CA\"},{\"@type\":\"Organization\",\"@id\":\"https:\/\/usinagevilleneuve.com\/#organization\",\"name\":\"Usinage Villeneuve\",\"url\":\"https:\/\/usinagevilleneuve.com\/\",\"logo\":{\"@type\":\"ImageObject\",\"inLanguage\":\"en-CA\",\"@id\":\"https:\/\/usinagevilleneuve.com\/#\/schema\/logo\/image\/\",\"url\":\"https:\/\/usinagevilleneuve.com\/wp-content\/uploads\/2024\/02\/logo-usinage-iso.png\",\"contentUrl\":\"https:\/\/usinagevilleneuve.com\/wp-content\/uploads\/2024\/02\/logo-usinage-iso.png\",\"width\":1000,\"height\":500,\"caption\":\"Usinage Villeneuve\"},\"image\":{\"@id\":\"https:\/\/usinagevilleneuve.com\/#\/schema\/logo\/image\/\"}}]}<\/script>\n<!-- \/ Yoast SEO plugin. -->","yoast_head_json":{"title":"Nos services d'usinage - Usinage Villeneuve","robots":{"index":"index","follow":"follow","max-snippet":"max-snippet:-1","max-image-preview":"max-image-preview:large","max-video-preview":"max-video-preview:-1"},"canonical":"https:\/\/usinagevilleneuve.com\/en\/nos-services-dusinage\/","og_locale":"en_US","og_type":"article","og_title":"Nos services d'usinage - Usinage Villeneuve","og_description":"Nos services d&rsquo;usinages Des services d&rsquo;usinage op\u00e9r\u00e9s par une \u00e9quipe chevronn\u00e9e. Nos services sont offerts aux petites, moyennes et grandes entreprises.","og_url":"https:\/\/usinagevilleneuve.com\/en\/nos-services-dusinage\/","og_site_name":"Usinage Villeneuve","article_modified_time":"2024-04-24T15:35:31+00:00","og_image":[{"width":1024,"height":575,"url":"https:\/\/usinagevilleneuve.com\/wp-content\/uploads\/2024\/02\/image-plan-1024x575.png","type":"image\/png"}],"twitter_card":"summary_large_image","twitter_misc":{"Est. reading time":"4 minutes"},"schema":{"@context":"https:\/\/schema.org","@graph":[{"@type":"WebPage","@id":"https:\/\/usinagevilleneuve.com\/nos-services-dusinage\/","url":"https:\/\/usinagevilleneuve.com\/nos-services-dusinage\/","name":"Nos services d'usinage - Usinage Villeneuve","isPartOf":{"@id":"https:\/\/usinagevilleneuve.com\/#website"},"primaryImageOfPage":{"@id":"https:\/\/usinagevilleneuve.com\/nos-services-dusinage\/#primaryimage"},"image":{"@id":"https:\/\/usinagevilleneuve.com\/nos-services-dusinage\/#primaryimage"},"thumbnailUrl":"https:\/\/usinagevilleneuve.com\/wp-content\/uploads\/2024\/02\/image-plan.png","datePublished":"2024-02-25T17:37:33+00:00","dateModified":"2024-04-24T15:35:31+00:00","breadcrumb":{"@id":"https:\/\/usinagevilleneuve.com\/nos-services-dusinage\/#breadcrumb"},"inLanguage":"en-CA","potentialAction":[{"@type":"ReadAction","target":["https:\/\/usinagevilleneuve.com\/nos-services-dusinage\/"]}]},{"@type":"ImageObject","inLanguage":"en-CA","@id":"https:\/\/usinagevilleneuve.com\/nos-services-dusinage\/#primaryimage","url":"https:\/\/usinagevilleneuve.com\/wp-content\/uploads\/2024\/02\/image-plan.png","contentUrl":"https:\/\/usinagevilleneuve.com\/wp-content\/uploads\/2024\/02\/image-plan.png","width":2880,"height":1616},{"@type":"BreadcrumbList","@id":"https:\/\/usinagevilleneuve.com\/nos-services-dusinage\/#breadcrumb","itemListElement":[{"@type":"ListItem","position":1,"name":"Accueil","item":"https:\/\/usinagevilleneuve.com\/"},{"@type":"ListItem","position":2,"name":"Nos services d&rsquo;usinage"}]},{"@type":"WebSite","@id":"https:\/\/usinagevilleneuve.com\/#website","url":"https:\/\/usinagevilleneuve.com\/","name":"Usinage Villeneuve","description":"Expertise in\u00e9gal\u00e9e en usiange","publisher":{"@id":"https:\/\/usinagevilleneuve.com\/#organization"},"potentialAction":[{"@type":"SearchAction","target":{"@type":"EntryPoint","urlTemplate":"https:\/\/usinagevilleneuve.com\/?s={search_term_string}"},"query-input":{"@type":"PropertyValueSpecification","valueRequired":true,"valueName":"search_term_string"}}],"inLanguage":"en-CA"},{"@type":"Organization","@id":"https:\/\/usinagevilleneuve.com\/#organization","name":"Usinage Villeneuve","url":"https:\/\/usinagevilleneuve.com\/","logo":{"@type":"ImageObject","inLanguage":"en-CA","@id":"https:\/\/usinagevilleneuve.com\/#\/schema\/logo\/image\/","url":"https:\/\/usinagevilleneuve.com\/wp-content\/uploads\/2024\/02\/logo-usinage-iso.png","contentUrl":"https:\/\/usinagevilleneuve.com\/wp-content\/uploads\/2024\/02\/logo-usinage-iso.png","width":1000,"height":500,"caption":"Usinage Villeneuve"},"image":{"@id":"https:\/\/usinagevilleneuve.com\/#\/schema\/logo\/image\/"}}]}},"_links":{"self":[{"href":"https:\/\/usinagevilleneuve.com\/en\/wp-json\/wp\/v2\/pages\/2404","targetHints":{"allow":["GET"]}}],"collection":[{"href":"https:\/\/usinagevilleneuve.com\/en\/wp-json\/wp\/v2\/pages"}],"about":[{"href":"https:\/\/usinagevilleneuve.com\/en\/wp-json\/wp\/v2\/types\/page"}],"author":[{"embeddable":true,"href":"https:\/\/usinagevilleneuve.com\/en\/wp-json\/wp\/v2\/users\/1"}],"replies":[{"embeddable":true,"href":"https:\/\/usinagevilleneuve.com\/en\/wp-json\/wp\/v2\/comments?post=2404"}],"version-history":[{"count":231,"href":"https:\/\/usinagevilleneuve.com\/en\/wp-json\/wp\/v2\/pages\/2404\/revisions"}],"predecessor-version":[{"id":3179,"href":"https:\/\/usinagevilleneuve.com\/en\/wp-json\/wp\/v2\/pages\/2404\/revisions\/3179"}],"wp:featuredmedia":[{"embeddable":true,"href":"https:\/\/usinagevilleneuve.com\/en\/wp-json\/wp\/v2\/media\/2317"}],"wp:attachment":[{"href":"https:\/\/usinagevilleneuve.com\/en\/wp-json\/wp\/v2\/media?parent=2404"}],"curies":[{"name":"wp","href":"https:\/\/api.w.org\/{rel}","templated":true}]}}