{"id":2711,"date":"2024-03-17T12:59:47","date_gmt":"2024-03-17T17:59:47","guid":{"rendered":"https:\/\/usinagevilleneuve.com\/?page_id=2711"},"modified":"2024-03-24T13:18:35","modified_gmt":"2024-03-24T18:18:35","slug":"usinage-swiss-type","status":"publish","type":"page","link":"https:\/\/usinagevilleneuve.com\/en\/nos-services-dusinage\/usinage-swiss-type\/","title":{"rendered":"Usinage Swiss Type"},"content":{"rendered":"<div data-elementor-type=\"wp-page\" data-elementor-id=\"2711\" class=\"elementor elementor-2711\" data-elementor-post-type=\"page\">\n\t\t\t\t<div class=\"elementor-element elementor-element-1e96eb65 e-con-full e-flex e-con e-parent\" data-id=\"1e96eb65\" data-element_type=\"container\">\n\t\t<div class=\"elementor-element elementor-element-20ea8f36 e-con-full e-flex e-con e-child\" data-id=\"20ea8f36\" data-element_type=\"container\" data-settings=\"{&quot;background_background&quot;:&quot;classic&quot;}\">\n\t\t\t\t<\/div>\n\t\t<div class=\"elementor-element elementor-element-77fd462a e-con-full e-flex e-con e-child\" data-id=\"77fd462a\" data-element_type=\"container\" data-settings=\"{&quot;background_background&quot;:&quot;classic&quot;}\">\n\t\t\t\t<div class=\"elementor-element elementor-element-65e21964 elementor-cta--skin-classic elementor-animated-content elementor-bg-transform elementor-bg-transform-zoom-in elementor-widget elementor-widget-call-to-action\" data-id=\"65e21964\" data-element_type=\"widget\" data-widget_type=\"call-to-action.default\">\n\t\t\t\t<div class=\"elementor-widget-container\">\n\t\t\t\t\t\t\t<div class=\"elementor-cta\">\n\t\t\t\t\t\t\t<div class=\"elementor-cta__content\">\n\t\t\t\t\n\t\t\t\t\t\t\t\t\t<h1 class=\"elementor-cta__title elementor-cta__content-item elementor-content-item\">\n\t\t\t\t\t\tUsinage Swiss Type\t\t\t\t\t<\/h1>\n\t\t\t\t\n\t\t\t\t\t\t\t\t\t<div class=\"elementor-cta__description elementor-cta__content-item elementor-content-item\">\n\t\t\t\t\t\tL'usinage Swiss type, une m\u00e9thode de pointe,\nle pr\u00e9cision et l'efficacit\u00e9 sont des principales caract\u00e9ristiques. Des pi\u00e8ces complexes avec une finesse sans \u00e9gale.\t\t\t\t\t<\/div>\n\t\t\t\t\n\t\t\t\t\t\t\t<\/div>\n\t\t\t\t\t\t<\/div>\n\t\t\t\t\t\t<\/div>\n\t\t\t\t<\/div>\n\t\t\t\t<\/div>\n\t\t\t\t<\/div>\n\t\t<div class=\"elementor-element elementor-element-3352da5a e-flex e-con-boxed e-con e-child\" data-id=\"3352da5a\" data-element_type=\"container\" data-settings=\"{&quot;background_background&quot;:&quot;classic&quot;}\">\n\t\t\t\t\t<div class=\"e-con-inner\">\n\t\t<div class=\"elementor-element elementor-element-2e64b882 e-con-full e-flex e-con e-child\" data-id=\"2e64b882\" data-element_type=\"container\">\n\t\t\t\t<div class=\"elementor-element elementor-element-4babd570 elementor-align-center elementor-widget elementor-widget-button\" data-id=\"4babd570\" data-element_type=\"widget\" data-widget_type=\"button.default\">\n\t\t\t\t<div class=\"elementor-widget-container\">\n\t\t\t\t\t\t\t\t\t<div class=\"elementor-button-wrapper\">\n\t\t\t\t\t<a class=\"elementor-button elementor-button-link elementor-size-sm\" href=\"#elementor-action%3Aaction%3Dpopup%3Aopen%26settings%3DeyJpZCI6IjI0NDQiLCJ0b2dnbGUiOmZhbHNlfQ%3D%3D\">\n\t\t\t\t\t\t<span class=\"elementor-button-content-wrapper\">\n\t\t\t\t\t\t<span class=\"elementor-button-icon\">\n\t\t\t\t<svg xmlns=\"http:\/\/www.w3.org\/2000\/svg\" id=\"bb19cefa-da70-4c4e-8494-ad25bbd47839\" data-name=\"Layer 1\" width=\"32.9204\" height=\"17.832\" viewbox=\"0 0 32.9204 17.832\"><polygon points=\"31.858 8.055 31.858 8.016 31.817 8.016 23.417 0 22.036 1.447 28.931 8.026 0 8.026 0.007 10.026 28.928 10.026 22.048 16.361 23.404 17.832 32.92 9.069 31.858 8.055\"><\/polygon><\/svg>\t\t\t<\/span>\n\t\t\t\t\t\t\t\t\t<span class=\"elementor-button-text\">Contactez-nous<\/span>\n\t\t\t\t\t<\/span>\n\t\t\t\t\t<\/a>\n\t\t\t\t<\/div>\n\t\t\t\t\t\t\t\t<\/div>\n\t\t\t\t<\/div>\n\t\t\t\t<\/div>\n\t\t<div class=\"elementor-element elementor-element-775f4ff3 e-con-full e-flex e-con e-child\" data-id=\"775f4ff3\" data-element_type=\"container\">\n\t\t\t\t<div class=\"elementor-element elementor-element-e3dc73a elementor-widget elementor-widget-text-editor\" data-id=\"e3dc73a\" data-element_type=\"widget\" data-widget_type=\"text-editor.default\">\n\t\t\t\t<div class=\"elementor-widget-container\">\n\t\t\t\t\t\t\t\t\t<h1 style=\"text-align: left;\">L&rsquo;Usinage Swiss Type : Excellence en Pr\u00e9cision et Efficacit\u00e9<\/h1><p style=\"text-align: left;\">L&rsquo;<strong>usinage Swiss type<\/strong>, \u00e9galement connu sous le nom d&rsquo;<em>usinage \u00e0 d\u00e9colletage<\/em>, repr\u00e9sente la quintessence de la technologie de fabrication de pr\u00e9cision. Cette m\u00e9thode avanc\u00e9e est la solution privil\u00e9gi\u00e9e pour la production de <strong>pi\u00e8ces complexes<\/strong> avec une finesse in\u00e9gal\u00e9e, o\u00f9 pr\u00e9cision et efficacit\u00e9 sont les ma\u00eetres mots.<\/p><h2 style=\"text-align: left;\">Caract\u00e9ristiques Principales de l&rsquo;Usinage Swiss Type<\/h2><p style=\"text-align: left;\">Au c\u0153ur de l&rsquo;<strong>usinage Swiss type<\/strong> se trouve une technologie de tour CNC de pointe qui permet de maintenir le mat\u00e9riau extr\u00eamement proche de la zone de coupe. Cette approche r\u00e9duit significativement la d\u00e9flexion et la vibration, assurant une pr\u00e9cision incomparable m\u00eame sur les pi\u00e8ces les plus d\u00e9licates. La particularit\u00e9 de ce proc\u00e9d\u00e9 r\u00e9side dans le mouvement synchrone de la barre de mat\u00e9riau et de l&rsquo;outil de coupe, permettant d&rsquo;usiner des pi\u00e8ces longues et fines avec une pr\u00e9cision sans pr\u00e9c\u00e9dent.<\/p><h2 style=\"text-align: left;\">Avantages de l&rsquo;Usinage Swiss Type pour la Production de Pi\u00e8ces Complexes<\/h2><p style=\"text-align: left;\">L&rsquo;<strong>usinage Swiss type<\/strong> se distingue par sa capacit\u00e9 \u00e0 r\u00e9aliser simultan\u00e9ment plusieurs op\u00e9rations comme le tournage, le fraisage, le per\u00e7age et le taraudage sur une seule machine. Cette polyvalence permet de r\u00e9duire les temps de production tout en assurant une qualit\u00e9 et une pr\u00e9cision exceptionnelles. Les industries de l&rsquo;horlogerie, de l&rsquo;a\u00e9ronautique, de l&rsquo;\u00e9lectronique et du m\u00e9dical b\u00e9n\u00e9ficient particuli\u00e8rement de cette m\u00e9thode, o\u00f9 la demande pour des pi\u00e8ces de haute pr\u00e9cision est constante.<\/p><h2 style=\"text-align: left;\">Optimisation de la Production et R\u00e9duction des Co\u00fbts<\/h2><p style=\"text-align: left;\">L&rsquo;\u00e9volution continue des machines d&rsquo;<strong>usinage Swiss type<\/strong> et des strat\u00e9gies de coupe am\u00e9liore sans cesse les capacit\u00e9s de production. Les fabricants peuvent ainsi produire des lots de taille petite \u00e0 moyenne avec une excellente r\u00e9p\u00e9tabilit\u00e9, r\u00e9duisant les co\u00fbts tout en maintenant ou am\u00e9liorant la qualit\u00e9 des pi\u00e8ces produites. L&rsquo;efficacit\u00e9 et la flexibilit\u00e9 de l&rsquo;usinage Swiss type en font une solution incontournable pour les entreprises \u00e0 la recherche d&rsquo;une production optimis\u00e9e.<\/p><h2 style=\"text-align: left;\">Conclusion<\/h2><p style=\"text-align: left;\">En alliant pr\u00e9cision extr\u00eame, efficacit\u00e9 et flexibilit\u00e9, l&rsquo;<strong>usinage Swiss type<\/strong> s&rsquo;impose comme une technique de fabrication de r\u00e9f\u00e9rence pour les pi\u00e8ces complexes. Sa capacit\u00e9 \u00e0 r\u00e9pondre aux exigences les plus strictes en termes de qualit\u00e9 et de pr\u00e9cision en fait un choix privil\u00e9gi\u00e9 pour les industries de pointe. Avec l&rsquo;usinage Swiss type, les fabricants disposent d&rsquo;une m\u00e9thode avanc\u00e9e pour r\u00e9pondre aux d\u00e9fis de la production moderne.<\/p>\t\t\t\t\t\t\t\t<\/div>\n\t\t\t\t<\/div>\n\t\t\t\t<\/div>\n\t\t<div class=\"elementor-element elementor-element-46170d6d e-con-full e-flex e-con e-child\" data-id=\"46170d6d\" data-element_type=\"container\">\n\t\t\t\t<div class=\"elementor-element elementor-element-113204b elementor-widget elementor-widget-gallery\" data-id=\"113204b\" data-element_type=\"widget\" data-settings=\"{&quot;lazyload&quot;:&quot;yes&quot;,&quot;gallery_layout&quot;:&quot;grid&quot;,&quot;columns&quot;:4,&quot;columns_tablet&quot;:2,&quot;columns_mobile&quot;:1,&quot;gap&quot;:{&quot;unit&quot;:&quot;px&quot;,&quot;size&quot;:10,&quot;sizes&quot;:[]},&quot;gap_tablet&quot;:{&quot;unit&quot;:&quot;px&quot;,&quot;size&quot;:10,&quot;sizes&quot;:[]},&quot;gap_mobile&quot;:{&quot;unit&quot;:&quot;px&quot;,&quot;size&quot;:10,&quot;sizes&quot;:[]},&quot;link_to&quot;:&quot;file&quot;,&quot;aspect_ratio&quot;:&quot;3:2&quot;,&quot;overlay_background&quot;:&quot;yes&quot;,&quot;content_hover_animation&quot;:&quot;fade-in&quot;}\" data-widget_type=\"gallery.default\">\n\t\t\t\t<div class=\"elementor-widget-container\">\n\t\t\t\t\t\t\t<div class=\"elementor-gallery__container\">\n\t\t\t\t\t\t\t<a class=\"e-gallery-item elementor-gallery-item elementor-animated-content\" href=\"https:\/\/usinagevilleneuve.com\/wp-content\/uploads\/2024\/02\/usinage_realisation_1_grande.jpg\" data-elementor-open-lightbox=\"yes\" data-elementor-lightbox-slideshow=\"113204b\" data-elementor-lightbox-title=\"usinage_realisation_1_grande\" data-e-action-hash=\"#elementor-action%3Aaction%3Dlightbox%26settings%3DeyJpZCI6MjUzOSwidXJsIjoiaHR0cHM6XC9cL3VzaW5hZ2V2aWxsZW5ldXZlLmNvbVwvd3AtY29udGVudFwvdXBsb2Fkc1wvMjAyNFwvMDJcL3VzaW5hZ2VfcmVhbGlzYXRpb25fMV9ncmFuZGUuanBnIiwic2xpZGVzaG93IjoiMTEzMjA0YiJ9\">\n\t\t\t\t\t<div class=\"e-gallery-image elementor-gallery-item__image\" data-thumbnail=\"https:\/\/usinagevilleneuve.com\/wp-content\/uploads\/2024\/02\/usinage_realisation_1_grande-300x225.jpg\" data-width=\"300\" data-height=\"225\" aria-label=\"\" role=\"img\" ><\/div>\n\t\t\t\t\t\t\t\t\t\t\t<div class=\"elementor-gallery-item__overlay\"><\/div>\n\t\t\t\t\t\t\t\t\t\t\t\t\t\t<\/a>\n\t\t\t\t\t\t\t<a class=\"e-gallery-item elementor-gallery-item elementor-animated-content\" href=\"https:\/\/usinagevilleneuve.com\/wp-content\/uploads\/2024\/02\/usinage_realisation_19_grande.jpg\" data-elementor-open-lightbox=\"yes\" data-elementor-lightbox-slideshow=\"113204b\" data-elementor-lightbox-title=\"Pi\u00e8ces prototype\" data-e-action-hash=\"#elementor-action%3Aaction%3Dlightbox%26settings%3DeyJpZCI6MjUzMCwidXJsIjoiaHR0cHM6XC9cL3VzaW5hZ2V2aWxsZW5ldXZlLmNvbVwvd3AtY29udGVudFwvdXBsb2Fkc1wvMjAyNFwvMDJcL3VzaW5hZ2VfcmVhbGlzYXRpb25fMTlfZ3JhbmRlLmpwZyIsInNsaWRlc2hvdyI6IjExMzIwNGIifQ%3D%3D\">\n\t\t\t\t\t<div class=\"e-gallery-image elementor-gallery-item__image\" data-thumbnail=\"https:\/\/usinagevilleneuve.com\/wp-content\/uploads\/2024\/02\/usinage_realisation_19_grande-300x225.jpg\" data-width=\"300\" data-height=\"225\" aria-label=\"Pi\u00e8ce fabriqu\u00e9 \u00e0 partir d&#039;un prototypage\" role=\"img\" ><\/div>\n\t\t\t\t\t\t\t\t\t\t\t<div class=\"elementor-gallery-item__overlay\"><\/div>\n\t\t\t\t\t\t\t\t\t\t\t\t\t\t<\/a>\n\t\t\t\t\t\t\t<a class=\"e-gallery-item elementor-gallery-item elementor-animated-content\" href=\"https:\/\/usinagevilleneuve.com\/wp-content\/uploads\/2024\/02\/usinage_realisation_13_grande.jpg\" data-elementor-open-lightbox=\"yes\" data-elementor-lightbox-slideshow=\"113204b\" data-elementor-lightbox-title=\"usinage_realisation_13_grande\" data-e-action-hash=\"#elementor-action%3Aaction%3Dlightbox%26settings%3DeyJpZCI6MjUzMiwidXJsIjoiaHR0cHM6XC9cL3VzaW5hZ2V2aWxsZW5ldXZlLmNvbVwvd3AtY29udGVudFwvdXBsb2Fkc1wvMjAyNFwvMDJcL3VzaW5hZ2VfcmVhbGlzYXRpb25fMTNfZ3JhbmRlLmpwZyIsInNsaWRlc2hvdyI6IjExMzIwNGIifQ%3D%3D\">\n\t\t\t\t\t<div class=\"e-gallery-image elementor-gallery-item__image\" data-thumbnail=\"https:\/\/usinagevilleneuve.com\/wp-content\/uploads\/2024\/02\/usinage_realisation_13_grande-300x225.jpg\" data-width=\"300\" data-height=\"225\" aria-label=\"\" role=\"img\" ><\/div>\n\t\t\t\t\t\t\t\t\t\t\t<div class=\"elementor-gallery-item__overlay\"><\/div>\n\t\t\t\t\t\t\t\t\t\t\t\t\t\t<\/a>\n\t\t\t\t\t\t\t<a class=\"e-gallery-item elementor-gallery-item elementor-animated-content\" href=\"https:\/\/usinagevilleneuve.com\/wp-content\/uploads\/2024\/02\/usinage_realisation_12_grande.jpg\" data-elementor-open-lightbox=\"yes\" data-elementor-lightbox-slideshow=\"113204b\" data-elementor-lightbox-title=\"usinage_realisation_12_grande\" data-e-action-hash=\"#elementor-action%3Aaction%3Dlightbox%26settings%3DeyJpZCI6MjUzNCwidXJsIjoiaHR0cHM6XC9cL3VzaW5hZ2V2aWxsZW5ldXZlLmNvbVwvd3AtY29udGVudFwvdXBsb2Fkc1wvMjAyNFwvMDJcL3VzaW5hZ2VfcmVhbGlzYXRpb25fMTJfZ3JhbmRlLmpwZyIsInNsaWRlc2hvdyI6IjExMzIwNGIifQ%3D%3D\">\n\t\t\t\t\t<div class=\"e-gallery-image elementor-gallery-item__image\" data-thumbnail=\"https:\/\/usinagevilleneuve.com\/wp-content\/uploads\/2024\/02\/usinage_realisation_12_grande-300x225.jpg\" data-width=\"300\" data-height=\"225\" aria-label=\"\" role=\"img\" ><\/div>\n\t\t\t\t\t\t\t\t\t\t\t<div class=\"elementor-gallery-item__overlay\"><\/div>\n\t\t\t\t\t\t\t\t\t\t\t\t\t\t<\/a>\n\t\t\t\t\t\t\t<a class=\"e-gallery-item elementor-gallery-item elementor-animated-content\" href=\"https:\/\/usinagevilleneuve.com\/wp-content\/uploads\/2024\/02\/usinage_realisation_4_grande.jpg\" data-elementor-open-lightbox=\"yes\" data-elementor-lightbox-slideshow=\"113204b\" data-elementor-lightbox-title=\"usinage_realisation_4_grande\" data-e-action-hash=\"#elementor-action%3Aaction%3Dlightbox%26settings%3DeyJpZCI6MjUyMSwidXJsIjoiaHR0cHM6XC9cL3VzaW5hZ2V2aWxsZW5ldXZlLmNvbVwvd3AtY29udGVudFwvdXBsb2Fkc1wvMjAyNFwvMDJcL3VzaW5hZ2VfcmVhbGlzYXRpb25fNF9ncmFuZGUuanBnIiwic2xpZGVzaG93IjoiMTEzMjA0YiJ9\">\n\t\t\t\t\t<div class=\"e-gallery-image elementor-gallery-item__image\" data-thumbnail=\"https:\/\/usinagevilleneuve.com\/wp-content\/uploads\/2024\/02\/usinage_realisation_4_grande-300x225.jpg\" data-width=\"300\" data-height=\"225\" aria-label=\"\" role=\"img\" ><\/div>\n\t\t\t\t\t\t\t\t\t\t\t<div class=\"elementor-gallery-item__overlay\"><\/div>\n\t\t\t\t\t\t\t\t\t\t\t\t\t\t<\/a>\n\t\t\t\t\t\t\t<a class=\"e-gallery-item elementor-gallery-item elementor-animated-content\" href=\"https:\/\/usinagevilleneuve.com\/wp-content\/uploads\/2024\/02\/usinage_realisation_25_grande.jpg\" data-elementor-open-lightbox=\"yes\" data-elementor-lightbox-slideshow=\"113204b\" data-elementor-lightbox-title=\"usinage_realisation_25_grande\" data-e-action-hash=\"#elementor-action%3Aaction%3Dlightbox%26settings%3DeyJpZCI6MjUyNywidXJsIjoiaHR0cHM6XC9cL3VzaW5hZ2V2aWxsZW5ldXZlLmNvbVwvd3AtY29udGVudFwvdXBsb2Fkc1wvMjAyNFwvMDJcL3VzaW5hZ2VfcmVhbGlzYXRpb25fMjVfZ3JhbmRlLmpwZyIsInNsaWRlc2hvdyI6IjExMzIwNGIifQ%3D%3D\">\n\t\t\t\t\t<div class=\"e-gallery-image elementor-gallery-item__image\" data-thumbnail=\"https:\/\/usinagevilleneuve.com\/wp-content\/uploads\/2024\/02\/usinage_realisation_25_grande-300x225.jpg\" data-width=\"300\" data-height=\"225\" aria-label=\"\" role=\"img\" ><\/div>\n\t\t\t\t\t\t\t\t\t\t\t<div class=\"elementor-gallery-item__overlay\"><\/div>\n\t\t\t\t\t\t\t\t\t\t\t\t\t\t<\/a>\n\t\t\t\t\t\t\t<a class=\"e-gallery-item elementor-gallery-item elementor-animated-content\" href=\"https:\/\/usinagevilleneuve.com\/wp-content\/uploads\/2024\/02\/usinage_realisation_20_grande.jpg\" data-elementor-open-lightbox=\"yes\" data-elementor-lightbox-slideshow=\"113204b\" data-elementor-lightbox-title=\"usinage_realisation_20_grande\" data-e-action-hash=\"#elementor-action%3Aaction%3Dlightbox%26settings%3DeyJpZCI6MjUyOSwidXJsIjoiaHR0cHM6XC9cL3VzaW5hZ2V2aWxsZW5ldXZlLmNvbVwvd3AtY29udGVudFwvdXBsb2Fkc1wvMjAyNFwvMDJcL3VzaW5hZ2VfcmVhbGlzYXRpb25fMjBfZ3JhbmRlLmpwZyIsInNsaWRlc2hvdyI6IjExMzIwNGIifQ%3D%3D\">\n\t\t\t\t\t<div class=\"e-gallery-image elementor-gallery-item__image\" data-thumbnail=\"https:\/\/usinagevilleneuve.com\/wp-content\/uploads\/2024\/02\/usinage_realisation_20_grande-300x225.jpg\" data-width=\"300\" data-height=\"225\" aria-label=\"\" role=\"img\" ><\/div>\n\t\t\t\t\t\t\t\t\t\t\t<div class=\"elementor-gallery-item__overlay\"><\/div>\n\t\t\t\t\t\t\t\t\t\t\t\t\t\t<\/a>\n\t\t\t\t\t\t\t<a class=\"e-gallery-item elementor-gallery-item elementor-animated-content\" href=\"https:\/\/usinagevilleneuve.com\/wp-content\/uploads\/2024\/02\/usinage_realisation_7_grande.jpg\" data-elementor-open-lightbox=\"yes\" data-elementor-lightbox-slideshow=\"113204b\" data-elementor-lightbox-title=\"usinage_realisation_7_grande\" data-e-action-hash=\"#elementor-action%3Aaction%3Dlightbox%26settings%3DeyJpZCI6MjUzNywidXJsIjoiaHR0cHM6XC9cL3VzaW5hZ2V2aWxsZW5ldXZlLmNvbVwvd3AtY29udGVudFwvdXBsb2Fkc1wvMjAyNFwvMDJcL3VzaW5hZ2VfcmVhbGlzYXRpb25fN19ncmFuZGUuanBnIiwic2xpZGVzaG93IjoiMTEzMjA0YiJ9\">\n\t\t\t\t\t<div class=\"e-gallery-image elementor-gallery-item__image\" data-thumbnail=\"https:\/\/usinagevilleneuve.com\/wp-content\/uploads\/2024\/02\/usinage_realisation_7_grande-300x225.jpg\" data-width=\"300\" data-height=\"225\" aria-label=\"\" role=\"img\" ><\/div>\n\t\t\t\t\t\t\t\t\t\t\t<div class=\"elementor-gallery-item__overlay\"><\/div>\n\t\t\t\t\t\t\t\t\t\t\t\t\t\t<\/a>\n\t\t\t\t\t<\/div>\n\t\t\t\t\t<\/div>\n\t\t\t\t<\/div>\n\t\t\t\t<\/div>\n\t\t\t\t\t<\/div>\n\t\t\t\t<\/div>\n\t\t\t\t<\/div>","protected":false},"excerpt":{"rendered":"<p>L&rsquo;usinage type swiss est unique en son genre pour son style d\u2019usinage de tour \u00e0 pi\u00e8ces coulissantes.<\/p>","protected":false},"author":1,"featured_media":2345,"parent":2404,"menu_order":0,"comment_status":"closed","ping_status":"closed","template":"","meta":{"footnotes":""},"class_list":["post-2711","page","type-page","status-publish","has-post-thumbnail","hentry"],"yoast_head":"<!-- This site is optimized with the Yoast SEO plugin v24.8.1 - https:\/\/yoast.com\/wordpress\/plugins\/seo\/ -->\n<title>Usinage Swiss Type - Usinage Villeneuve<\/title>\n<meta name=\"robots\" content=\"index, follow, max-snippet:-1, max-image-preview:large, max-video-preview:-1\" \/>\n<link rel=\"canonical\" href=\"https:\/\/usinagevilleneuve.com\/en\/nos-services-dusinage\/usinage-swiss-type\/\" \/>\n<meta property=\"og:locale\" content=\"en_US\" \/>\n<meta property=\"og:type\" content=\"article\" \/>\n<meta property=\"og:title\" content=\"Usinage Swiss Type - Usinage Villeneuve\" \/>\n<meta property=\"og:description\" content=\"L&#039;usinage type swiss est unique en son genre pour son style d\u2019usinage de tour \u00e0 pi\u00e8ces coulissantes.\" \/>\n<meta property=\"og:url\" content=\"https:\/\/usinagevilleneuve.com\/en\/nos-services-dusinage\/usinage-swiss-type\/\" \/>\n<meta property=\"og:site_name\" content=\"Usinage Villeneuve\" \/>\n<meta property=\"article:modified_time\" content=\"2024-03-24T18:18:35+00:00\" \/>\n<meta property=\"og:image\" content=\"https:\/\/usinagevilleneuve.com\/wp-content\/uploads\/2024\/02\/haut_a_propos.jpg\" \/>\n\t<meta property=\"og:image:width\" content=\"863\" \/>\n\t<meta property=\"og:image:height\" content=\"960\" \/>\n\t<meta property=\"og:image:type\" content=\"image\/jpeg\" \/>\n<meta name=\"twitter:card\" content=\"summary_large_image\" \/>\n<meta name=\"twitter:label1\" content=\"Est. reading time\" \/>\n\t<meta name=\"twitter:data1\" content=\"3 minutes\" \/>\n<script type=\"application\/ld+json\" class=\"yoast-schema-graph\">{\"@context\":\"https:\/\/schema.org\",\"@graph\":[{\"@type\":\"WebPage\",\"@id\":\"https:\/\/usinagevilleneuve.com\/nos-services-dusinage\/usinage-swiss-type\/\",\"url\":\"https:\/\/usinagevilleneuve.com\/nos-services-dusinage\/usinage-swiss-type\/\",\"name\":\"Usinage Swiss Type - Usinage Villeneuve\",\"isPartOf\":{\"@id\":\"https:\/\/usinagevilleneuve.com\/#website\"},\"primaryImageOfPage\":{\"@id\":\"https:\/\/usinagevilleneuve.com\/nos-services-dusinage\/usinage-swiss-type\/#primaryimage\"},\"image\":{\"@id\":\"https:\/\/usinagevilleneuve.com\/nos-services-dusinage\/usinage-swiss-type\/#primaryimage\"},\"thumbnailUrl\":\"https:\/\/usinagevilleneuve.com\/wp-content\/uploads\/2024\/02\/haut_a_propos.jpg\",\"datePublished\":\"2024-03-17T17:59:47+00:00\",\"dateModified\":\"2024-03-24T18:18:35+00:00\",\"breadcrumb\":{\"@id\":\"https:\/\/usinagevilleneuve.com\/nos-services-dusinage\/usinage-swiss-type\/#breadcrumb\"},\"inLanguage\":\"en-CA\",\"potentialAction\":[{\"@type\":\"ReadAction\",\"target\":[\"https:\/\/usinagevilleneuve.com\/nos-services-dusinage\/usinage-swiss-type\/\"]}]},{\"@type\":\"ImageObject\",\"inLanguage\":\"en-CA\",\"@id\":\"https:\/\/usinagevilleneuve.com\/nos-services-dusinage\/usinage-swiss-type\/#primaryimage\",\"url\":\"https:\/\/usinagevilleneuve.com\/wp-content\/uploads\/2024\/02\/haut_a_propos.jpg\",\"contentUrl\":\"https:\/\/usinagevilleneuve.com\/wp-content\/uploads\/2024\/02\/haut_a_propos.jpg\",\"width\":863,\"height\":960,\"caption\":\"Une image sur l'usinage de type Swiss.\"},{\"@type\":\"BreadcrumbList\",\"@id\":\"https:\/\/usinagevilleneuve.com\/nos-services-dusinage\/usinage-swiss-type\/#breadcrumb\",\"itemListElement\":[{\"@type\":\"ListItem\",\"position\":1,\"name\":\"Accueil\",\"item\":\"https:\/\/usinagevilleneuve.com\/\"},{\"@type\":\"ListItem\",\"position\":2,\"name\":\"Nos services d&rsquo;usinage\",\"item\":\"https:\/\/usinagevilleneuve.com\/nos-services-dusinage\/\"},{\"@type\":\"ListItem\",\"position\":3,\"name\":\"Usinage Swiss Type\"}]},{\"@type\":\"WebSite\",\"@id\":\"https:\/\/usinagevilleneuve.com\/#website\",\"url\":\"https:\/\/usinagevilleneuve.com\/\",\"name\":\"Usinage Villeneuve\",\"description\":\"Expertise in\u00e9gal\u00e9e en usiange\",\"publisher\":{\"@id\":\"https:\/\/usinagevilleneuve.com\/#organization\"},\"potentialAction\":[{\"@type\":\"SearchAction\",\"target\":{\"@type\":\"EntryPoint\",\"urlTemplate\":\"https:\/\/usinagevilleneuve.com\/?s={search_term_string}\"},\"query-input\":{\"@type\":\"PropertyValueSpecification\",\"valueRequired\":true,\"valueName\":\"search_term_string\"}}],\"inLanguage\":\"en-CA\"},{\"@type\":\"Organization\",\"@id\":\"https:\/\/usinagevilleneuve.com\/#organization\",\"name\":\"Usinage Villeneuve\",\"url\":\"https:\/\/usinagevilleneuve.com\/\",\"logo\":{\"@type\":\"ImageObject\",\"inLanguage\":\"en-CA\",\"@id\":\"https:\/\/usinagevilleneuve.com\/#\/schema\/logo\/image\/\",\"url\":\"https:\/\/usinagevilleneuve.com\/wp-content\/uploads\/2024\/02\/logo-usinage-iso.png\",\"contentUrl\":\"https:\/\/usinagevilleneuve.com\/wp-content\/uploads\/2024\/02\/logo-usinage-iso.png\",\"width\":1000,\"height\":500,\"caption\":\"Usinage Villeneuve\"},\"image\":{\"@id\":\"https:\/\/usinagevilleneuve.com\/#\/schema\/logo\/image\/\"}}]}<\/script>\n<!-- \/ Yoast SEO plugin. -->","yoast_head_json":{"title":"Usinage Swiss Type - Usinage Villeneuve","robots":{"index":"index","follow":"follow","max-snippet":"max-snippet:-1","max-image-preview":"max-image-preview:large","max-video-preview":"max-video-preview:-1"},"canonical":"https:\/\/usinagevilleneuve.com\/en\/nos-services-dusinage\/usinage-swiss-type\/","og_locale":"en_US","og_type":"article","og_title":"Usinage Swiss Type - Usinage Villeneuve","og_description":"L'usinage type swiss est unique en son genre pour son style d\u2019usinage de tour \u00e0 pi\u00e8ces coulissantes.","og_url":"https:\/\/usinagevilleneuve.com\/en\/nos-services-dusinage\/usinage-swiss-type\/","og_site_name":"Usinage Villeneuve","article_modified_time":"2024-03-24T18:18:35+00:00","og_image":[{"width":863,"height":960,"url":"https:\/\/usinagevilleneuve.com\/wp-content\/uploads\/2024\/02\/haut_a_propos.jpg","type":"image\/jpeg"}],"twitter_card":"summary_large_image","twitter_misc":{"Est. reading time":"3 minutes"},"schema":{"@context":"https:\/\/schema.org","@graph":[{"@type":"WebPage","@id":"https:\/\/usinagevilleneuve.com\/nos-services-dusinage\/usinage-swiss-type\/","url":"https:\/\/usinagevilleneuve.com\/nos-services-dusinage\/usinage-swiss-type\/","name":"Usinage Swiss Type - Usinage Villeneuve","isPartOf":{"@id":"https:\/\/usinagevilleneuve.com\/#website"},"primaryImageOfPage":{"@id":"https:\/\/usinagevilleneuve.com\/nos-services-dusinage\/usinage-swiss-type\/#primaryimage"},"image":{"@id":"https:\/\/usinagevilleneuve.com\/nos-services-dusinage\/usinage-swiss-type\/#primaryimage"},"thumbnailUrl":"https:\/\/usinagevilleneuve.com\/wp-content\/uploads\/2024\/02\/haut_a_propos.jpg","datePublished":"2024-03-17T17:59:47+00:00","dateModified":"2024-03-24T18:18:35+00:00","breadcrumb":{"@id":"https:\/\/usinagevilleneuve.com\/nos-services-dusinage\/usinage-swiss-type\/#breadcrumb"},"inLanguage":"en-CA","potentialAction":[{"@type":"ReadAction","target":["https:\/\/usinagevilleneuve.com\/nos-services-dusinage\/usinage-swiss-type\/"]}]},{"@type":"ImageObject","inLanguage":"en-CA","@id":"https:\/\/usinagevilleneuve.com\/nos-services-dusinage\/usinage-swiss-type\/#primaryimage","url":"https:\/\/usinagevilleneuve.com\/wp-content\/uploads\/2024\/02\/haut_a_propos.jpg","contentUrl":"https:\/\/usinagevilleneuve.com\/wp-content\/uploads\/2024\/02\/haut_a_propos.jpg","width":863,"height":960,"caption":"Une image sur l'usinage de type Swiss."},{"@type":"BreadcrumbList","@id":"https:\/\/usinagevilleneuve.com\/nos-services-dusinage\/usinage-swiss-type\/#breadcrumb","itemListElement":[{"@type":"ListItem","position":1,"name":"Accueil","item":"https:\/\/usinagevilleneuve.com\/"},{"@type":"ListItem","position":2,"name":"Nos services d&rsquo;usinage","item":"https:\/\/usinagevilleneuve.com\/nos-services-dusinage\/"},{"@type":"ListItem","position":3,"name":"Usinage Swiss Type"}]},{"@type":"WebSite","@id":"https:\/\/usinagevilleneuve.com\/#website","url":"https:\/\/usinagevilleneuve.com\/","name":"Usinage Villeneuve","description":"Expertise in\u00e9gal\u00e9e en usiange","publisher":{"@id":"https:\/\/usinagevilleneuve.com\/#organization"},"potentialAction":[{"@type":"SearchAction","target":{"@type":"EntryPoint","urlTemplate":"https:\/\/usinagevilleneuve.com\/?s={search_term_string}"},"query-input":{"@type":"PropertyValueSpecification","valueRequired":true,"valueName":"search_term_string"}}],"inLanguage":"en-CA"},{"@type":"Organization","@id":"https:\/\/usinagevilleneuve.com\/#organization","name":"Usinage Villeneuve","url":"https:\/\/usinagevilleneuve.com\/","logo":{"@type":"ImageObject","inLanguage":"en-CA","@id":"https:\/\/usinagevilleneuve.com\/#\/schema\/logo\/image\/","url":"https:\/\/usinagevilleneuve.com\/wp-content\/uploads\/2024\/02\/logo-usinage-iso.png","contentUrl":"https:\/\/usinagevilleneuve.com\/wp-content\/uploads\/2024\/02\/logo-usinage-iso.png","width":1000,"height":500,"caption":"Usinage Villeneuve"},"image":{"@id":"https:\/\/usinagevilleneuve.com\/#\/schema\/logo\/image\/"}}]}},"_links":{"self":[{"href":"https:\/\/usinagevilleneuve.com\/en\/wp-json\/wp\/v2\/pages\/2711","targetHints":{"allow":["GET"]}}],"collection":[{"href":"https:\/\/usinagevilleneuve.com\/en\/wp-json\/wp\/v2\/pages"}],"about":[{"href":"https:\/\/usinagevilleneuve.com\/en\/wp-json\/wp\/v2\/types\/page"}],"author":[{"embeddable":true,"href":"https:\/\/usinagevilleneuve.com\/en\/wp-json\/wp\/v2\/users\/1"}],"replies":[{"embeddable":true,"href":"https:\/\/usinagevilleneuve.com\/en\/wp-json\/wp\/v2\/comments?post=2711"}],"version-history":[{"count":13,"href":"https:\/\/usinagevilleneuve.com\/en\/wp-json\/wp\/v2\/pages\/2711\/revisions"}],"predecessor-version":[{"id":2903,"href":"https:\/\/usinagevilleneuve.com\/en\/wp-json\/wp\/v2\/pages\/2711\/revisions\/2903"}],"up":[{"embeddable":true,"href":"https:\/\/usinagevilleneuve.com\/en\/wp-json\/wp\/v2\/pages\/2404"}],"wp:featuredmedia":[{"embeddable":true,"href":"https:\/\/usinagevilleneuve.com\/en\/wp-json\/wp\/v2\/media\/2345"}],"wp:attachment":[{"href":"https:\/\/usinagevilleneuve.com\/en\/wp-json\/wp\/v2\/media?parent=2711"}],"curies":[{"name":"wp","href":"https:\/\/api.w.org\/{rel}","templated":true}]}}