{"id":2747,"date":"2024-03-23T21:44:38","date_gmt":"2024-03-24T02:44:38","guid":{"rendered":"https:\/\/usinagevilleneuve.com\/?page_id=2747"},"modified":"2024-04-04T19:26:51","modified_gmt":"2024-04-05T00:26:51","slug":"nos-equipements","status":"publish","type":"page","link":"https:\/\/usinagevilleneuve.com\/en\/a-propos\/nos-equipements\/","title":{"rendered":"Nos \u00e9quipements"},"content":{"rendered":"<div data-elementor-type=\"wp-page\" data-elementor-id=\"2747\" class=\"elementor elementor-2747\" data-elementor-post-type=\"page\">\n\t\t\t\t<div class=\"elementor-element elementor-element-1e96eb65 e-con-full e-flex e-con e-parent\" data-id=\"1e96eb65\" data-element_type=\"container\">\n\t\t<div class=\"elementor-element elementor-element-20ea8f36 e-con-full e-flex e-con e-child\" data-id=\"20ea8f36\" data-element_type=\"container\" data-settings=\"{&quot;background_background&quot;:&quot;classic&quot;}\">\n\t\t\t\t<\/div>\n\t\t<div class=\"elementor-element elementor-element-77fd462a e-con-full e-flex e-con e-child\" data-id=\"77fd462a\" data-element_type=\"container\" data-settings=\"{&quot;background_background&quot;:&quot;classic&quot;}\">\n\t\t\t\t<div class=\"elementor-element elementor-element-65e21964 elementor-cta--skin-classic elementor-animated-content elementor-bg-transform elementor-bg-transform-zoom-in elementor-widget elementor-widget-call-to-action\" data-id=\"65e21964\" data-element_type=\"widget\" data-widget_type=\"call-to-action.default\">\n\t\t\t\t<div class=\"elementor-widget-container\">\n\t\t\t\t\t\t\t<div class=\"elementor-cta\">\n\t\t\t\t\t\t\t<div class=\"elementor-cta__content\">\n\t\t\t\t\n\t\t\t\t\t\t\t\t\t<h1 class=\"elementor-cta__title elementor-cta__content-item elementor-content-item\">\n\t\t\t\t\t\tNos \u00e9quipements d'usinage\t\t\t\t\t<\/h1>\n\t\t\t\t\n\t\t\t\t\t\t\t\t\t<div class=\"elementor-cta__description elementor-cta__content-item elementor-content-item\">\n\t\t\t\t\t\tDe la machinerie d'usinage op\u00e9r\u00e9s par des sp\u00e9cialiste passionn\u00e9s. Nous poss\u00e9dons les meilleurs \u00e9quipements et des technologies \u00e0 syst\u00e8me robotis\u00e9.\t\t\t\t\t<\/div>\n\t\t\t\t\n\t\t\t\t\t\t\t<\/div>\n\t\t\t\t\t\t<\/div>\n\t\t\t\t\t\t<\/div>\n\t\t\t\t<\/div>\n\t\t\t\t<\/div>\n\t\t\t\t<\/div>\n\t\t<div class=\"elementor-element elementor-element-5bf6206 e-flex e-con-boxed e-con e-parent\" data-id=\"5bf6206\" data-element_type=\"container\" data-settings=\"{&quot;background_background&quot;:&quot;classic&quot;}\">\n\t\t\t\t\t<div class=\"e-con-inner\">\n\t\t<div class=\"elementor-element elementor-element-da15b3f e-con-full e-flex e-con e-child\" data-id=\"da15b3f\" data-element_type=\"container\">\n\t\t\t\t<div class=\"elementor-element elementor-element-5945b4f elementor-align-center elementor-widget elementor-widget-button\" data-id=\"5945b4f\" data-element_type=\"widget\" data-widget_type=\"button.default\">\n\t\t\t\t<div class=\"elementor-widget-container\">\n\t\t\t\t\t\t\t\t\t<div class=\"elementor-button-wrapper\">\n\t\t\t\t\t<a class=\"elementor-button elementor-button-link elementor-size-sm\" href=\"#elementor-action%3Aaction%3Dpopup%3Aopen%26settings%3DeyJpZCI6IjI0NDQiLCJ0b2dnbGUiOmZhbHNlfQ%3D%3D\">\n\t\t\t\t\t\t<span class=\"elementor-button-content-wrapper\">\n\t\t\t\t\t\t<span class=\"elementor-button-icon\">\n\t\t\t\t<svg xmlns=\"http:\/\/www.w3.org\/2000\/svg\" id=\"bb19cefa-da70-4c4e-8494-ad25bbd47839\" data-name=\"Layer 1\" width=\"32.9204\" height=\"17.832\" viewbox=\"0 0 32.9204 17.832\"><polygon points=\"31.858 8.055 31.858 8.016 31.817 8.016 23.417 0 22.036 1.447 28.931 8.026 0 8.026 0.007 10.026 28.928 10.026 22.048 16.361 23.404 17.832 32.92 9.069 31.858 8.055\"><\/polygon><\/svg>\t\t\t<\/span>\n\t\t\t\t\t\t\t\t\t<span class=\"elementor-button-text\">Contactez-nous<\/span>\n\t\t\t\t\t<\/span>\n\t\t\t\t\t<\/a>\n\t\t\t\t<\/div>\n\t\t\t\t\t\t\t\t<\/div>\n\t\t\t\t<\/div>\n\t\t\t\t<\/div>\n\t\t<div class=\"elementor-element elementor-element-e60e3b6 e-con-full e-flex e-con e-child\" data-id=\"e60e3b6\" data-element_type=\"container\">\n\t\t\t\t<div class=\"elementor-element elementor-element-84284cc elementor-widget elementor-widget-video\" data-id=\"84284cc\" data-element_type=\"widget\" data-settings=\"{&quot;youtube_url&quot;:&quot;https:\\\/\\\/youtu.be\\\/LNoKMHdHAGY?si=JPIMD8uAwmezkBKg&quot;,&quot;video_type&quot;:&quot;youtube&quot;,&quot;controls&quot;:&quot;yes&quot;}\" data-widget_type=\"video.default\">\n\t\t\t\t<div class=\"elementor-widget-container\">\n\t\t\t\t\t\t\t<div class=\"elementor-wrapper elementor-open-inline\">\n\t\t\t<div class=\"elementor-video\"><\/div>\t\t<\/div>\n\t\t\t\t\t\t<\/div>\n\t\t\t\t<\/div>\n\t\t\t\t<div class=\"elementor-element elementor-element-2b2ae5e elementor-widget elementor-widget-text-editor\" data-id=\"2b2ae5e\" data-element_type=\"widget\" data-widget_type=\"text-editor.default\">\n\t\t\t\t<div class=\"elementor-widget-container\">\n\t\t\t\t\t\t\t\t\t<p>Usinage Villeneuve, entreprise familiale de troisi\u00e8me g\u00e9n\u00e9ration,\u00a0<strong>a \u00e9t\u00e9 fond\u00e9 en 1983<\/strong>\u00a0par Marcel Villeneuve. Alors que l\u2019entreprise \u0153uvrait \u00e0 l\u2019\u00e9poque dans un atelier d\u2019usinage de 1 000 pieds carr\u00e9s, un agrandissement majeur a \u00e9t\u00e9 effectu\u00e9 en 1988 lors de l\u2019acquisition de nouveaux locaux d\u2019usinage. Cet agrandissement a \u00e9t\u00e9 doubl\u00e9 de l\u2019achat des premi\u00e8res machines-outils \u00e0 contr\u00f4le num\u00e9rique. \u00c0 l\u2019heure actuelle,\u00a0<strong>l\u2019entreprise compte 17 de ces machines de marque Mazak et autres<\/strong>\u00a0dans un atelier d\u2019usinage de 17 000 pieds carr\u00e9s.<\/p><p>Plus pr\u00e9cis\u00e9ment, nous disposons d\u2019une large gamme d\u2019\u00e9quipements sophistiqu\u00e9s de haute technologie. Cela nous permet de r\u00e9pondre \u00e0 la demande de notre client\u00e8le en usinant, assemblant et soudant dans tous les types de mat\u00e9riaux. Notre \u00e9ventail d\u2019\u00e9quipement ainsi que notre \u00e9quipe de professionnels qualifi\u00e9s nous permettent de r\u00e9aliser l\u2019usinage de vos pi\u00e8ces de pr\u00e9cision sur mesure aussi bien \u00e0 l\u2019unit\u00e9 qu\u2019en s\u00e9rie.<\/p><p>De plus,\u00a0<strong>gr\u00e2ce \u00e0 nos comp\u00e9tences et nos connaissances<\/strong>\u00a0en mati\u00e8re de m\u00e9taux, de mati\u00e8re plastique et de propri\u00e9t\u00e9s de mat\u00e9riaux composites, notre \u00e9quipe d\u2019usinage a d\u00e9velopp\u00e9 des comp\u00e9tences pour l\u2019int\u00e9gration de nouvelles m\u00e9thodes d\u2019optimisation qui peuvent \u00eatre appliqu\u00e9es \u00e0 diff\u00e9rents produits. Dans certains cas, il est possible de diminuer le co\u00fbt de fabrication, le temps de fabrication ou la taille du lot minimal.<\/p><p>Aussi, afin d\u2019optimiser les m\u00e9thodes d\u2019inspection, usinage Villeneuve s\u2019est dot\u00e9 d\u2019une CMM, \u00ab coordinate measuring machine \u00bb, qui apporte une r\u00e9gularit\u00e9 d\u2019inspection plus constante garantissant ainsi une marge d\u2019erreur minimis\u00e9e.<\/p>\t\t\t\t\t\t\t\t<\/div>\n\t\t\t\t<\/div>\n\t\t\t\t<\/div>\n\t\t<div class=\"elementor-element elementor-element-05e0930 e-con-full e-flex e-con e-child\" data-id=\"05e0930\" data-element_type=\"container\">\n\t\t\t\t<div class=\"elementor-element elementor-element-cab215c elementor-widget elementor-widget-text-editor\" data-id=\"cab215c\" data-element_type=\"widget\" data-widget_type=\"text-editor.default\">\n\t\t\t\t<div class=\"elementor-widget-container\">\n\t\t\t\t\t\t\t\t\t<table border=\"1\" cellspacing=\"1\" cellpadding=\"1\">\n<thead>\n<tr>\n<th colspan=\"3\" scope=\"col\">TOUR CNC<\/th>\n<\/tr>\n<\/thead>\n<tbody>\n<tr>\n<td><strong>QUANTIT\u00c9 ET MARQUE<\/strong><\/td>\n<td><strong>DESCRIPTION<\/strong><\/td>\n<td><strong>SP\u00c9CIFICATIONS<\/strong><\/td>\n<\/tr>\n<tr>\n<td>1 X Mazak<\/td>\n<td>Tour CNC Multiplex W-200-Y -2 t\u00eates<\/td>\n<td>2 x 2 axes &#8211; avec un robot de chargement<\/td>\n<\/tr>\n<tr>\n<td>2 X Mazak<\/td>\n<td>Tour CNC Multiplex 620 -2 t\u00eates<\/td>\n<td>2 x 3 axes &#8211; avec un robot de chargement<\/td>\n<\/tr>\n<tr>\n<td>1 X Mazak<\/td>\n<td>tour cnc integrex i-200 hsn<\/td>\n<td>full 5 axes \u00d825 x 40\u00a0\u00bb 74 outils 12 000 rpm<\/td>\n<\/tr>\n<tr>\n<td>1 X Mazak<\/td>\n<td>Tour CNC Super Quick Turn 10 m<\/td>\n<td>3 axes &#8211; 6 000 RPM &#8211; 8&Prime; x 15 long<\/td>\n<\/tr>\n<tr>\n<td>1 X Mazak<\/td>\n<td>Tour CNC Quick Turn 20<\/td>\n<td>2 axes &#8211; 12 x 30 long<\/td>\n<\/tr>\n<tr>\n<td>1 X Mazak<\/td>\n<td>Tour CNC Nexus 250 my<\/td>\n<td>4 axes \u2013 5000 RPM \u2013 \u00d8 20&Prime; x 28&Prime;<\/td>\n<\/tr>\n<tr>\n<td>1 X Mazak<\/td>\n<td>Tour CNC SQT 300 my<\/td>\n<td>4 axes &#8211; \u00d8 28 x 60 long<\/td>\n<\/tr>\n<tr>\n<td>1 X Mazak<\/td>\n<td>Tour CNC INTEGREX 200<\/td>\n<td>5 axes \u2013 6 000 RPM \u2013 40 outils 20 x 40<\/td>\n<\/tr>\n<tr>\n<td>1 X Mazak<\/td>\n<td>Tour QTN 100 MSY<\/td>\n<td>4 axes avec bar feeder<\/td>\n<\/tr>\n<\/tbody>\n<\/table>\n<table border=\"1\" cellspacing=\"1\" cellpadding=\"1\">\n<thead>\n<tr>\n<th colspan=\"3\" scope=\"col\">SALLE D\u2019INSPECTION COMPL\u00c8TE &#8211; TEMP\u00c9RATURE \u00c0 AIR CONTR\u00d4L\u00c9<\/th>\n<\/tr>\n<\/thead>\n<tbody>\n<tr>\n<td><strong>QUANTIT\u00c9 ET MARQUE<\/strong><\/td>\n<td><strong>DESCRIPTION<\/strong><\/td>\n<td><strong>SP\u00c9CIFICATIONS<\/strong><\/td>\n<\/tr>\n<tr>\n<td>1 X mitutoyo<\/td>\n<td>CMM<\/td>\n<td>900mm en x, 1000mm en y et 600 en z<\/td>\n<\/tr>\n<\/tbody>\n<\/table>\n<table border=\"1\" cellspacing=\"1\" cellpadding=\"1\">\n<thead>\n<tr>\n<th colspan=\"3\" scope=\"col\">COUPE AU FIL<\/th>\n<\/tr>\n<\/thead>\n<tbody>\n<tr>\n<td><strong>QUANTIT\u00c9 ET MARQUE<\/strong><\/td>\n<td><strong>DESCRIPTION<\/strong><\/td>\n<td><strong>SP\u00c9CIFICATIONS<\/strong><\/td>\n<\/tr>\n<tr>\n<td>2 X Agie<\/td>\n<td>Wire EDM<\/td>\n<td>2 Wire EDM Agie 4 axes 20 x 20 x 16<\/td>\n<\/tr>\n<\/tbody>\n<\/table>\n<table border=\"1\" cellspacing=\"1\" cellpadding=\"1\">\n<thead>\n<tr>\n<th colspan=\"3\" scope=\"col\">FRAISEUSE CNC<\/th>\n<\/tr>\n<\/thead>\n<tbody>\n<tr>\n<td><strong>QUANTIT\u00c9 ET MARQUE<\/strong><\/td>\n<td><strong>DESCRIPTION<\/strong><\/td>\n<td><strong>SP\u00c9CIFICATIONS<\/strong><\/td>\n<\/tr>\n<tr>\n<td>1 X Mazak<\/td>\n<td>Fraiseuse CNC AJV 60\/120<\/td>\n<td>4 axes \u2013 5 000 RPM &#8211; 60 x 120<\/td>\n<\/tr>\n<tr>\n<td>1 X Mazak<\/td>\n<td>Fraiseuse CNC HCN 5000 &#8211; 2 tables<\/td>\n<td>4 axes &#8211; 15 000 RPM &#8211; 28 x 28 x 26 84 outils<\/td>\n<\/tr>\n<tr>\n<td>1 X Mazak<\/td>\n<td>Fraiseuse CNC V-655-60 &#8211; 2 tables<\/td>\n<td>4 axes &#8211; 6 000 RPM &#8211; 60 x 25 x 25<\/td>\n<\/tr>\n<tr>\n<td>2 X Mazak<\/td>\n<td>Fraiseuses CNC HTC 400 &#8211; 2 tables<\/td>\n<td>4 axes &#8211; 10 000 RPM &#8211; 20 x 20 x 20<\/td>\n<\/tr>\n<tr>\n<td>2 X Mazak<\/td>\n<td>Fraiseuses CNC FH5800 \u2013 12 tables Chargement avec robot<\/td>\n<td>4 axes &#8211; 12 000 RPM &#8211; 27 x 25 x 25 2 x 120 outils<\/td>\n<\/tr>\n<tr>\n<td>1 X Mazak<\/td>\n<td>Fraiseuse CNC HCN 5000 &#8211; 2 tables<\/td>\n<td>4 axes 18000 rpm 28 x 28 x 29 160 outils<\/td>\n<\/tr>\n<tr>\n<td>1 X KUKA<\/td>\n<td>Robot (Alimentateur de pi\u00e8ces pour fraiseuse)<\/td>\n<td>20 kg 6 axes<\/td>\n<\/tr>\n<\/tbody>\n<\/table>\n<table border=\"1\" cellspacing=\"1\" cellpadding=\"1\">\n<thead>\n<tr>\n<th colspan=\"4\" scope=\"col\">GRINDING ROOM POUR OUTILLAGE ET AFF\u00dbTAGE D\u2019OUTILS DE COUPE<\/th>\n<\/tr>\n<\/thead>\n<tbody>\n<tr>\n<td><strong>QUANTIT\u00c9 ET MARQUE<\/strong><\/td>\n<td><strong>DESCRIPTION<\/strong><\/td>\n<td><strong>SP\u00c9CIFICATIONS<\/strong><\/td>\n<\/tr>\n<tr>\n<td>1 X Brown and Sharpe<\/td>\n<td><\/td>\n<td><\/td>\n<\/tr>\n<tr>\n<td>4 X Cincinnati<\/td>\n<td><\/td>\n<td><\/td>\n<\/tr>\n<\/tbody>\n<\/table>\t\t\t\t\t\t\t\t<\/div>\n\t\t\t\t<\/div>\n\t\t\t\t<\/div>\n\t\t\t\t\t<\/div>\n\t\t\t\t<\/div>\n\t\t\t\t<\/div>","protected":false},"excerpt":{"rendered":"<p>Nos \u00e9quipements d&rsquo;usinage De la machinerie d&rsquo;usinage op\u00e9r\u00e9s par des sp\u00e9cialiste passionn\u00e9s. Nous poss\u00e9dons les meilleurs \u00e9quipements et des technologies \u00e0 syst\u00e8me robotis\u00e9. Contactez-nous https:\/\/youtu.be\/LNoKMHdHAGY?si=JPIMD8uAwmezkBKg Usinage Villeneuve, entreprise familiale de troisi\u00e8me g\u00e9n\u00e9ration,\u00a0a \u00e9t\u00e9 fond\u00e9 en 1983\u00a0par Marcel Villeneuve. Alors que l\u2019entreprise \u0153uvrait \u00e0 l\u2019\u00e9poque dans un atelier d\u2019usinage de 1 000 pieds carr\u00e9s, un agrandissement [&hellip;]<\/p>","protected":false},"author":1,"featured_media":2434,"parent":2169,"menu_order":0,"comment_status":"closed","ping_status":"closed","template":"elementor_theme","meta":{"footnotes":""},"class_list":["post-2747","page","type-page","status-publish","has-post-thumbnail","hentry"],"yoast_head":"<!-- This site is optimized with the Yoast SEO plugin v24.8.1 - https:\/\/yoast.com\/wordpress\/plugins\/seo\/ -->\n<title>Nos \u00e9quipements - Usinage Villeneuve<\/title>\n<meta name=\"robots\" content=\"index, follow, max-snippet:-1, max-image-preview:large, max-video-preview:-1\" \/>\n<link rel=\"canonical\" href=\"https:\/\/usinagevilleneuve.com\/en\/a-propos\/nos-equipements\/\" \/>\n<meta property=\"og:locale\" content=\"en_US\" \/>\n<meta property=\"og:type\" content=\"article\" \/>\n<meta property=\"og:title\" content=\"Nos \u00e9quipements - Usinage Villeneuve\" \/>\n<meta property=\"og:description\" content=\"Nos \u00e9quipements d&rsquo;usinage De la machinerie d&rsquo;usinage op\u00e9r\u00e9s par des sp\u00e9cialiste passionn\u00e9s. Nous poss\u00e9dons les meilleurs \u00e9quipements et des technologies \u00e0 syst\u00e8me robotis\u00e9. Contactez-nous https:\/\/youtu.be\/LNoKMHdHAGY?si=JPIMD8uAwmezkBKg Usinage Villeneuve, entreprise familiale de troisi\u00e8me g\u00e9n\u00e9ration,\u00a0a \u00e9t\u00e9 fond\u00e9 en 1983\u00a0par Marcel Villeneuve. Alors que l\u2019entreprise \u0153uvrait \u00e0 l\u2019\u00e9poque dans un atelier d\u2019usinage de 1 000 pieds carr\u00e9s, un agrandissement [&hellip;]\" \/>\n<meta property=\"og:url\" content=\"https:\/\/usinagevilleneuve.com\/en\/a-propos\/nos-equipements\/\" \/>\n<meta property=\"og:site_name\" content=\"Usinage Villeneuve\" \/>\n<meta property=\"article:modified_time\" content=\"2024-04-05T00:26:51+00:00\" \/>\n<meta property=\"og:image\" content=\"https:\/\/usinagevilleneuve.com\/wp-content\/uploads\/2024\/02\/robot.jpg\" \/>\n\t<meta property=\"og:image:width\" content=\"1920\" \/>\n\t<meta property=\"og:image:height\" content=\"1200\" \/>\n\t<meta property=\"og:image:type\" content=\"image\/jpeg\" \/>\n<meta name=\"twitter:card\" content=\"summary_large_image\" \/>\n<meta name=\"twitter:label1\" content=\"Est. reading time\" \/>\n\t<meta name=\"twitter:data1\" content=\"4 minutes\" \/>\n<script type=\"application\/ld+json\" class=\"yoast-schema-graph\">{\"@context\":\"https:\/\/schema.org\",\"@graph\":[{\"@type\":\"WebPage\",\"@id\":\"https:\/\/usinagevilleneuve.com\/a-propos\/nos-equipements\/\",\"url\":\"https:\/\/usinagevilleneuve.com\/a-propos\/nos-equipements\/\",\"name\":\"Nos \u00e9quipements - Usinage Villeneuve\",\"isPartOf\":{\"@id\":\"https:\/\/usinagevilleneuve.com\/#website\"},\"primaryImageOfPage\":{\"@id\":\"https:\/\/usinagevilleneuve.com\/a-propos\/nos-equipements\/#primaryimage\"},\"image\":{\"@id\":\"https:\/\/usinagevilleneuve.com\/a-propos\/nos-equipements\/#primaryimage\"},\"thumbnailUrl\":\"https:\/\/usinagevilleneuve.com\/wp-content\/uploads\/2024\/02\/robot.jpg\",\"datePublished\":\"2024-03-24T02:44:38+00:00\",\"dateModified\":\"2024-04-05T00:26:51+00:00\",\"breadcrumb\":{\"@id\":\"https:\/\/usinagevilleneuve.com\/a-propos\/nos-equipements\/#breadcrumb\"},\"inLanguage\":\"en-CA\",\"potentialAction\":[{\"@type\":\"ReadAction\",\"target\":[\"https:\/\/usinagevilleneuve.com\/a-propos\/nos-equipements\/\"]}]},{\"@type\":\"ImageObject\",\"inLanguage\":\"en-CA\",\"@id\":\"https:\/\/usinagevilleneuve.com\/a-propos\/nos-equipements\/#primaryimage\",\"url\":\"https:\/\/usinagevilleneuve.com\/wp-content\/uploads\/2024\/02\/robot.jpg\",\"contentUrl\":\"https:\/\/usinagevilleneuve.com\/wp-content\/uploads\/2024\/02\/robot.jpg\",\"width\":1920,\"height\":1200,\"caption\":\"Machinerie d'usinage robotis\u00e9e.\"},{\"@type\":\"BreadcrumbList\",\"@id\":\"https:\/\/usinagevilleneuve.com\/a-propos\/nos-equipements\/#breadcrumb\",\"itemListElement\":[{\"@type\":\"ListItem\",\"position\":1,\"name\":\"Accueil\",\"item\":\"https:\/\/usinagevilleneuve.com\/\"},{\"@type\":\"ListItem\",\"position\":2,\"name\":\"\u00c0 propos\",\"item\":\"https:\/\/usinagevilleneuve.com\/a-propos\/\"},{\"@type\":\"ListItem\",\"position\":3,\"name\":\"Nos \u00e9quipements\"}]},{\"@type\":\"WebSite\",\"@id\":\"https:\/\/usinagevilleneuve.com\/#website\",\"url\":\"https:\/\/usinagevilleneuve.com\/\",\"name\":\"Usinage Villeneuve\",\"description\":\"Expertise in\u00e9gal\u00e9e en usiange\",\"publisher\":{\"@id\":\"https:\/\/usinagevilleneuve.com\/#organization\"},\"potentialAction\":[{\"@type\":\"SearchAction\",\"target\":{\"@type\":\"EntryPoint\",\"urlTemplate\":\"https:\/\/usinagevilleneuve.com\/?s={search_term_string}\"},\"query-input\":{\"@type\":\"PropertyValueSpecification\",\"valueRequired\":true,\"valueName\":\"search_term_string\"}}],\"inLanguage\":\"en-CA\"},{\"@type\":\"Organization\",\"@id\":\"https:\/\/usinagevilleneuve.com\/#organization\",\"name\":\"Usinage Villeneuve\",\"url\":\"https:\/\/usinagevilleneuve.com\/\",\"logo\":{\"@type\":\"ImageObject\",\"inLanguage\":\"en-CA\",\"@id\":\"https:\/\/usinagevilleneuve.com\/#\/schema\/logo\/image\/\",\"url\":\"https:\/\/usinagevilleneuve.com\/wp-content\/uploads\/2024\/02\/logo-usinage-iso.png\",\"contentUrl\":\"https:\/\/usinagevilleneuve.com\/wp-content\/uploads\/2024\/02\/logo-usinage-iso.png\",\"width\":1000,\"height\":500,\"caption\":\"Usinage Villeneuve\"},\"image\":{\"@id\":\"https:\/\/usinagevilleneuve.com\/#\/schema\/logo\/image\/\"}}]}<\/script>\n<!-- \/ Yoast SEO plugin. -->","yoast_head_json":{"title":"Nos \u00e9quipements - Usinage Villeneuve","robots":{"index":"index","follow":"follow","max-snippet":"max-snippet:-1","max-image-preview":"max-image-preview:large","max-video-preview":"max-video-preview:-1"},"canonical":"https:\/\/usinagevilleneuve.com\/en\/a-propos\/nos-equipements\/","og_locale":"en_US","og_type":"article","og_title":"Nos \u00e9quipements - Usinage Villeneuve","og_description":"Nos \u00e9quipements d&rsquo;usinage De la machinerie d&rsquo;usinage op\u00e9r\u00e9s par des sp\u00e9cialiste passionn\u00e9s. Nous poss\u00e9dons les meilleurs \u00e9quipements et des technologies \u00e0 syst\u00e8me robotis\u00e9. Contactez-nous https:\/\/youtu.be\/LNoKMHdHAGY?si=JPIMD8uAwmezkBKg Usinage Villeneuve, entreprise familiale de troisi\u00e8me g\u00e9n\u00e9ration,\u00a0a \u00e9t\u00e9 fond\u00e9 en 1983\u00a0par Marcel Villeneuve. Alors que l\u2019entreprise \u0153uvrait \u00e0 l\u2019\u00e9poque dans un atelier d\u2019usinage de 1 000 pieds carr\u00e9s, un agrandissement [&hellip;]","og_url":"https:\/\/usinagevilleneuve.com\/en\/a-propos\/nos-equipements\/","og_site_name":"Usinage Villeneuve","article_modified_time":"2024-04-05T00:26:51+00:00","og_image":[{"width":1920,"height":1200,"url":"https:\/\/usinagevilleneuve.com\/wp-content\/uploads\/2024\/02\/robot.jpg","type":"image\/jpeg"}],"twitter_card":"summary_large_image","twitter_misc":{"Est. reading time":"4 minutes"},"schema":{"@context":"https:\/\/schema.org","@graph":[{"@type":"WebPage","@id":"https:\/\/usinagevilleneuve.com\/a-propos\/nos-equipements\/","url":"https:\/\/usinagevilleneuve.com\/a-propos\/nos-equipements\/","name":"Nos \u00e9quipements - Usinage Villeneuve","isPartOf":{"@id":"https:\/\/usinagevilleneuve.com\/#website"},"primaryImageOfPage":{"@id":"https:\/\/usinagevilleneuve.com\/a-propos\/nos-equipements\/#primaryimage"},"image":{"@id":"https:\/\/usinagevilleneuve.com\/a-propos\/nos-equipements\/#primaryimage"},"thumbnailUrl":"https:\/\/usinagevilleneuve.com\/wp-content\/uploads\/2024\/02\/robot.jpg","datePublished":"2024-03-24T02:44:38+00:00","dateModified":"2024-04-05T00:26:51+00:00","breadcrumb":{"@id":"https:\/\/usinagevilleneuve.com\/a-propos\/nos-equipements\/#breadcrumb"},"inLanguage":"en-CA","potentialAction":[{"@type":"ReadAction","target":["https:\/\/usinagevilleneuve.com\/a-propos\/nos-equipements\/"]}]},{"@type":"ImageObject","inLanguage":"en-CA","@id":"https:\/\/usinagevilleneuve.com\/a-propos\/nos-equipements\/#primaryimage","url":"https:\/\/usinagevilleneuve.com\/wp-content\/uploads\/2024\/02\/robot.jpg","contentUrl":"https:\/\/usinagevilleneuve.com\/wp-content\/uploads\/2024\/02\/robot.jpg","width":1920,"height":1200,"caption":"Machinerie d'usinage robotis\u00e9e."},{"@type":"BreadcrumbList","@id":"https:\/\/usinagevilleneuve.com\/a-propos\/nos-equipements\/#breadcrumb","itemListElement":[{"@type":"ListItem","position":1,"name":"Accueil","item":"https:\/\/usinagevilleneuve.com\/"},{"@type":"ListItem","position":2,"name":"\u00c0 propos","item":"https:\/\/usinagevilleneuve.com\/a-propos\/"},{"@type":"ListItem","position":3,"name":"Nos \u00e9quipements"}]},{"@type":"WebSite","@id":"https:\/\/usinagevilleneuve.com\/#website","url":"https:\/\/usinagevilleneuve.com\/","name":"Usinage Villeneuve","description":"Expertise in\u00e9gal\u00e9e en usiange","publisher":{"@id":"https:\/\/usinagevilleneuve.com\/#organization"},"potentialAction":[{"@type":"SearchAction","target":{"@type":"EntryPoint","urlTemplate":"https:\/\/usinagevilleneuve.com\/?s={search_term_string}"},"query-input":{"@type":"PropertyValueSpecification","valueRequired":true,"valueName":"search_term_string"}}],"inLanguage":"en-CA"},{"@type":"Organization","@id":"https:\/\/usinagevilleneuve.com\/#organization","name":"Usinage Villeneuve","url":"https:\/\/usinagevilleneuve.com\/","logo":{"@type":"ImageObject","inLanguage":"en-CA","@id":"https:\/\/usinagevilleneuve.com\/#\/schema\/logo\/image\/","url":"https:\/\/usinagevilleneuve.com\/wp-content\/uploads\/2024\/02\/logo-usinage-iso.png","contentUrl":"https:\/\/usinagevilleneuve.com\/wp-content\/uploads\/2024\/02\/logo-usinage-iso.png","width":1000,"height":500,"caption":"Usinage Villeneuve"},"image":{"@id":"https:\/\/usinagevilleneuve.com\/#\/schema\/logo\/image\/"}}]}},"_links":{"self":[{"href":"https:\/\/usinagevilleneuve.com\/en\/wp-json\/wp\/v2\/pages\/2747","targetHints":{"allow":["GET"]}}],"collection":[{"href":"https:\/\/usinagevilleneuve.com\/en\/wp-json\/wp\/v2\/pages"}],"about":[{"href":"https:\/\/usinagevilleneuve.com\/en\/wp-json\/wp\/v2\/types\/page"}],"author":[{"embeddable":true,"href":"https:\/\/usinagevilleneuve.com\/en\/wp-json\/wp\/v2\/users\/1"}],"replies":[{"embeddable":true,"href":"https:\/\/usinagevilleneuve.com\/en\/wp-json\/wp\/v2\/comments?post=2747"}],"version-history":[{"count":16,"href":"https:\/\/usinagevilleneuve.com\/en\/wp-json\/wp\/v2\/pages\/2747\/revisions"}],"predecessor-version":[{"id":3105,"href":"https:\/\/usinagevilleneuve.com\/en\/wp-json\/wp\/v2\/pages\/2747\/revisions\/3105"}],"up":[{"embeddable":true,"href":"https:\/\/usinagevilleneuve.com\/en\/wp-json\/wp\/v2\/pages\/2169"}],"wp:featuredmedia":[{"embeddable":true,"href":"https:\/\/usinagevilleneuve.com\/en\/wp-json\/wp\/v2\/media\/2434"}],"wp:attachment":[{"href":"https:\/\/usinagevilleneuve.com\/en\/wp-json\/wp\/v2\/media?parent=2747"}],"curies":[{"name":"wp","href":"https:\/\/api.w.org\/{rel}","templated":true}]}}