{"id":2974,"date":"2024-03-24T15:17:00","date_gmt":"2024-03-24T20:17:00","guid":{"rendered":"https:\/\/usinagevilleneuve.com\/?page_id=2974"},"modified":"2024-03-24T15:45:37","modified_gmt":"2024-03-24T20:45:37","slug":"usinage-de-pointe-a-quebec-au-coeur-de-linnovation-technologique","status":"publish","type":"page","link":"https:\/\/usinagevilleneuve.com\/en\/usinage-dans-les-plus-grandes-villes-du-quebec\/usinage-de-pointe-a-quebec-au-coeur-de-linnovation-technologique\/","title":{"rendered":"Usinage de Pointe \u00e0 Qu\u00e9bec : Au C\u0153ur de l&rsquo;Innovation Technologique"},"content":{"rendered":"<div data-elementor-type=\"wp-page\" data-elementor-id=\"2974\" class=\"elementor elementor-2974\" data-elementor-post-type=\"page\">\n\t\t\t\t<div class=\"elementor-element elementor-element-73aff768 e-con-full e-flex e-con e-parent\" data-id=\"73aff768\" data-element_type=\"container\">\n\t\t<div class=\"elementor-element elementor-element-5b2e1445 e-con-full e-flex e-con e-child\" data-id=\"5b2e1445\" data-element_type=\"container\" data-settings=\"{&quot;background_background&quot;:&quot;classic&quot;}\">\n\t\t\t\t<\/div>\n\t\t<div class=\"elementor-element elementor-element-3d3f47f3 e-con-full e-flex e-con e-child\" data-id=\"3d3f47f3\" data-element_type=\"container\" data-settings=\"{&quot;background_background&quot;:&quot;classic&quot;}\">\n\t\t\t\t<div class=\"elementor-element elementor-element-4b60d0d2 elementor-cta--skin-classic elementor-animated-content elementor-bg-transform elementor-bg-transform-zoom-in elementor-widget elementor-widget-call-to-action\" data-id=\"4b60d0d2\" data-element_type=\"widget\" data-widget_type=\"call-to-action.default\">\n\t\t\t\t<div class=\"elementor-widget-container\">\n\t\t\t\t\t\t\t<div class=\"elementor-cta\">\n\t\t\t\t\t\t\t<div class=\"elementor-cta__content\">\n\t\t\t\t\n\t\t\t\t\t\t\t\t\t<span class=\"elementor-cta__title elementor-cta__content-item elementor-content-item\">\n\t\t\t\t\t\tUsinage de Pointe \u00e0 Qu\u00e9bec : Au C\u0153ur de l&rsquo;Innovation Technologique\t\t\t\t\t<\/span>\n\t\t\t\t\n\t\t\t\t\n\t\t\t\t\t\t\t<\/div>\n\t\t\t\t\t\t<\/div>\n\t\t\t\t\t\t<\/div>\n\t\t\t\t<\/div>\n\t\t\t\t<\/div>\n\t\t\t\t<\/div>\n\t\t<div class=\"elementor-element elementor-element-684dc3b e-flex e-con-boxed e-con e-parent\" data-id=\"684dc3b\" data-element_type=\"container\">\n\t\t\t\t\t<div class=\"e-con-inner\">\n\t\t\t\t<div class=\"elementor-element elementor-element-fcf181f elementor-widget elementor-widget-text-editor\" data-id=\"fcf181f\" data-element_type=\"widget\" data-widget_type=\"text-editor.default\">\n\t\t\t\t<div class=\"elementor-widget-container\">\n\t\t\t\t\t\t\t\t\t<h1>Usinage de Pointe \u00e0 Qu\u00e9bec : Au C\u0153ur de l&rsquo;Innovation Technologique<\/h1><p>Qu\u00e9bec est reconnue comme un carrefour d&rsquo;innovation technologique, o\u00f9 la demande pour des services d&rsquo;usinage sp\u00e9cialis\u00e9s ne cesse de cro\u00eetre. Nos services d&rsquo;usinage \u00e0 Qu\u00e9bec sont sp\u00e9cialement con\u00e7us pour r\u00e9pondre aux besoins des secteurs de pointe, tels que la technologie de l&rsquo;information, les sciences de la vie et l&rsquo;\u00e9nergie renouvelable. Gr\u00e2ce \u00e0 notre approche centr\u00e9e sur la client\u00e8le et \u00e0 notre capacit\u00e9 \u00e0 s&rsquo;adapter aux projets les plus complexes, nous sommes le choix pr\u00e9f\u00e9r\u00e9 pour les entreprises qui recherchent la pr\u00e9cision et l&rsquo;efficacit\u00e9.<\/p><h2>R\u00e9pondre aux Besoins Technologiques de Qu\u00e9bec<\/h2><p>Notre expertise en usinage \u00e0 <strong>Qu\u00e9bec<\/strong> nous permet de fournir des solutions sur mesure qui transcendent les attentes en termes de qualit\u00e9 et de performance. En exploitant des technologies d&rsquo;usinage avanc\u00e9es et en maintenant une collaboration \u00e9troite avec nos clients, nous assurons que chaque projet b\u00e9n\u00e9ficie de la meilleure expertise et des derni\u00e8res innovations dans le domaine.<\/p><h2>Votre Partenaire pour l&rsquo;Innovation \u00e0 Qu\u00e9bec<\/h2><p>En tant que leader dans les services d&rsquo;<strong>usinage \u00e0 Qu\u00e9bec<\/strong>, nous sommes d\u00e9termin\u00e9s \u00e0 soutenir l&rsquo;\u00e9cosyst\u00e8me technologique de la ville. Notre engagement envers la qualit\u00e9, l&rsquo;innovation et la satisfaction du client fait de nous le partenaire id\u00e9al pour vos projets d&rsquo;usinage. Contactez-nous pour en savoir plus sur notre capacit\u00e9 \u00e0 contribuer au succ\u00e8s de votre entreprise dans l&rsquo;environnement technologique unique de Qu\u00e9bec.<\/p>\t\t\t\t\t\t\t\t<\/div>\n\t\t\t\t<\/div>\n\t\t\t\t\t<\/div>\n\t\t\t\t<\/div>\n\t\t\t\t<\/div>","protected":false},"excerpt":{"rendered":"<p>Usinage de Pointe \u00e0 Qu\u00e9bec : Au C\u0153ur de l&rsquo;Innovation Technologique Qu\u00e9bec est reconnue comme un carrefour d&rsquo;innovation technologique, o\u00f9 la demande pour des services d&rsquo;usinage sp\u00e9cialis\u00e9s ne cesse de cro\u00eetre. Nos services d&rsquo;usinage \u00e0 Qu\u00e9bec sont sp\u00e9cialement con\u00e7us pour r\u00e9pondre aux besoins des secteurs de pointe, tels que la technologie de l&rsquo;information, les sciences [&hellip;]<\/p>","protected":false},"author":1,"featured_media":2320,"parent":3045,"menu_order":0,"comment_status":"closed","ping_status":"closed","template":"elementor_header_footer","meta":{"footnotes":""},"class_list":["post-2974","page","type-page","status-publish","has-post-thumbnail","hentry"],"yoast_head":"<!-- This site is optimized with the Yoast SEO plugin v24.8.1 - https:\/\/yoast.com\/wordpress\/plugins\/seo\/ -->\n<title>Usinage de Pointe \u00e0 Qu\u00e9bec : Au C\u0153ur de l&#039;Innovation Technologique - Usinage Villeneuve<\/title>\n<meta name=\"robots\" content=\"index, follow, max-snippet:-1, max-image-preview:large, max-video-preview:-1\" \/>\n<link rel=\"canonical\" href=\"https:\/\/usinagevilleneuve.com\/en\/usinage-dans-les-plus-grandes-villes-du-quebec\/usinage-de-pointe-a-quebec-au-coeur-de-linnovation-technologique\/\" \/>\n<meta property=\"og:locale\" content=\"en_US\" \/>\n<meta property=\"og:type\" content=\"article\" \/>\n<meta property=\"og:title\" content=\"Usinage de Pointe \u00e0 Qu\u00e9bec : Au C\u0153ur de l&#039;Innovation Technologique - Usinage Villeneuve\" \/>\n<meta property=\"og:description\" content=\"Usinage de Pointe \u00e0 Qu\u00e9bec : Au C\u0153ur de l&rsquo;Innovation Technologique Qu\u00e9bec est reconnue comme un carrefour d&rsquo;innovation technologique, o\u00f9 la demande pour des services d&rsquo;usinage sp\u00e9cialis\u00e9s ne cesse de cro\u00eetre. Nos services d&rsquo;usinage \u00e0 Qu\u00e9bec sont sp\u00e9cialement con\u00e7us pour r\u00e9pondre aux besoins des secteurs de pointe, tels que la technologie de l&rsquo;information, les sciences [&hellip;]\" \/>\n<meta property=\"og:url\" content=\"https:\/\/usinagevilleneuve.com\/en\/usinage-dans-les-plus-grandes-villes-du-quebec\/usinage-de-pointe-a-quebec-au-coeur-de-linnovation-technologique\/\" \/>\n<meta property=\"og:site_name\" content=\"Usinage Villeneuve\" \/>\n<meta property=\"article:modified_time\" content=\"2024-03-24T20:45:37+00:00\" \/>\n<meta property=\"og:image\" content=\"https:\/\/usinagevilleneuve.com\/wp-content\/uploads\/2024\/02\/Usinage_villeneuve_outillage.jpg\" \/>\n\t<meta property=\"og:image:width\" content=\"863\" \/>\n\t<meta property=\"og:image:height\" content=\"960\" \/>\n\t<meta property=\"og:image:type\" content=\"image\/jpeg\" \/>\n<meta name=\"twitter:card\" content=\"summary_large_image\" \/>\n<meta name=\"twitter:label1\" content=\"Est. reading time\" \/>\n\t<meta name=\"twitter:data1\" content=\"2 minutes\" \/>\n<script type=\"application\/ld+json\" class=\"yoast-schema-graph\">{\"@context\":\"https:\/\/schema.org\",\"@graph\":[{\"@type\":\"WebPage\",\"@id\":\"https:\/\/usinagevilleneuve.com\/usinage-dans-les-plus-grandes-villes-du-quebec\/usinage-de-pointe-a-quebec-au-coeur-de-linnovation-technologique\/\",\"url\":\"https:\/\/usinagevilleneuve.com\/usinage-dans-les-plus-grandes-villes-du-quebec\/usinage-de-pointe-a-quebec-au-coeur-de-linnovation-technologique\/\",\"name\":\"Usinage de Pointe \u00e0 Qu\u00e9bec : Au C\u0153ur de l'Innovation Technologique - Usinage Villeneuve\",\"isPartOf\":{\"@id\":\"https:\/\/usinagevilleneuve.com\/#website\"},\"primaryImageOfPage\":{\"@id\":\"https:\/\/usinagevilleneuve.com\/usinage-dans-les-plus-grandes-villes-du-quebec\/usinage-de-pointe-a-quebec-au-coeur-de-linnovation-technologique\/#primaryimage\"},\"image\":{\"@id\":\"https:\/\/usinagevilleneuve.com\/usinage-dans-les-plus-grandes-villes-du-quebec\/usinage-de-pointe-a-quebec-au-coeur-de-linnovation-technologique\/#primaryimage\"},\"thumbnailUrl\":\"https:\/\/usinagevilleneuve.com\/wp-content\/uploads\/2024\/02\/Usinage_villeneuve_outillage.jpg\",\"datePublished\":\"2024-03-24T20:17:00+00:00\",\"dateModified\":\"2024-03-24T20:45:37+00:00\",\"breadcrumb\":{\"@id\":\"https:\/\/usinagevilleneuve.com\/usinage-dans-les-plus-grandes-villes-du-quebec\/usinage-de-pointe-a-quebec-au-coeur-de-linnovation-technologique\/#breadcrumb\"},\"inLanguage\":\"en-CA\",\"potentialAction\":[{\"@type\":\"ReadAction\",\"target\":[\"https:\/\/usinagevilleneuve.com\/usinage-dans-les-plus-grandes-villes-du-quebec\/usinage-de-pointe-a-quebec-au-coeur-de-linnovation-technologique\/\"]}]},{\"@type\":\"ImageObject\",\"inLanguage\":\"en-CA\",\"@id\":\"https:\/\/usinagevilleneuve.com\/usinage-dans-les-plus-grandes-villes-du-quebec\/usinage-de-pointe-a-quebec-au-coeur-de-linnovation-technologique\/#primaryimage\",\"url\":\"https:\/\/usinagevilleneuve.com\/wp-content\/uploads\/2024\/02\/Usinage_villeneuve_outillage.jpg\",\"contentUrl\":\"https:\/\/usinagevilleneuve.com\/wp-content\/uploads\/2024\/02\/Usinage_villeneuve_outillage.jpg\",\"width\":863,\"height\":960,\"caption\":\"Usinage Villeneuve \u00e9quipement\"},{\"@type\":\"BreadcrumbList\",\"@id\":\"https:\/\/usinagevilleneuve.com\/usinage-dans-les-plus-grandes-villes-du-quebec\/usinage-de-pointe-a-quebec-au-coeur-de-linnovation-technologique\/#breadcrumb\",\"itemListElement\":[{\"@type\":\"ListItem\",\"position\":1,\"name\":\"Accueil\",\"item\":\"https:\/\/usinagevilleneuve.com\/\"},{\"@type\":\"ListItem\",\"position\":2,\"name\":\"Usinage dans les plus grandes villes du Qu\u00e9bec\",\"item\":\"https:\/\/usinagevilleneuve.com\/usinage-dans-les-plus-grandes-villes-du-quebec\/\"},{\"@type\":\"ListItem\",\"position\":3,\"name\":\"Usinage de Pointe \u00e0 Qu\u00e9bec : Au C\u0153ur de l&rsquo;Innovation Technologique\"}]},{\"@type\":\"WebSite\",\"@id\":\"https:\/\/usinagevilleneuve.com\/#website\",\"url\":\"https:\/\/usinagevilleneuve.com\/\",\"name\":\"Usinage Villeneuve\",\"description\":\"Expertise in\u00e9gal\u00e9e en usiange\",\"publisher\":{\"@id\":\"https:\/\/usinagevilleneuve.com\/#organization\"},\"potentialAction\":[{\"@type\":\"SearchAction\",\"target\":{\"@type\":\"EntryPoint\",\"urlTemplate\":\"https:\/\/usinagevilleneuve.com\/?s={search_term_string}\"},\"query-input\":{\"@type\":\"PropertyValueSpecification\",\"valueRequired\":true,\"valueName\":\"search_term_string\"}}],\"inLanguage\":\"en-CA\"},{\"@type\":\"Organization\",\"@id\":\"https:\/\/usinagevilleneuve.com\/#organization\",\"name\":\"Usinage Villeneuve\",\"url\":\"https:\/\/usinagevilleneuve.com\/\",\"logo\":{\"@type\":\"ImageObject\",\"inLanguage\":\"en-CA\",\"@id\":\"https:\/\/usinagevilleneuve.com\/#\/schema\/logo\/image\/\",\"url\":\"https:\/\/usinagevilleneuve.com\/wp-content\/uploads\/2024\/02\/logo-usinage-iso.png\",\"contentUrl\":\"https:\/\/usinagevilleneuve.com\/wp-content\/uploads\/2024\/02\/logo-usinage-iso.png\",\"width\":1000,\"height\":500,\"caption\":\"Usinage Villeneuve\"},\"image\":{\"@id\":\"https:\/\/usinagevilleneuve.com\/#\/schema\/logo\/image\/\"}}]}<\/script>\n<!-- \/ Yoast SEO plugin. -->","yoast_head_json":{"title":"Usinage de Pointe \u00e0 Qu\u00e9bec : Au C\u0153ur de l'Innovation Technologique - Usinage Villeneuve","robots":{"index":"index","follow":"follow","max-snippet":"max-snippet:-1","max-image-preview":"max-image-preview:large","max-video-preview":"max-video-preview:-1"},"canonical":"https:\/\/usinagevilleneuve.com\/en\/usinage-dans-les-plus-grandes-villes-du-quebec\/usinage-de-pointe-a-quebec-au-coeur-de-linnovation-technologique\/","og_locale":"en_US","og_type":"article","og_title":"Usinage de Pointe \u00e0 Qu\u00e9bec : Au C\u0153ur de l'Innovation Technologique - Usinage Villeneuve","og_description":"Usinage de Pointe \u00e0 Qu\u00e9bec : Au C\u0153ur de l&rsquo;Innovation Technologique Qu\u00e9bec est reconnue comme un carrefour d&rsquo;innovation technologique, o\u00f9 la demande pour des services d&rsquo;usinage sp\u00e9cialis\u00e9s ne cesse de cro\u00eetre. Nos services d&rsquo;usinage \u00e0 Qu\u00e9bec sont sp\u00e9cialement con\u00e7us pour r\u00e9pondre aux besoins des secteurs de pointe, tels que la technologie de l&rsquo;information, les sciences [&hellip;]","og_url":"https:\/\/usinagevilleneuve.com\/en\/usinage-dans-les-plus-grandes-villes-du-quebec\/usinage-de-pointe-a-quebec-au-coeur-de-linnovation-technologique\/","og_site_name":"Usinage Villeneuve","article_modified_time":"2024-03-24T20:45:37+00:00","og_image":[{"width":863,"height":960,"url":"https:\/\/usinagevilleneuve.com\/wp-content\/uploads\/2024\/02\/Usinage_villeneuve_outillage.jpg","type":"image\/jpeg"}],"twitter_card":"summary_large_image","twitter_misc":{"Est. reading time":"2 minutes"},"schema":{"@context":"https:\/\/schema.org","@graph":[{"@type":"WebPage","@id":"https:\/\/usinagevilleneuve.com\/usinage-dans-les-plus-grandes-villes-du-quebec\/usinage-de-pointe-a-quebec-au-coeur-de-linnovation-technologique\/","url":"https:\/\/usinagevilleneuve.com\/usinage-dans-les-plus-grandes-villes-du-quebec\/usinage-de-pointe-a-quebec-au-coeur-de-linnovation-technologique\/","name":"Usinage de Pointe \u00e0 Qu\u00e9bec : Au C\u0153ur de l'Innovation Technologique - Usinage Villeneuve","isPartOf":{"@id":"https:\/\/usinagevilleneuve.com\/#website"},"primaryImageOfPage":{"@id":"https:\/\/usinagevilleneuve.com\/usinage-dans-les-plus-grandes-villes-du-quebec\/usinage-de-pointe-a-quebec-au-coeur-de-linnovation-technologique\/#primaryimage"},"image":{"@id":"https:\/\/usinagevilleneuve.com\/usinage-dans-les-plus-grandes-villes-du-quebec\/usinage-de-pointe-a-quebec-au-coeur-de-linnovation-technologique\/#primaryimage"},"thumbnailUrl":"https:\/\/usinagevilleneuve.com\/wp-content\/uploads\/2024\/02\/Usinage_villeneuve_outillage.jpg","datePublished":"2024-03-24T20:17:00+00:00","dateModified":"2024-03-24T20:45:37+00:00","breadcrumb":{"@id":"https:\/\/usinagevilleneuve.com\/usinage-dans-les-plus-grandes-villes-du-quebec\/usinage-de-pointe-a-quebec-au-coeur-de-linnovation-technologique\/#breadcrumb"},"inLanguage":"en-CA","potentialAction":[{"@type":"ReadAction","target":["https:\/\/usinagevilleneuve.com\/usinage-dans-les-plus-grandes-villes-du-quebec\/usinage-de-pointe-a-quebec-au-coeur-de-linnovation-technologique\/"]}]},{"@type":"ImageObject","inLanguage":"en-CA","@id":"https:\/\/usinagevilleneuve.com\/usinage-dans-les-plus-grandes-villes-du-quebec\/usinage-de-pointe-a-quebec-au-coeur-de-linnovation-technologique\/#primaryimage","url":"https:\/\/usinagevilleneuve.com\/wp-content\/uploads\/2024\/02\/Usinage_villeneuve_outillage.jpg","contentUrl":"https:\/\/usinagevilleneuve.com\/wp-content\/uploads\/2024\/02\/Usinage_villeneuve_outillage.jpg","width":863,"height":960,"caption":"Usinage Villeneuve \u00e9quipement"},{"@type":"BreadcrumbList","@id":"https:\/\/usinagevilleneuve.com\/usinage-dans-les-plus-grandes-villes-du-quebec\/usinage-de-pointe-a-quebec-au-coeur-de-linnovation-technologique\/#breadcrumb","itemListElement":[{"@type":"ListItem","position":1,"name":"Accueil","item":"https:\/\/usinagevilleneuve.com\/"},{"@type":"ListItem","position":2,"name":"Usinage dans les plus grandes villes du Qu\u00e9bec","item":"https:\/\/usinagevilleneuve.com\/usinage-dans-les-plus-grandes-villes-du-quebec\/"},{"@type":"ListItem","position":3,"name":"Usinage de Pointe \u00e0 Qu\u00e9bec : Au C\u0153ur de l&rsquo;Innovation Technologique"}]},{"@type":"WebSite","@id":"https:\/\/usinagevilleneuve.com\/#website","url":"https:\/\/usinagevilleneuve.com\/","name":"Usinage Villeneuve","description":"Expertise in\u00e9gal\u00e9e en usiange","publisher":{"@id":"https:\/\/usinagevilleneuve.com\/#organization"},"potentialAction":[{"@type":"SearchAction","target":{"@type":"EntryPoint","urlTemplate":"https:\/\/usinagevilleneuve.com\/?s={search_term_string}"},"query-input":{"@type":"PropertyValueSpecification","valueRequired":true,"valueName":"search_term_string"}}],"inLanguage":"en-CA"},{"@type":"Organization","@id":"https:\/\/usinagevilleneuve.com\/#organization","name":"Usinage Villeneuve","url":"https:\/\/usinagevilleneuve.com\/","logo":{"@type":"ImageObject","inLanguage":"en-CA","@id":"https:\/\/usinagevilleneuve.com\/#\/schema\/logo\/image\/","url":"https:\/\/usinagevilleneuve.com\/wp-content\/uploads\/2024\/02\/logo-usinage-iso.png","contentUrl":"https:\/\/usinagevilleneuve.com\/wp-content\/uploads\/2024\/02\/logo-usinage-iso.png","width":1000,"height":500,"caption":"Usinage Villeneuve"},"image":{"@id":"https:\/\/usinagevilleneuve.com\/#\/schema\/logo\/image\/"}}]}},"_links":{"self":[{"href":"https:\/\/usinagevilleneuve.com\/en\/wp-json\/wp\/v2\/pages\/2974","targetHints":{"allow":["GET"]}}],"collection":[{"href":"https:\/\/usinagevilleneuve.com\/en\/wp-json\/wp\/v2\/pages"}],"about":[{"href":"https:\/\/usinagevilleneuve.com\/en\/wp-json\/wp\/v2\/types\/page"}],"author":[{"embeddable":true,"href":"https:\/\/usinagevilleneuve.com\/en\/wp-json\/wp\/v2\/users\/1"}],"replies":[{"embeddable":true,"href":"https:\/\/usinagevilleneuve.com\/en\/wp-json\/wp\/v2\/comments?post=2974"}],"version-history":[{"count":9,"href":"https:\/\/usinagevilleneuve.com\/en\/wp-json\/wp\/v2\/pages\/2974\/revisions"}],"predecessor-version":[{"id":3015,"href":"https:\/\/usinagevilleneuve.com\/en\/wp-json\/wp\/v2\/pages\/2974\/revisions\/3015"}],"up":[{"embeddable":true,"href":"https:\/\/usinagevilleneuve.com\/en\/wp-json\/wp\/v2\/pages\/3045"}],"wp:featuredmedia":[{"embeddable":true,"href":"https:\/\/usinagevilleneuve.com\/en\/wp-json\/wp\/v2\/media\/2320"}],"wp:attachment":[{"href":"https:\/\/usinagevilleneuve.com\/en\/wp-json\/wp\/v2\/media?parent=2974"}],"curies":[{"name":"wp","href":"https:\/\/api.w.org\/{rel}","templated":true}]}}