{"id":3004,"date":"2024-03-24T15:28:51","date_gmt":"2024-03-24T20:28:51","guid":{"rendered":"https:\/\/usinagevilleneuve.com\/?page_id=3004"},"modified":"2024-03-24T15:45:37","modified_gmt":"2024-03-24T20:45:37","slug":"usinage-de-precision-a-trois-rivieres-soutien-a-lindustrie-papetiere","status":"publish","type":"page","link":"https:\/\/usinagevilleneuve.com\/en\/usinage-dans-les-plus-grandes-villes-du-quebec\/usinage-de-precision-a-trois-rivieres-soutien-a-lindustrie-papetiere\/","title":{"rendered":"Usinage de Pr\u00e9cision \u00e0 Trois-Rivi\u00e8res : Soutien \u00e0 l&rsquo;Industrie Papeti\u00e8re"},"content":{"rendered":"<div data-elementor-type=\"wp-page\" data-elementor-id=\"3004\" class=\"elementor elementor-3004\" data-elementor-post-type=\"page\">\n\t\t\t\t<div class=\"elementor-element elementor-element-73aff768 e-con-full e-flex e-con e-parent\" data-id=\"73aff768\" data-element_type=\"container\">\n\t\t<div class=\"elementor-element elementor-element-5b2e1445 e-con-full e-flex e-con e-child\" data-id=\"5b2e1445\" data-element_type=\"container\" data-settings=\"{&quot;background_background&quot;:&quot;classic&quot;}\">\n\t\t\t\t<\/div>\n\t\t<div class=\"elementor-element elementor-element-3d3f47f3 e-con-full e-flex e-con e-child\" data-id=\"3d3f47f3\" data-element_type=\"container\" data-settings=\"{&quot;background_background&quot;:&quot;classic&quot;}\">\n\t\t\t\t<div class=\"elementor-element elementor-element-4b60d0d2 elementor-cta--skin-classic elementor-animated-content elementor-bg-transform elementor-bg-transform-zoom-in elementor-widget elementor-widget-call-to-action\" data-id=\"4b60d0d2\" data-element_type=\"widget\" data-widget_type=\"call-to-action.default\">\n\t\t\t\t<div class=\"elementor-widget-container\">\n\t\t\t\t\t\t\t<div class=\"elementor-cta\">\n\t\t\t\t\t\t\t<div class=\"elementor-cta__content\">\n\t\t\t\t\n\t\t\t\t\t\t\t\t\t<span class=\"elementor-cta__title elementor-cta__content-item elementor-content-item\">\n\t\t\t\t\t\tUsinage de Pr\u00e9cision \u00e0 Trois-Rivi\u00e8res : Soutien \u00e0 l&rsquo;Industrie Papeti\u00e8re\t\t\t\t\t<\/span>\n\t\t\t\t\n\t\t\t\t\n\t\t\t\t\t\t\t<\/div>\n\t\t\t\t\t\t<\/div>\n\t\t\t\t\t\t<\/div>\n\t\t\t\t<\/div>\n\t\t\t\t<\/div>\n\t\t\t\t<\/div>\n\t\t<div class=\"elementor-element elementor-element-684dc3b e-flex e-con-boxed e-con e-parent\" data-id=\"684dc3b\" data-element_type=\"container\">\n\t\t\t\t\t<div class=\"e-con-inner\">\n\t\t\t\t<div class=\"elementor-element elementor-element-fcf181f elementor-widget elementor-widget-text-editor\" data-id=\"fcf181f\" data-element_type=\"widget\" data-widget_type=\"text-editor.default\">\n\t\t\t\t<div class=\"elementor-widget-container\">\n\t\t\t\t\t\t\t\t\t<h1>Usinage de Pr\u00e9cision \u00e0 Trois-Rivi\u00e8res : Soutien \u00e0 l&rsquo;Industrie Papeti\u00e8re<\/h1><p><strong>Trois-Rivi\u00e8res<\/strong>, berceau de l&rsquo;industrie papeti\u00e8re, b\u00e9n\u00e9ficie d&rsquo;un riche h\u00e9ritage industriel qui continue de fa\u00e7onner ses besoins en usinage de pr\u00e9cision. Chez Usinage Villeneuve, nous comprenons l&rsquo;importance de soutenir cette industrie cl\u00e9 avec des services d&rsquo;usinage sur mesure qui r\u00e9pondent aux exigences sp\u00e9cifiques de production et de maintenance des usines papeti\u00e8res. Notre expertise en usinage CNC et notre engagement envers la qualit\u00e9 nous permettent de fournir des solutions fiables et durables.<\/p><h2>Expertise en Usinage pour l&rsquo;Industrie Papeti\u00e8re de Trois-Rivi\u00e8res<\/h2><p><strong>Usinage Villeneuve<\/strong> est fi\u00e8re de jouer un r\u00f4le cl\u00e9 dans le soutien de l&rsquo;industrie papeti\u00e8re \u00e0 <strong>Trois-Rivi\u00e8res<\/strong>, offrant une gamme compl\u00e8te de services d&rsquo;usinage. De la r\u00e9paration de pi\u00e8ces critiques \u00e0 la fabrication de nouveaux composants, notre \u00e9quipe assure une pr\u00e9cision in\u00e9gal\u00e9e, contribuant ainsi \u00e0 l&rsquo;efficacit\u00e9 et \u00e0 la long\u00e9vit\u00e9 des \u00e9quipements industriels.<\/p><h2>Usinage Villeneuve : Votre Partenaire d&rsquo;Usinage \u00e0 Trois-Rivi\u00e8res<\/h2><p>Notre partenariat avec l&rsquo;industrie papeti\u00e8re <strong>\u00e0 Trois-Rivi\u00e8res<\/strong> t\u00e9moigne de notre capacit\u00e9 \u00e0 r\u00e9pondre aux d\u00e9fis les plus complexes. Chez <strong>Usinage Villeneuve<\/strong>, nous sommes d\u00e9di\u00e9s \u00e0 fournir des solutions d&rsquo;usinage qui am\u00e9liorent la productivit\u00e9 et la comp\u00e9titivit\u00e9 de nos clients. Contactez-nous pour d\u00e9couvrir comment nous pouvons r\u00e9pondre \u00e0 vos besoins sp\u00e9cifiques en usinage avec expertise et professionnalisme.<\/p>\t\t\t\t\t\t\t\t<\/div>\n\t\t\t\t<\/div>\n\t\t\t\t\t<\/div>\n\t\t\t\t<\/div>\n\t\t\t\t<\/div>","protected":false},"excerpt":{"rendered":"<p>Usinage de Pr\u00e9cision \u00e0 Trois-Rivi\u00e8res : Soutien \u00e0 l&rsquo;Industrie Papeti\u00e8re Trois-Rivi\u00e8res, berceau de l&rsquo;industrie papeti\u00e8re, b\u00e9n\u00e9ficie d&rsquo;un riche h\u00e9ritage industriel qui continue de fa\u00e7onner ses besoins en usinage de pr\u00e9cision. Chez Usinage Villeneuve, nous comprenons l&rsquo;importance de soutenir cette industrie cl\u00e9 avec des services d&rsquo;usinage sur mesure qui r\u00e9pondent aux exigences sp\u00e9cifiques de production et [&hellip;]<\/p>","protected":false},"author":1,"featured_media":2320,"parent":3045,"menu_order":0,"comment_status":"closed","ping_status":"closed","template":"elementor_header_footer","meta":{"footnotes":""},"class_list":["post-3004","page","type-page","status-publish","has-post-thumbnail","hentry"],"yoast_head":"<!-- This site is optimized with the Yoast SEO plugin v24.8.1 - https:\/\/yoast.com\/wordpress\/plugins\/seo\/ -->\n<title>Usinage de Pr\u00e9cision \u00e0 Trois-Rivi\u00e8res : Soutien \u00e0 l&#039;Industrie Papeti\u00e8re - Usinage Villeneuve<\/title>\n<meta name=\"robots\" content=\"index, follow, max-snippet:-1, max-image-preview:large, max-video-preview:-1\" \/>\n<link rel=\"canonical\" href=\"https:\/\/usinagevilleneuve.com\/en\/usinage-dans-les-plus-grandes-villes-du-quebec\/usinage-de-precision-a-trois-rivieres-soutien-a-lindustrie-papetiere\/\" \/>\n<meta property=\"og:locale\" content=\"en_US\" \/>\n<meta property=\"og:type\" content=\"article\" \/>\n<meta property=\"og:title\" content=\"Usinage de Pr\u00e9cision \u00e0 Trois-Rivi\u00e8res : Soutien \u00e0 l&#039;Industrie Papeti\u00e8re - Usinage Villeneuve\" \/>\n<meta property=\"og:description\" content=\"Usinage de Pr\u00e9cision \u00e0 Trois-Rivi\u00e8res : Soutien \u00e0 l&rsquo;Industrie Papeti\u00e8re Trois-Rivi\u00e8res, berceau de l&rsquo;industrie papeti\u00e8re, b\u00e9n\u00e9ficie d&rsquo;un riche h\u00e9ritage industriel qui continue de fa\u00e7onner ses besoins en usinage de pr\u00e9cision. Chez Usinage Villeneuve, nous comprenons l&rsquo;importance de soutenir cette industrie cl\u00e9 avec des services d&rsquo;usinage sur mesure qui r\u00e9pondent aux exigences sp\u00e9cifiques de production et [&hellip;]\" \/>\n<meta property=\"og:url\" content=\"https:\/\/usinagevilleneuve.com\/en\/usinage-dans-les-plus-grandes-villes-du-quebec\/usinage-de-precision-a-trois-rivieres-soutien-a-lindustrie-papetiere\/\" \/>\n<meta property=\"og:site_name\" content=\"Usinage Villeneuve\" \/>\n<meta property=\"article:modified_time\" content=\"2024-03-24T20:45:37+00:00\" \/>\n<meta property=\"og:image\" content=\"https:\/\/usinagevilleneuve.com\/wp-content\/uploads\/2024\/02\/Usinage_villeneuve_outillage.jpg\" \/>\n\t<meta property=\"og:image:width\" content=\"863\" \/>\n\t<meta property=\"og:image:height\" content=\"960\" \/>\n\t<meta property=\"og:image:type\" content=\"image\/jpeg\" \/>\n<meta name=\"twitter:card\" content=\"summary_large_image\" \/>\n<meta name=\"twitter:label1\" content=\"Est. reading time\" \/>\n\t<meta name=\"twitter:data1\" content=\"2 minutes\" \/>\n<script type=\"application\/ld+json\" class=\"yoast-schema-graph\">{\"@context\":\"https:\/\/schema.org\",\"@graph\":[{\"@type\":\"WebPage\",\"@id\":\"https:\/\/usinagevilleneuve.com\/usinage-dans-les-plus-grandes-villes-du-quebec\/usinage-de-precision-a-trois-rivieres-soutien-a-lindustrie-papetiere\/\",\"url\":\"https:\/\/usinagevilleneuve.com\/usinage-dans-les-plus-grandes-villes-du-quebec\/usinage-de-precision-a-trois-rivieres-soutien-a-lindustrie-papetiere\/\",\"name\":\"Usinage de Pr\u00e9cision \u00e0 Trois-Rivi\u00e8res : Soutien \u00e0 l'Industrie Papeti\u00e8re - Usinage Villeneuve\",\"isPartOf\":{\"@id\":\"https:\/\/usinagevilleneuve.com\/#website\"},\"primaryImageOfPage\":{\"@id\":\"https:\/\/usinagevilleneuve.com\/usinage-dans-les-plus-grandes-villes-du-quebec\/usinage-de-precision-a-trois-rivieres-soutien-a-lindustrie-papetiere\/#primaryimage\"},\"image\":{\"@id\":\"https:\/\/usinagevilleneuve.com\/usinage-dans-les-plus-grandes-villes-du-quebec\/usinage-de-precision-a-trois-rivieres-soutien-a-lindustrie-papetiere\/#primaryimage\"},\"thumbnailUrl\":\"https:\/\/usinagevilleneuve.com\/wp-content\/uploads\/2024\/02\/Usinage_villeneuve_outillage.jpg\",\"datePublished\":\"2024-03-24T20:28:51+00:00\",\"dateModified\":\"2024-03-24T20:45:37+00:00\",\"breadcrumb\":{\"@id\":\"https:\/\/usinagevilleneuve.com\/usinage-dans-les-plus-grandes-villes-du-quebec\/usinage-de-precision-a-trois-rivieres-soutien-a-lindustrie-papetiere\/#breadcrumb\"},\"inLanguage\":\"en-CA\",\"potentialAction\":[{\"@type\":\"ReadAction\",\"target\":[\"https:\/\/usinagevilleneuve.com\/usinage-dans-les-plus-grandes-villes-du-quebec\/usinage-de-precision-a-trois-rivieres-soutien-a-lindustrie-papetiere\/\"]}]},{\"@type\":\"ImageObject\",\"inLanguage\":\"en-CA\",\"@id\":\"https:\/\/usinagevilleneuve.com\/usinage-dans-les-plus-grandes-villes-du-quebec\/usinage-de-precision-a-trois-rivieres-soutien-a-lindustrie-papetiere\/#primaryimage\",\"url\":\"https:\/\/usinagevilleneuve.com\/wp-content\/uploads\/2024\/02\/Usinage_villeneuve_outillage.jpg\",\"contentUrl\":\"https:\/\/usinagevilleneuve.com\/wp-content\/uploads\/2024\/02\/Usinage_villeneuve_outillage.jpg\",\"width\":863,\"height\":960,\"caption\":\"Usinage Villeneuve \u00e9quipement\"},{\"@type\":\"BreadcrumbList\",\"@id\":\"https:\/\/usinagevilleneuve.com\/usinage-dans-les-plus-grandes-villes-du-quebec\/usinage-de-precision-a-trois-rivieres-soutien-a-lindustrie-papetiere\/#breadcrumb\",\"itemListElement\":[{\"@type\":\"ListItem\",\"position\":1,\"name\":\"Accueil\",\"item\":\"https:\/\/usinagevilleneuve.com\/\"},{\"@type\":\"ListItem\",\"position\":2,\"name\":\"Usinage dans les plus grandes villes du Qu\u00e9bec\",\"item\":\"https:\/\/usinagevilleneuve.com\/usinage-dans-les-plus-grandes-villes-du-quebec\/\"},{\"@type\":\"ListItem\",\"position\":3,\"name\":\"Usinage de Pr\u00e9cision \u00e0 Trois-Rivi\u00e8res : Soutien \u00e0 l&rsquo;Industrie Papeti\u00e8re\"}]},{\"@type\":\"WebSite\",\"@id\":\"https:\/\/usinagevilleneuve.com\/#website\",\"url\":\"https:\/\/usinagevilleneuve.com\/\",\"name\":\"Usinage Villeneuve\",\"description\":\"Expertise in\u00e9gal\u00e9e en usiange\",\"publisher\":{\"@id\":\"https:\/\/usinagevilleneuve.com\/#organization\"},\"potentialAction\":[{\"@type\":\"SearchAction\",\"target\":{\"@type\":\"EntryPoint\",\"urlTemplate\":\"https:\/\/usinagevilleneuve.com\/?s={search_term_string}\"},\"query-input\":{\"@type\":\"PropertyValueSpecification\",\"valueRequired\":true,\"valueName\":\"search_term_string\"}}],\"inLanguage\":\"en-CA\"},{\"@type\":\"Organization\",\"@id\":\"https:\/\/usinagevilleneuve.com\/#organization\",\"name\":\"Usinage Villeneuve\",\"url\":\"https:\/\/usinagevilleneuve.com\/\",\"logo\":{\"@type\":\"ImageObject\",\"inLanguage\":\"en-CA\",\"@id\":\"https:\/\/usinagevilleneuve.com\/#\/schema\/logo\/image\/\",\"url\":\"https:\/\/usinagevilleneuve.com\/wp-content\/uploads\/2024\/02\/logo-usinage-iso.png\",\"contentUrl\":\"https:\/\/usinagevilleneuve.com\/wp-content\/uploads\/2024\/02\/logo-usinage-iso.png\",\"width\":1000,\"height\":500,\"caption\":\"Usinage Villeneuve\"},\"image\":{\"@id\":\"https:\/\/usinagevilleneuve.com\/#\/schema\/logo\/image\/\"}}]}<\/script>\n<!-- \/ Yoast SEO plugin. -->","yoast_head_json":{"title":"Usinage de Pr\u00e9cision \u00e0 Trois-Rivi\u00e8res : Soutien \u00e0 l'Industrie Papeti\u00e8re - Usinage Villeneuve","robots":{"index":"index","follow":"follow","max-snippet":"max-snippet:-1","max-image-preview":"max-image-preview:large","max-video-preview":"max-video-preview:-1"},"canonical":"https:\/\/usinagevilleneuve.com\/en\/usinage-dans-les-plus-grandes-villes-du-quebec\/usinage-de-precision-a-trois-rivieres-soutien-a-lindustrie-papetiere\/","og_locale":"en_US","og_type":"article","og_title":"Usinage de Pr\u00e9cision \u00e0 Trois-Rivi\u00e8res : Soutien \u00e0 l'Industrie Papeti\u00e8re - Usinage Villeneuve","og_description":"Usinage de Pr\u00e9cision \u00e0 Trois-Rivi\u00e8res : Soutien \u00e0 l&rsquo;Industrie Papeti\u00e8re Trois-Rivi\u00e8res, berceau de l&rsquo;industrie papeti\u00e8re, b\u00e9n\u00e9ficie d&rsquo;un riche h\u00e9ritage industriel qui continue de fa\u00e7onner ses besoins en usinage de pr\u00e9cision. Chez Usinage Villeneuve, nous comprenons l&rsquo;importance de soutenir cette industrie cl\u00e9 avec des services d&rsquo;usinage sur mesure qui r\u00e9pondent aux exigences sp\u00e9cifiques de production et [&hellip;]","og_url":"https:\/\/usinagevilleneuve.com\/en\/usinage-dans-les-plus-grandes-villes-du-quebec\/usinage-de-precision-a-trois-rivieres-soutien-a-lindustrie-papetiere\/","og_site_name":"Usinage Villeneuve","article_modified_time":"2024-03-24T20:45:37+00:00","og_image":[{"width":863,"height":960,"url":"https:\/\/usinagevilleneuve.com\/wp-content\/uploads\/2024\/02\/Usinage_villeneuve_outillage.jpg","type":"image\/jpeg"}],"twitter_card":"summary_large_image","twitter_misc":{"Est. reading time":"2 minutes"},"schema":{"@context":"https:\/\/schema.org","@graph":[{"@type":"WebPage","@id":"https:\/\/usinagevilleneuve.com\/usinage-dans-les-plus-grandes-villes-du-quebec\/usinage-de-precision-a-trois-rivieres-soutien-a-lindustrie-papetiere\/","url":"https:\/\/usinagevilleneuve.com\/usinage-dans-les-plus-grandes-villes-du-quebec\/usinage-de-precision-a-trois-rivieres-soutien-a-lindustrie-papetiere\/","name":"Usinage de Pr\u00e9cision \u00e0 Trois-Rivi\u00e8res : Soutien \u00e0 l'Industrie Papeti\u00e8re - Usinage Villeneuve","isPartOf":{"@id":"https:\/\/usinagevilleneuve.com\/#website"},"primaryImageOfPage":{"@id":"https:\/\/usinagevilleneuve.com\/usinage-dans-les-plus-grandes-villes-du-quebec\/usinage-de-precision-a-trois-rivieres-soutien-a-lindustrie-papetiere\/#primaryimage"},"image":{"@id":"https:\/\/usinagevilleneuve.com\/usinage-dans-les-plus-grandes-villes-du-quebec\/usinage-de-precision-a-trois-rivieres-soutien-a-lindustrie-papetiere\/#primaryimage"},"thumbnailUrl":"https:\/\/usinagevilleneuve.com\/wp-content\/uploads\/2024\/02\/Usinage_villeneuve_outillage.jpg","datePublished":"2024-03-24T20:28:51+00:00","dateModified":"2024-03-24T20:45:37+00:00","breadcrumb":{"@id":"https:\/\/usinagevilleneuve.com\/usinage-dans-les-plus-grandes-villes-du-quebec\/usinage-de-precision-a-trois-rivieres-soutien-a-lindustrie-papetiere\/#breadcrumb"},"inLanguage":"en-CA","potentialAction":[{"@type":"ReadAction","target":["https:\/\/usinagevilleneuve.com\/usinage-dans-les-plus-grandes-villes-du-quebec\/usinage-de-precision-a-trois-rivieres-soutien-a-lindustrie-papetiere\/"]}]},{"@type":"ImageObject","inLanguage":"en-CA","@id":"https:\/\/usinagevilleneuve.com\/usinage-dans-les-plus-grandes-villes-du-quebec\/usinage-de-precision-a-trois-rivieres-soutien-a-lindustrie-papetiere\/#primaryimage","url":"https:\/\/usinagevilleneuve.com\/wp-content\/uploads\/2024\/02\/Usinage_villeneuve_outillage.jpg","contentUrl":"https:\/\/usinagevilleneuve.com\/wp-content\/uploads\/2024\/02\/Usinage_villeneuve_outillage.jpg","width":863,"height":960,"caption":"Usinage Villeneuve \u00e9quipement"},{"@type":"BreadcrumbList","@id":"https:\/\/usinagevilleneuve.com\/usinage-dans-les-plus-grandes-villes-du-quebec\/usinage-de-precision-a-trois-rivieres-soutien-a-lindustrie-papetiere\/#breadcrumb","itemListElement":[{"@type":"ListItem","position":1,"name":"Accueil","item":"https:\/\/usinagevilleneuve.com\/"},{"@type":"ListItem","position":2,"name":"Usinage dans les plus grandes villes du Qu\u00e9bec","item":"https:\/\/usinagevilleneuve.com\/usinage-dans-les-plus-grandes-villes-du-quebec\/"},{"@type":"ListItem","position":3,"name":"Usinage de Pr\u00e9cision \u00e0 Trois-Rivi\u00e8res : Soutien \u00e0 l&rsquo;Industrie Papeti\u00e8re"}]},{"@type":"WebSite","@id":"https:\/\/usinagevilleneuve.com\/#website","url":"https:\/\/usinagevilleneuve.com\/","name":"Usinage Villeneuve","description":"Expertise in\u00e9gal\u00e9e en usiange","publisher":{"@id":"https:\/\/usinagevilleneuve.com\/#organization"},"potentialAction":[{"@type":"SearchAction","target":{"@type":"EntryPoint","urlTemplate":"https:\/\/usinagevilleneuve.com\/?s={search_term_string}"},"query-input":{"@type":"PropertyValueSpecification","valueRequired":true,"valueName":"search_term_string"}}],"inLanguage":"en-CA"},{"@type":"Organization","@id":"https:\/\/usinagevilleneuve.com\/#organization","name":"Usinage Villeneuve","url":"https:\/\/usinagevilleneuve.com\/","logo":{"@type":"ImageObject","inLanguage":"en-CA","@id":"https:\/\/usinagevilleneuve.com\/#\/schema\/logo\/image\/","url":"https:\/\/usinagevilleneuve.com\/wp-content\/uploads\/2024\/02\/logo-usinage-iso.png","contentUrl":"https:\/\/usinagevilleneuve.com\/wp-content\/uploads\/2024\/02\/logo-usinage-iso.png","width":1000,"height":500,"caption":"Usinage Villeneuve"},"image":{"@id":"https:\/\/usinagevilleneuve.com\/#\/schema\/logo\/image\/"}}]}},"_links":{"self":[{"href":"https:\/\/usinagevilleneuve.com\/en\/wp-json\/wp\/v2\/pages\/3004","targetHints":{"allow":["GET"]}}],"collection":[{"href":"https:\/\/usinagevilleneuve.com\/en\/wp-json\/wp\/v2\/pages"}],"about":[{"href":"https:\/\/usinagevilleneuve.com\/en\/wp-json\/wp\/v2\/types\/page"}],"author":[{"embeddable":true,"href":"https:\/\/usinagevilleneuve.com\/en\/wp-json\/wp\/v2\/users\/1"}],"replies":[{"embeddable":true,"href":"https:\/\/usinagevilleneuve.com\/en\/wp-json\/wp\/v2\/comments?post=3004"}],"version-history":[{"count":6,"href":"https:\/\/usinagevilleneuve.com\/en\/wp-json\/wp\/v2\/pages\/3004\/revisions"}],"predecessor-version":[{"id":3012,"href":"https:\/\/usinagevilleneuve.com\/en\/wp-json\/wp\/v2\/pages\/3004\/revisions\/3012"}],"up":[{"embeddable":true,"href":"https:\/\/usinagevilleneuve.com\/en\/wp-json\/wp\/v2\/pages\/3045"}],"wp:featuredmedia":[{"embeddable":true,"href":"https:\/\/usinagevilleneuve.com\/en\/wp-json\/wp\/v2\/media\/2320"}],"wp:attachment":[{"href":"https:\/\/usinagevilleneuve.com\/en\/wp-json\/wp\/v2\/media?parent=3004"}],"curies":[{"name":"wp","href":"https:\/\/api.w.org\/{rel}","templated":true}]}}