{"id":3020,"date":"2024-03-24T15:34:43","date_gmt":"2024-03-24T20:34:43","guid":{"rendered":"https:\/\/usinagevilleneuve.com\/?page_id=3020"},"modified":"2024-03-24T15:45:37","modified_gmt":"2024-03-24T20:45:37","slug":"solutions-dusinage-a-saint-hyacinthe-au-coeur-de-la-technopole-agroalimentaire","status":"publish","type":"page","link":"https:\/\/usinagevilleneuve.com\/en\/usinage-dans-les-plus-grandes-villes-du-quebec\/solutions-dusinage-a-saint-hyacinthe-au-coeur-de-la-technopole-agroalimentaire\/","title":{"rendered":"Solutions d&rsquo;Usinage \u00e0 Saint-Hyacinthe : Au C\u0153ur de la Technopole Agroalimentaire"},"content":{"rendered":"<div data-elementor-type=\"wp-page\" data-elementor-id=\"3020\" class=\"elementor elementor-3020\" data-elementor-post-type=\"page\">\n\t\t\t\t<div class=\"elementor-element elementor-element-73aff768 e-con-full e-flex e-con e-parent\" data-id=\"73aff768\" data-element_type=\"container\">\n\t\t<div class=\"elementor-element elementor-element-5b2e1445 e-con-full e-flex e-con e-child\" data-id=\"5b2e1445\" data-element_type=\"container\" data-settings=\"{&quot;background_background&quot;:&quot;classic&quot;}\">\n\t\t\t\t<\/div>\n\t\t<div class=\"elementor-element elementor-element-3d3f47f3 e-con-full e-flex e-con e-child\" data-id=\"3d3f47f3\" data-element_type=\"container\" data-settings=\"{&quot;background_background&quot;:&quot;classic&quot;}\">\n\t\t\t\t<div class=\"elementor-element elementor-element-4b60d0d2 elementor-cta--skin-classic elementor-animated-content elementor-bg-transform elementor-bg-transform-zoom-in elementor-widget elementor-widget-call-to-action\" data-id=\"4b60d0d2\" data-element_type=\"widget\" data-widget_type=\"call-to-action.default\">\n\t\t\t\t<div class=\"elementor-widget-container\">\n\t\t\t\t\t\t\t<div class=\"elementor-cta\">\n\t\t\t\t\t\t\t<div class=\"elementor-cta__content\">\n\t\t\t\t\n\t\t\t\t\t\t\t\t\t<span class=\"elementor-cta__title elementor-cta__content-item elementor-content-item\">\n\t\t\t\t\t\tSolutions d&rsquo;Usinage \u00e0 Saint-Hyacinthe : Au C\u0153ur de la Technopole Agroalimentaire\t\t\t\t\t<\/span>\n\t\t\t\t\n\t\t\t\t\n\t\t\t\t\t\t\t<\/div>\n\t\t\t\t\t\t<\/div>\n\t\t\t\t\t\t<\/div>\n\t\t\t\t<\/div>\n\t\t\t\t<\/div>\n\t\t\t\t<\/div>\n\t\t<div class=\"elementor-element elementor-element-684dc3b e-flex e-con-boxed e-con e-parent\" data-id=\"684dc3b\" data-element_type=\"container\">\n\t\t\t\t\t<div class=\"e-con-inner\">\n\t\t\t\t<div class=\"elementor-element elementor-element-fcf181f elementor-widget elementor-widget-text-editor\" data-id=\"fcf181f\" data-element_type=\"widget\" data-widget_type=\"text-editor.default\">\n\t\t\t\t<div class=\"elementor-widget-container\">\n\t\t\t\t\t\t\t\t\t<h1>Solutions d&rsquo;Usinage \u00e0 Saint-Hyacinthe : Au C\u0153ur de la Technopole Agroalimentaire<\/h1><p>La <strong>ville de Saint-Hyacinthe<\/strong> se distingue par son secteur agroalimentaire dynamique, n\u00e9cessitant des solutions d&rsquo;usinage sp\u00e9cialis\u00e9es pour r\u00e9pondre aux standards \u00e9lev\u00e9s de l&rsquo;industrie. Chez <strong>Usinage Villeneuve<\/strong>, nous comprenons l&rsquo;importance cruciale de la pr\u00e9cision et de la conformit\u00e9 dans le secteur agroalimentaire. Nos services d&rsquo;usinage avanc\u00e9s soutiennent l&rsquo;innovation et l&rsquo;efficacit\u00e9 de production dans la technopole agroalimentaire de <strong>Saint-Hyacinthe<\/strong>.<\/p><h2>Expertise en Usinage pour l&rsquo;Industrie Agroalimentaire de Saint-Hyacinthe<\/h2><p><strong>Usinage Villeneuve<\/strong> offre une gamme de services d&rsquo;usinage sur mesure, parfaitement adapt\u00e9s aux exigences uniques de l&rsquo;industrie agroalimentaire de <strong>Saint-Hyacinthe<\/strong>. Notre capacit\u00e9 \u00e0 travailler avec une vari\u00e9t\u00e9 de mat\u00e9riaux et notre engagement envers les normes de qualit\u00e9 et d&rsquo;hygi\u00e8ne assurent la fourniture de composants fiables et s\u00fbrs pour les \u00e9quipements agroalimentaires.<\/p><h2>Partenaire d&rsquo;Usinage de Confiance \u00e0 Saint-Hyacinthe<\/h2><p>Notre collaboration avec les entreprises agroalimentaires <strong>\u00e0 Saint-Hyacinthe<\/strong> refl\u00e8te notre engagement \u00e0 contribuer au succ\u00e8s de ce secteur vital. Usinage Villeneuve se positionne comme votre partenaire de confiance, offrant des solutions d&rsquo;usinage qui am\u00e9liorent la performance et la comp\u00e9titivit\u00e9 de votre entreprise. Contactez-nous pour d\u00e9couvrir comment nous pouvons accompagner votre croissance dans l&rsquo;agroalimentaire.<\/p>\t\t\t\t\t\t\t\t<\/div>\n\t\t\t\t<\/div>\n\t\t\t\t\t<\/div>\n\t\t\t\t<\/div>\n\t\t\t\t<\/div>","protected":false},"excerpt":{"rendered":"<p>Solutions d&rsquo;Usinage \u00e0 Saint-Hyacinthe : Au C\u0153ur de la Technopole Agroalimentaire La ville de Saint-Hyacinthe se distingue par son secteur agroalimentaire dynamique, n\u00e9cessitant des solutions d&rsquo;usinage sp\u00e9cialis\u00e9es pour r\u00e9pondre aux standards \u00e9lev\u00e9s de l&rsquo;industrie. Chez Usinage Villeneuve, nous comprenons l&rsquo;importance cruciale de la pr\u00e9cision et de la conformit\u00e9 dans le secteur agroalimentaire. Nos services d&rsquo;usinage [&hellip;]<\/p>","protected":false},"author":1,"featured_media":2320,"parent":3045,"menu_order":0,"comment_status":"closed","ping_status":"closed","template":"elementor_header_footer","meta":{"footnotes":""},"class_list":["post-3020","page","type-page","status-publish","has-post-thumbnail","hentry"],"yoast_head":"<!-- This site is optimized with the Yoast SEO plugin v24.8.1 - https:\/\/yoast.com\/wordpress\/plugins\/seo\/ -->\n<title>Solutions d&#039;Usinage \u00e0 Saint-Hyacinthe : Au C\u0153ur de la Technopole Agroalimentaire - Usinage Villeneuve<\/title>\n<meta name=\"robots\" content=\"index, follow, max-snippet:-1, max-image-preview:large, max-video-preview:-1\" \/>\n<link rel=\"canonical\" href=\"https:\/\/usinagevilleneuve.com\/en\/usinage-dans-les-plus-grandes-villes-du-quebec\/solutions-dusinage-a-saint-hyacinthe-au-coeur-de-la-technopole-agroalimentaire\/\" \/>\n<meta property=\"og:locale\" content=\"en_US\" \/>\n<meta property=\"og:type\" content=\"article\" \/>\n<meta property=\"og:title\" content=\"Solutions d&#039;Usinage \u00e0 Saint-Hyacinthe : Au C\u0153ur de la Technopole Agroalimentaire - Usinage Villeneuve\" \/>\n<meta property=\"og:description\" content=\"Solutions d&rsquo;Usinage \u00e0 Saint-Hyacinthe : Au C\u0153ur de la Technopole Agroalimentaire La ville de Saint-Hyacinthe se distingue par son secteur agroalimentaire dynamique, n\u00e9cessitant des solutions d&rsquo;usinage sp\u00e9cialis\u00e9es pour r\u00e9pondre aux standards \u00e9lev\u00e9s de l&rsquo;industrie. Chez Usinage Villeneuve, nous comprenons l&rsquo;importance cruciale de la pr\u00e9cision et de la conformit\u00e9 dans le secteur agroalimentaire. Nos services d&rsquo;usinage [&hellip;]\" \/>\n<meta property=\"og:url\" content=\"https:\/\/usinagevilleneuve.com\/en\/usinage-dans-les-plus-grandes-villes-du-quebec\/solutions-dusinage-a-saint-hyacinthe-au-coeur-de-la-technopole-agroalimentaire\/\" \/>\n<meta property=\"og:site_name\" content=\"Usinage Villeneuve\" \/>\n<meta property=\"article:modified_time\" content=\"2024-03-24T20:45:37+00:00\" \/>\n<meta property=\"og:image\" content=\"https:\/\/usinagevilleneuve.com\/wp-content\/uploads\/2024\/02\/Usinage_villeneuve_outillage.jpg\" \/>\n\t<meta property=\"og:image:width\" content=\"863\" \/>\n\t<meta property=\"og:image:height\" content=\"960\" \/>\n\t<meta property=\"og:image:type\" content=\"image\/jpeg\" \/>\n<meta name=\"twitter:card\" content=\"summary_large_image\" \/>\n<meta name=\"twitter:label1\" content=\"Est. reading time\" \/>\n\t<meta name=\"twitter:data1\" content=\"1 minute\" \/>\n<script type=\"application\/ld+json\" class=\"yoast-schema-graph\">{\"@context\":\"https:\/\/schema.org\",\"@graph\":[{\"@type\":\"WebPage\",\"@id\":\"https:\/\/usinagevilleneuve.com\/usinage-dans-les-plus-grandes-villes-du-quebec\/solutions-dusinage-a-saint-hyacinthe-au-coeur-de-la-technopole-agroalimentaire\/\",\"url\":\"https:\/\/usinagevilleneuve.com\/usinage-dans-les-plus-grandes-villes-du-quebec\/solutions-dusinage-a-saint-hyacinthe-au-coeur-de-la-technopole-agroalimentaire\/\",\"name\":\"Solutions d'Usinage \u00e0 Saint-Hyacinthe : Au C\u0153ur de la Technopole Agroalimentaire - Usinage Villeneuve\",\"isPartOf\":{\"@id\":\"https:\/\/usinagevilleneuve.com\/#website\"},\"primaryImageOfPage\":{\"@id\":\"https:\/\/usinagevilleneuve.com\/usinage-dans-les-plus-grandes-villes-du-quebec\/solutions-dusinage-a-saint-hyacinthe-au-coeur-de-la-technopole-agroalimentaire\/#primaryimage\"},\"image\":{\"@id\":\"https:\/\/usinagevilleneuve.com\/usinage-dans-les-plus-grandes-villes-du-quebec\/solutions-dusinage-a-saint-hyacinthe-au-coeur-de-la-technopole-agroalimentaire\/#primaryimage\"},\"thumbnailUrl\":\"https:\/\/usinagevilleneuve.com\/wp-content\/uploads\/2024\/02\/Usinage_villeneuve_outillage.jpg\",\"datePublished\":\"2024-03-24T20:34:43+00:00\",\"dateModified\":\"2024-03-24T20:45:37+00:00\",\"breadcrumb\":{\"@id\":\"https:\/\/usinagevilleneuve.com\/usinage-dans-les-plus-grandes-villes-du-quebec\/solutions-dusinage-a-saint-hyacinthe-au-coeur-de-la-technopole-agroalimentaire\/#breadcrumb\"},\"inLanguage\":\"en-CA\",\"potentialAction\":[{\"@type\":\"ReadAction\",\"target\":[\"https:\/\/usinagevilleneuve.com\/usinage-dans-les-plus-grandes-villes-du-quebec\/solutions-dusinage-a-saint-hyacinthe-au-coeur-de-la-technopole-agroalimentaire\/\"]}]},{\"@type\":\"ImageObject\",\"inLanguage\":\"en-CA\",\"@id\":\"https:\/\/usinagevilleneuve.com\/usinage-dans-les-plus-grandes-villes-du-quebec\/solutions-dusinage-a-saint-hyacinthe-au-coeur-de-la-technopole-agroalimentaire\/#primaryimage\",\"url\":\"https:\/\/usinagevilleneuve.com\/wp-content\/uploads\/2024\/02\/Usinage_villeneuve_outillage.jpg\",\"contentUrl\":\"https:\/\/usinagevilleneuve.com\/wp-content\/uploads\/2024\/02\/Usinage_villeneuve_outillage.jpg\",\"width\":863,\"height\":960,\"caption\":\"Usinage Villeneuve \u00e9quipement\"},{\"@type\":\"BreadcrumbList\",\"@id\":\"https:\/\/usinagevilleneuve.com\/usinage-dans-les-plus-grandes-villes-du-quebec\/solutions-dusinage-a-saint-hyacinthe-au-coeur-de-la-technopole-agroalimentaire\/#breadcrumb\",\"itemListElement\":[{\"@type\":\"ListItem\",\"position\":1,\"name\":\"Accueil\",\"item\":\"https:\/\/usinagevilleneuve.com\/\"},{\"@type\":\"ListItem\",\"position\":2,\"name\":\"Usinage dans les plus grandes villes du Qu\u00e9bec\",\"item\":\"https:\/\/usinagevilleneuve.com\/usinage-dans-les-plus-grandes-villes-du-quebec\/\"},{\"@type\":\"ListItem\",\"position\":3,\"name\":\"Solutions d&rsquo;Usinage \u00e0 Saint-Hyacinthe : Au C\u0153ur de la Technopole Agroalimentaire\"}]},{\"@type\":\"WebSite\",\"@id\":\"https:\/\/usinagevilleneuve.com\/#website\",\"url\":\"https:\/\/usinagevilleneuve.com\/\",\"name\":\"Usinage Villeneuve\",\"description\":\"Expertise in\u00e9gal\u00e9e en usiange\",\"publisher\":{\"@id\":\"https:\/\/usinagevilleneuve.com\/#organization\"},\"potentialAction\":[{\"@type\":\"SearchAction\",\"target\":{\"@type\":\"EntryPoint\",\"urlTemplate\":\"https:\/\/usinagevilleneuve.com\/?s={search_term_string}\"},\"query-input\":{\"@type\":\"PropertyValueSpecification\",\"valueRequired\":true,\"valueName\":\"search_term_string\"}}],\"inLanguage\":\"en-CA\"},{\"@type\":\"Organization\",\"@id\":\"https:\/\/usinagevilleneuve.com\/#organization\",\"name\":\"Usinage Villeneuve\",\"url\":\"https:\/\/usinagevilleneuve.com\/\",\"logo\":{\"@type\":\"ImageObject\",\"inLanguage\":\"en-CA\",\"@id\":\"https:\/\/usinagevilleneuve.com\/#\/schema\/logo\/image\/\",\"url\":\"https:\/\/usinagevilleneuve.com\/wp-content\/uploads\/2024\/02\/logo-usinage-iso.png\",\"contentUrl\":\"https:\/\/usinagevilleneuve.com\/wp-content\/uploads\/2024\/02\/logo-usinage-iso.png\",\"width\":1000,\"height\":500,\"caption\":\"Usinage Villeneuve\"},\"image\":{\"@id\":\"https:\/\/usinagevilleneuve.com\/#\/schema\/logo\/image\/\"}}]}<\/script>\n<!-- \/ Yoast SEO plugin. -->","yoast_head_json":{"title":"Solutions d'Usinage \u00e0 Saint-Hyacinthe : Au C\u0153ur de la Technopole Agroalimentaire - Usinage Villeneuve","robots":{"index":"index","follow":"follow","max-snippet":"max-snippet:-1","max-image-preview":"max-image-preview:large","max-video-preview":"max-video-preview:-1"},"canonical":"https:\/\/usinagevilleneuve.com\/en\/usinage-dans-les-plus-grandes-villes-du-quebec\/solutions-dusinage-a-saint-hyacinthe-au-coeur-de-la-technopole-agroalimentaire\/","og_locale":"en_US","og_type":"article","og_title":"Solutions d'Usinage \u00e0 Saint-Hyacinthe : Au C\u0153ur de la Technopole Agroalimentaire - Usinage Villeneuve","og_description":"Solutions d&rsquo;Usinage \u00e0 Saint-Hyacinthe : Au C\u0153ur de la Technopole Agroalimentaire La ville de Saint-Hyacinthe se distingue par son secteur agroalimentaire dynamique, n\u00e9cessitant des solutions d&rsquo;usinage sp\u00e9cialis\u00e9es pour r\u00e9pondre aux standards \u00e9lev\u00e9s de l&rsquo;industrie. Chez Usinage Villeneuve, nous comprenons l&rsquo;importance cruciale de la pr\u00e9cision et de la conformit\u00e9 dans le secteur agroalimentaire. Nos services d&rsquo;usinage [&hellip;]","og_url":"https:\/\/usinagevilleneuve.com\/en\/usinage-dans-les-plus-grandes-villes-du-quebec\/solutions-dusinage-a-saint-hyacinthe-au-coeur-de-la-technopole-agroalimentaire\/","og_site_name":"Usinage Villeneuve","article_modified_time":"2024-03-24T20:45:37+00:00","og_image":[{"width":863,"height":960,"url":"https:\/\/usinagevilleneuve.com\/wp-content\/uploads\/2024\/02\/Usinage_villeneuve_outillage.jpg","type":"image\/jpeg"}],"twitter_card":"summary_large_image","twitter_misc":{"Est. reading time":"1 minute"},"schema":{"@context":"https:\/\/schema.org","@graph":[{"@type":"WebPage","@id":"https:\/\/usinagevilleneuve.com\/usinage-dans-les-plus-grandes-villes-du-quebec\/solutions-dusinage-a-saint-hyacinthe-au-coeur-de-la-technopole-agroalimentaire\/","url":"https:\/\/usinagevilleneuve.com\/usinage-dans-les-plus-grandes-villes-du-quebec\/solutions-dusinage-a-saint-hyacinthe-au-coeur-de-la-technopole-agroalimentaire\/","name":"Solutions d'Usinage \u00e0 Saint-Hyacinthe : Au C\u0153ur de la Technopole Agroalimentaire - Usinage Villeneuve","isPartOf":{"@id":"https:\/\/usinagevilleneuve.com\/#website"},"primaryImageOfPage":{"@id":"https:\/\/usinagevilleneuve.com\/usinage-dans-les-plus-grandes-villes-du-quebec\/solutions-dusinage-a-saint-hyacinthe-au-coeur-de-la-technopole-agroalimentaire\/#primaryimage"},"image":{"@id":"https:\/\/usinagevilleneuve.com\/usinage-dans-les-plus-grandes-villes-du-quebec\/solutions-dusinage-a-saint-hyacinthe-au-coeur-de-la-technopole-agroalimentaire\/#primaryimage"},"thumbnailUrl":"https:\/\/usinagevilleneuve.com\/wp-content\/uploads\/2024\/02\/Usinage_villeneuve_outillage.jpg","datePublished":"2024-03-24T20:34:43+00:00","dateModified":"2024-03-24T20:45:37+00:00","breadcrumb":{"@id":"https:\/\/usinagevilleneuve.com\/usinage-dans-les-plus-grandes-villes-du-quebec\/solutions-dusinage-a-saint-hyacinthe-au-coeur-de-la-technopole-agroalimentaire\/#breadcrumb"},"inLanguage":"en-CA","potentialAction":[{"@type":"ReadAction","target":["https:\/\/usinagevilleneuve.com\/usinage-dans-les-plus-grandes-villes-du-quebec\/solutions-dusinage-a-saint-hyacinthe-au-coeur-de-la-technopole-agroalimentaire\/"]}]},{"@type":"ImageObject","inLanguage":"en-CA","@id":"https:\/\/usinagevilleneuve.com\/usinage-dans-les-plus-grandes-villes-du-quebec\/solutions-dusinage-a-saint-hyacinthe-au-coeur-de-la-technopole-agroalimentaire\/#primaryimage","url":"https:\/\/usinagevilleneuve.com\/wp-content\/uploads\/2024\/02\/Usinage_villeneuve_outillage.jpg","contentUrl":"https:\/\/usinagevilleneuve.com\/wp-content\/uploads\/2024\/02\/Usinage_villeneuve_outillage.jpg","width":863,"height":960,"caption":"Usinage Villeneuve \u00e9quipement"},{"@type":"BreadcrumbList","@id":"https:\/\/usinagevilleneuve.com\/usinage-dans-les-plus-grandes-villes-du-quebec\/solutions-dusinage-a-saint-hyacinthe-au-coeur-de-la-technopole-agroalimentaire\/#breadcrumb","itemListElement":[{"@type":"ListItem","position":1,"name":"Accueil","item":"https:\/\/usinagevilleneuve.com\/"},{"@type":"ListItem","position":2,"name":"Usinage dans les plus grandes villes du Qu\u00e9bec","item":"https:\/\/usinagevilleneuve.com\/usinage-dans-les-plus-grandes-villes-du-quebec\/"},{"@type":"ListItem","position":3,"name":"Solutions d&rsquo;Usinage \u00e0 Saint-Hyacinthe : Au C\u0153ur de la Technopole Agroalimentaire"}]},{"@type":"WebSite","@id":"https:\/\/usinagevilleneuve.com\/#website","url":"https:\/\/usinagevilleneuve.com\/","name":"Usinage Villeneuve","description":"Expertise in\u00e9gal\u00e9e en usiange","publisher":{"@id":"https:\/\/usinagevilleneuve.com\/#organization"},"potentialAction":[{"@type":"SearchAction","target":{"@type":"EntryPoint","urlTemplate":"https:\/\/usinagevilleneuve.com\/?s={search_term_string}"},"query-input":{"@type":"PropertyValueSpecification","valueRequired":true,"valueName":"search_term_string"}}],"inLanguage":"en-CA"},{"@type":"Organization","@id":"https:\/\/usinagevilleneuve.com\/#organization","name":"Usinage Villeneuve","url":"https:\/\/usinagevilleneuve.com\/","logo":{"@type":"ImageObject","inLanguage":"en-CA","@id":"https:\/\/usinagevilleneuve.com\/#\/schema\/logo\/image\/","url":"https:\/\/usinagevilleneuve.com\/wp-content\/uploads\/2024\/02\/logo-usinage-iso.png","contentUrl":"https:\/\/usinagevilleneuve.com\/wp-content\/uploads\/2024\/02\/logo-usinage-iso.png","width":1000,"height":500,"caption":"Usinage Villeneuve"},"image":{"@id":"https:\/\/usinagevilleneuve.com\/#\/schema\/logo\/image\/"}}]}},"_links":{"self":[{"href":"https:\/\/usinagevilleneuve.com\/en\/wp-json\/wp\/v2\/pages\/3020","targetHints":{"allow":["GET"]}}],"collection":[{"href":"https:\/\/usinagevilleneuve.com\/en\/wp-json\/wp\/v2\/pages"}],"about":[{"href":"https:\/\/usinagevilleneuve.com\/en\/wp-json\/wp\/v2\/types\/page"}],"author":[{"embeddable":true,"href":"https:\/\/usinagevilleneuve.com\/en\/wp-json\/wp\/v2\/users\/1"}],"replies":[{"embeddable":true,"href":"https:\/\/usinagevilleneuve.com\/en\/wp-json\/wp\/v2\/comments?post=3020"}],"version-history":[{"count":5,"href":"https:\/\/usinagevilleneuve.com\/en\/wp-json\/wp\/v2\/pages\/3020\/revisions"}],"predecessor-version":[{"id":3044,"href":"https:\/\/usinagevilleneuve.com\/en\/wp-json\/wp\/v2\/pages\/3020\/revisions\/3044"}],"up":[{"embeddable":true,"href":"https:\/\/usinagevilleneuve.com\/en\/wp-json\/wp\/v2\/pages\/3045"}],"wp:featuredmedia":[{"embeddable":true,"href":"https:\/\/usinagevilleneuve.com\/en\/wp-json\/wp\/v2\/media\/2320"}],"wp:attachment":[{"href":"https:\/\/usinagevilleneuve.com\/en\/wp-json\/wp\/v2\/media?parent=3020"}],"curies":[{"name":"wp","href":"https:\/\/api.w.org\/{rel}","templated":true}]}}