{"id":3025,"date":"2024-03-24T15:36:28","date_gmt":"2024-03-24T20:36:28","guid":{"rendered":"https:\/\/usinagevilleneuve.com\/?page_id=3025"},"modified":"2024-03-24T15:45:37","modified_gmt":"2024-03-24T20:45:37","slug":"usinage-de-precision-a-saguenay-soutien-aux-industries-de-lenergie-et-de-laluminium","status":"publish","type":"page","link":"https:\/\/usinagevilleneuve.com\/en\/usinage-dans-les-plus-grandes-villes-du-quebec\/usinage-de-precision-a-saguenay-soutien-aux-industries-de-lenergie-et-de-laluminium\/","title":{"rendered":"Usinage de Pr\u00e9cision \u00e0 Saguenay : Soutien aux Industries de l&rsquo;\u00c9nergie et de l&rsquo;Aluminium"},"content":{"rendered":"<div data-elementor-type=\"wp-page\" data-elementor-id=\"3025\" class=\"elementor elementor-3025\" data-elementor-post-type=\"page\">\n\t\t\t\t<div class=\"elementor-element elementor-element-73aff768 e-con-full e-flex e-con e-parent\" data-id=\"73aff768\" data-element_type=\"container\">\n\t\t<div class=\"elementor-element elementor-element-5b2e1445 e-con-full e-flex e-con e-child\" data-id=\"5b2e1445\" data-element_type=\"container\" data-settings=\"{&quot;background_background&quot;:&quot;classic&quot;}\">\n\t\t\t\t<\/div>\n\t\t<div class=\"elementor-element elementor-element-3d3f47f3 e-con-full e-flex e-con e-child\" data-id=\"3d3f47f3\" data-element_type=\"container\" data-settings=\"{&quot;background_background&quot;:&quot;classic&quot;}\">\n\t\t\t\t<div class=\"elementor-element elementor-element-4b60d0d2 elementor-cta--skin-classic elementor-animated-content elementor-bg-transform elementor-bg-transform-zoom-in elementor-widget elementor-widget-call-to-action\" data-id=\"4b60d0d2\" data-element_type=\"widget\" data-widget_type=\"call-to-action.default\">\n\t\t\t\t<div class=\"elementor-widget-container\">\n\t\t\t\t\t\t\t<div class=\"elementor-cta\">\n\t\t\t\t\t\t\t<div class=\"elementor-cta__content\">\n\t\t\t\t\n\t\t\t\t\t\t\t\t\t<span class=\"elementor-cta__title elementor-cta__content-item elementor-content-item\">\n\t\t\t\t\t\tUsinage de Pr\u00e9cision \u00e0 Saguenay : Soutien aux Industries de l&rsquo;\u00c9nergie et de l&rsquo;Aluminium\t\t\t\t\t<\/span>\n\t\t\t\t\n\t\t\t\t\n\t\t\t\t\t\t\t<\/div>\n\t\t\t\t\t\t<\/div>\n\t\t\t\t\t\t<\/div>\n\t\t\t\t<\/div>\n\t\t\t\t<\/div>\n\t\t\t\t<\/div>\n\t\t<div class=\"elementor-element elementor-element-684dc3b e-flex e-con-boxed e-con e-parent\" data-id=\"684dc3b\" data-element_type=\"container\">\n\t\t\t\t\t<div class=\"e-con-inner\">\n\t\t\t\t<div class=\"elementor-element elementor-element-fcf181f elementor-widget elementor-widget-text-editor\" data-id=\"fcf181f\" data-element_type=\"widget\" data-widget_type=\"text-editor.default\">\n\t\t\t\t<div class=\"elementor-widget-container\">\n\t\t\t\t\t\t\t\t\t<h1>Usinage de Pr\u00e9cision \u00e0 Saguenay : Soutien aux Industries de l&rsquo;\u00c9nergie et de l&rsquo;Aluminium<\/h1><p>Le<strong> Saguenay<\/strong> se distingue par ses industries cl\u00e9s de l&rsquo;\u00e9nergie et de l&rsquo;aluminium, qui demandent un niveau d&rsquo;usinage de pr\u00e9cision que seule <strong>Usinage Villeneuve<\/strong> peut fournir. Notre expertise technique et nos capacit\u00e9s d&rsquo;usinage avanc\u00e9es nous permettent de r\u00e9pondre aux besoins sp\u00e9cifiques de ces secteurs, en offrant des solutions qui maximisent l&rsquo;efficacit\u00e9 et la durabilit\u00e9 des composants.<\/p><h2>R\u00e9pondre aux Exigences de l&rsquo;\u00c9nergie et de l&rsquo;Aluminium \u00e0 Saguenay<\/h2><p>Chez Usinage Villeneuve, nous sommes fiers de soutenir les industries de l&rsquo;\u00e9nergie et de l&rsquo;aluminium <strong>\u00e0\u00a0Saguenay<\/strong> avec des services d&rsquo;usinage qui d\u00e9passent les attentes. Notre exp\u00e9rience dans le travail avec des mat\u00e9riaux exigeants et notre engagement envers l&rsquo;innovation nous permettent de r\u00e9aliser des projets qui contribuent \u00e0 l&rsquo;avancement de ces industries cruciales.<\/p><h2>Votre Partenaire d&rsquo;Usinage Strat\u00e9gique \u00e0 Saguenay<\/h2><p>Notre objectif \u00e0 <strong>Usinage Villeneuve<\/strong> est de devenir votre partenaire strat\u00e9gique \u00e0 <strong>Saguenay<\/strong>, offrant des solutions d&rsquo;usinage qui renforcent votre cha\u00eene de production. Notre \u00e9quipe d\u00e9di\u00e9e est pr\u00eate \u00e0 relever les d\u00e9fis uniques pos\u00e9s par les industries de l&rsquo;\u00e9nergie et de l&rsquo;aluminium, garantissant des r\u00e9sultats qui r\u00e9pondent \u00e0 vos standards les plus \u00e9lev\u00e9s. Contactez-nous pour explorer comment nous pouvons contribuer \u00e0 la r\u00e9ussite de vos op\u00e9rations industrielles.<\/p>\t\t\t\t\t\t\t\t<\/div>\n\t\t\t\t<\/div>\n\t\t\t\t\t<\/div>\n\t\t\t\t<\/div>\n\t\t\t\t<\/div>","protected":false},"excerpt":{"rendered":"<p>Usinage de Pr\u00e9cision \u00e0 Saguenay : Soutien aux Industries de l&rsquo;\u00c9nergie et de l&rsquo;Aluminium Le Saguenay se distingue par ses industries cl\u00e9s de l&rsquo;\u00e9nergie et de l&rsquo;aluminium, qui demandent un niveau d&rsquo;usinage de pr\u00e9cision que seule Usinage Villeneuve peut fournir. Notre expertise technique et nos capacit\u00e9s d&rsquo;usinage avanc\u00e9es nous permettent de r\u00e9pondre aux besoins sp\u00e9cifiques [&hellip;]<\/p>","protected":false},"author":1,"featured_media":2320,"parent":3045,"menu_order":0,"comment_status":"closed","ping_status":"closed","template":"elementor_header_footer","meta":{"footnotes":""},"class_list":["post-3025","page","type-page","status-publish","has-post-thumbnail","hentry"],"yoast_head":"<!-- This site is optimized with the Yoast SEO plugin v24.8.1 - https:\/\/yoast.com\/wordpress\/plugins\/seo\/ -->\n<title>Usinage de Pr\u00e9cision \u00e0 Saguenay : Soutien aux Industries de l&#039;\u00c9nergie et de l&#039;Aluminium - Usinage Villeneuve<\/title>\n<meta name=\"robots\" content=\"index, follow, max-snippet:-1, max-image-preview:large, max-video-preview:-1\" \/>\n<link rel=\"canonical\" href=\"https:\/\/usinagevilleneuve.com\/en\/usinage-dans-les-plus-grandes-villes-du-quebec\/usinage-de-precision-a-saguenay-soutien-aux-industries-de-lenergie-et-de-laluminium\/\" \/>\n<meta property=\"og:locale\" content=\"en_US\" \/>\n<meta property=\"og:type\" content=\"article\" \/>\n<meta property=\"og:title\" content=\"Usinage de Pr\u00e9cision \u00e0 Saguenay : Soutien aux Industries de l&#039;\u00c9nergie et de l&#039;Aluminium - Usinage Villeneuve\" \/>\n<meta property=\"og:description\" content=\"Usinage de Pr\u00e9cision \u00e0 Saguenay : Soutien aux Industries de l&rsquo;\u00c9nergie et de l&rsquo;Aluminium Le Saguenay se distingue par ses industries cl\u00e9s de l&rsquo;\u00e9nergie et de l&rsquo;aluminium, qui demandent un niveau d&rsquo;usinage de pr\u00e9cision que seule Usinage Villeneuve peut fournir. Notre expertise technique et nos capacit\u00e9s d&rsquo;usinage avanc\u00e9es nous permettent de r\u00e9pondre aux besoins sp\u00e9cifiques [&hellip;]\" \/>\n<meta property=\"og:url\" content=\"https:\/\/usinagevilleneuve.com\/en\/usinage-dans-les-plus-grandes-villes-du-quebec\/usinage-de-precision-a-saguenay-soutien-aux-industries-de-lenergie-et-de-laluminium\/\" \/>\n<meta property=\"og:site_name\" content=\"Usinage Villeneuve\" \/>\n<meta property=\"article:modified_time\" content=\"2024-03-24T20:45:37+00:00\" \/>\n<meta property=\"og:image\" content=\"https:\/\/usinagevilleneuve.com\/wp-content\/uploads\/2024\/02\/Usinage_villeneuve_outillage.jpg\" \/>\n\t<meta property=\"og:image:width\" content=\"863\" \/>\n\t<meta property=\"og:image:height\" content=\"960\" \/>\n\t<meta property=\"og:image:type\" content=\"image\/jpeg\" \/>\n<meta name=\"twitter:card\" content=\"summary_large_image\" \/>\n<meta name=\"twitter:label1\" content=\"Est. reading time\" \/>\n\t<meta name=\"twitter:data1\" content=\"2 minutes\" \/>\n<script type=\"application\/ld+json\" class=\"yoast-schema-graph\">{\"@context\":\"https:\/\/schema.org\",\"@graph\":[{\"@type\":\"WebPage\",\"@id\":\"https:\/\/usinagevilleneuve.com\/usinage-dans-les-plus-grandes-villes-du-quebec\/usinage-de-precision-a-saguenay-soutien-aux-industries-de-lenergie-et-de-laluminium\/\",\"url\":\"https:\/\/usinagevilleneuve.com\/usinage-dans-les-plus-grandes-villes-du-quebec\/usinage-de-precision-a-saguenay-soutien-aux-industries-de-lenergie-et-de-laluminium\/\",\"name\":\"Usinage de Pr\u00e9cision \u00e0 Saguenay : Soutien aux Industries de l'\u00c9nergie et de l'Aluminium - Usinage Villeneuve\",\"isPartOf\":{\"@id\":\"https:\/\/usinagevilleneuve.com\/#website\"},\"primaryImageOfPage\":{\"@id\":\"https:\/\/usinagevilleneuve.com\/usinage-dans-les-plus-grandes-villes-du-quebec\/usinage-de-precision-a-saguenay-soutien-aux-industries-de-lenergie-et-de-laluminium\/#primaryimage\"},\"image\":{\"@id\":\"https:\/\/usinagevilleneuve.com\/usinage-dans-les-plus-grandes-villes-du-quebec\/usinage-de-precision-a-saguenay-soutien-aux-industries-de-lenergie-et-de-laluminium\/#primaryimage\"},\"thumbnailUrl\":\"https:\/\/usinagevilleneuve.com\/wp-content\/uploads\/2024\/02\/Usinage_villeneuve_outillage.jpg\",\"datePublished\":\"2024-03-24T20:36:28+00:00\",\"dateModified\":\"2024-03-24T20:45:37+00:00\",\"breadcrumb\":{\"@id\":\"https:\/\/usinagevilleneuve.com\/usinage-dans-les-plus-grandes-villes-du-quebec\/usinage-de-precision-a-saguenay-soutien-aux-industries-de-lenergie-et-de-laluminium\/#breadcrumb\"},\"inLanguage\":\"en-CA\",\"potentialAction\":[{\"@type\":\"ReadAction\",\"target\":[\"https:\/\/usinagevilleneuve.com\/usinage-dans-les-plus-grandes-villes-du-quebec\/usinage-de-precision-a-saguenay-soutien-aux-industries-de-lenergie-et-de-laluminium\/\"]}]},{\"@type\":\"ImageObject\",\"inLanguage\":\"en-CA\",\"@id\":\"https:\/\/usinagevilleneuve.com\/usinage-dans-les-plus-grandes-villes-du-quebec\/usinage-de-precision-a-saguenay-soutien-aux-industries-de-lenergie-et-de-laluminium\/#primaryimage\",\"url\":\"https:\/\/usinagevilleneuve.com\/wp-content\/uploads\/2024\/02\/Usinage_villeneuve_outillage.jpg\",\"contentUrl\":\"https:\/\/usinagevilleneuve.com\/wp-content\/uploads\/2024\/02\/Usinage_villeneuve_outillage.jpg\",\"width\":863,\"height\":960,\"caption\":\"Usinage Villeneuve \u00e9quipement\"},{\"@type\":\"BreadcrumbList\",\"@id\":\"https:\/\/usinagevilleneuve.com\/usinage-dans-les-plus-grandes-villes-du-quebec\/usinage-de-precision-a-saguenay-soutien-aux-industries-de-lenergie-et-de-laluminium\/#breadcrumb\",\"itemListElement\":[{\"@type\":\"ListItem\",\"position\":1,\"name\":\"Accueil\",\"item\":\"https:\/\/usinagevilleneuve.com\/\"},{\"@type\":\"ListItem\",\"position\":2,\"name\":\"Usinage dans les plus grandes villes du Qu\u00e9bec\",\"item\":\"https:\/\/usinagevilleneuve.com\/usinage-dans-les-plus-grandes-villes-du-quebec\/\"},{\"@type\":\"ListItem\",\"position\":3,\"name\":\"Usinage de Pr\u00e9cision \u00e0 Saguenay : Soutien aux Industries de l&rsquo;\u00c9nergie et de l&rsquo;Aluminium\"}]},{\"@type\":\"WebSite\",\"@id\":\"https:\/\/usinagevilleneuve.com\/#website\",\"url\":\"https:\/\/usinagevilleneuve.com\/\",\"name\":\"Usinage Villeneuve\",\"description\":\"Expertise in\u00e9gal\u00e9e en usiange\",\"publisher\":{\"@id\":\"https:\/\/usinagevilleneuve.com\/#organization\"},\"potentialAction\":[{\"@type\":\"SearchAction\",\"target\":{\"@type\":\"EntryPoint\",\"urlTemplate\":\"https:\/\/usinagevilleneuve.com\/?s={search_term_string}\"},\"query-input\":{\"@type\":\"PropertyValueSpecification\",\"valueRequired\":true,\"valueName\":\"search_term_string\"}}],\"inLanguage\":\"en-CA\"},{\"@type\":\"Organization\",\"@id\":\"https:\/\/usinagevilleneuve.com\/#organization\",\"name\":\"Usinage Villeneuve\",\"url\":\"https:\/\/usinagevilleneuve.com\/\",\"logo\":{\"@type\":\"ImageObject\",\"inLanguage\":\"en-CA\",\"@id\":\"https:\/\/usinagevilleneuve.com\/#\/schema\/logo\/image\/\",\"url\":\"https:\/\/usinagevilleneuve.com\/wp-content\/uploads\/2024\/02\/logo-usinage-iso.png\",\"contentUrl\":\"https:\/\/usinagevilleneuve.com\/wp-content\/uploads\/2024\/02\/logo-usinage-iso.png\",\"width\":1000,\"height\":500,\"caption\":\"Usinage Villeneuve\"},\"image\":{\"@id\":\"https:\/\/usinagevilleneuve.com\/#\/schema\/logo\/image\/\"}}]}<\/script>\n<!-- \/ Yoast SEO plugin. -->","yoast_head_json":{"title":"Usinage de Pr\u00e9cision \u00e0 Saguenay : Soutien aux Industries de l'\u00c9nergie et de l'Aluminium - Usinage Villeneuve","robots":{"index":"index","follow":"follow","max-snippet":"max-snippet:-1","max-image-preview":"max-image-preview:large","max-video-preview":"max-video-preview:-1"},"canonical":"https:\/\/usinagevilleneuve.com\/en\/usinage-dans-les-plus-grandes-villes-du-quebec\/usinage-de-precision-a-saguenay-soutien-aux-industries-de-lenergie-et-de-laluminium\/","og_locale":"en_US","og_type":"article","og_title":"Usinage de Pr\u00e9cision \u00e0 Saguenay : Soutien aux Industries de l'\u00c9nergie et de l'Aluminium - Usinage Villeneuve","og_description":"Usinage de Pr\u00e9cision \u00e0 Saguenay : Soutien aux Industries de l&rsquo;\u00c9nergie et de l&rsquo;Aluminium Le Saguenay se distingue par ses industries cl\u00e9s de l&rsquo;\u00e9nergie et de l&rsquo;aluminium, qui demandent un niveau d&rsquo;usinage de pr\u00e9cision que seule Usinage Villeneuve peut fournir. Notre expertise technique et nos capacit\u00e9s d&rsquo;usinage avanc\u00e9es nous permettent de r\u00e9pondre aux besoins sp\u00e9cifiques [&hellip;]","og_url":"https:\/\/usinagevilleneuve.com\/en\/usinage-dans-les-plus-grandes-villes-du-quebec\/usinage-de-precision-a-saguenay-soutien-aux-industries-de-lenergie-et-de-laluminium\/","og_site_name":"Usinage Villeneuve","article_modified_time":"2024-03-24T20:45:37+00:00","og_image":[{"width":863,"height":960,"url":"https:\/\/usinagevilleneuve.com\/wp-content\/uploads\/2024\/02\/Usinage_villeneuve_outillage.jpg","type":"image\/jpeg"}],"twitter_card":"summary_large_image","twitter_misc":{"Est. reading time":"2 minutes"},"schema":{"@context":"https:\/\/schema.org","@graph":[{"@type":"WebPage","@id":"https:\/\/usinagevilleneuve.com\/usinage-dans-les-plus-grandes-villes-du-quebec\/usinage-de-precision-a-saguenay-soutien-aux-industries-de-lenergie-et-de-laluminium\/","url":"https:\/\/usinagevilleneuve.com\/usinage-dans-les-plus-grandes-villes-du-quebec\/usinage-de-precision-a-saguenay-soutien-aux-industries-de-lenergie-et-de-laluminium\/","name":"Usinage de Pr\u00e9cision \u00e0 Saguenay : Soutien aux Industries de l'\u00c9nergie et de l'Aluminium - Usinage Villeneuve","isPartOf":{"@id":"https:\/\/usinagevilleneuve.com\/#website"},"primaryImageOfPage":{"@id":"https:\/\/usinagevilleneuve.com\/usinage-dans-les-plus-grandes-villes-du-quebec\/usinage-de-precision-a-saguenay-soutien-aux-industries-de-lenergie-et-de-laluminium\/#primaryimage"},"image":{"@id":"https:\/\/usinagevilleneuve.com\/usinage-dans-les-plus-grandes-villes-du-quebec\/usinage-de-precision-a-saguenay-soutien-aux-industries-de-lenergie-et-de-laluminium\/#primaryimage"},"thumbnailUrl":"https:\/\/usinagevilleneuve.com\/wp-content\/uploads\/2024\/02\/Usinage_villeneuve_outillage.jpg","datePublished":"2024-03-24T20:36:28+00:00","dateModified":"2024-03-24T20:45:37+00:00","breadcrumb":{"@id":"https:\/\/usinagevilleneuve.com\/usinage-dans-les-plus-grandes-villes-du-quebec\/usinage-de-precision-a-saguenay-soutien-aux-industries-de-lenergie-et-de-laluminium\/#breadcrumb"},"inLanguage":"en-CA","potentialAction":[{"@type":"ReadAction","target":["https:\/\/usinagevilleneuve.com\/usinage-dans-les-plus-grandes-villes-du-quebec\/usinage-de-precision-a-saguenay-soutien-aux-industries-de-lenergie-et-de-laluminium\/"]}]},{"@type":"ImageObject","inLanguage":"en-CA","@id":"https:\/\/usinagevilleneuve.com\/usinage-dans-les-plus-grandes-villes-du-quebec\/usinage-de-precision-a-saguenay-soutien-aux-industries-de-lenergie-et-de-laluminium\/#primaryimage","url":"https:\/\/usinagevilleneuve.com\/wp-content\/uploads\/2024\/02\/Usinage_villeneuve_outillage.jpg","contentUrl":"https:\/\/usinagevilleneuve.com\/wp-content\/uploads\/2024\/02\/Usinage_villeneuve_outillage.jpg","width":863,"height":960,"caption":"Usinage Villeneuve \u00e9quipement"},{"@type":"BreadcrumbList","@id":"https:\/\/usinagevilleneuve.com\/usinage-dans-les-plus-grandes-villes-du-quebec\/usinage-de-precision-a-saguenay-soutien-aux-industries-de-lenergie-et-de-laluminium\/#breadcrumb","itemListElement":[{"@type":"ListItem","position":1,"name":"Accueil","item":"https:\/\/usinagevilleneuve.com\/"},{"@type":"ListItem","position":2,"name":"Usinage dans les plus grandes villes du Qu\u00e9bec","item":"https:\/\/usinagevilleneuve.com\/usinage-dans-les-plus-grandes-villes-du-quebec\/"},{"@type":"ListItem","position":3,"name":"Usinage de Pr\u00e9cision \u00e0 Saguenay : Soutien aux Industries de l&rsquo;\u00c9nergie et de l&rsquo;Aluminium"}]},{"@type":"WebSite","@id":"https:\/\/usinagevilleneuve.com\/#website","url":"https:\/\/usinagevilleneuve.com\/","name":"Usinage Villeneuve","description":"Expertise in\u00e9gal\u00e9e en usiange","publisher":{"@id":"https:\/\/usinagevilleneuve.com\/#organization"},"potentialAction":[{"@type":"SearchAction","target":{"@type":"EntryPoint","urlTemplate":"https:\/\/usinagevilleneuve.com\/?s={search_term_string}"},"query-input":{"@type":"PropertyValueSpecification","valueRequired":true,"valueName":"search_term_string"}}],"inLanguage":"en-CA"},{"@type":"Organization","@id":"https:\/\/usinagevilleneuve.com\/#organization","name":"Usinage Villeneuve","url":"https:\/\/usinagevilleneuve.com\/","logo":{"@type":"ImageObject","inLanguage":"en-CA","@id":"https:\/\/usinagevilleneuve.com\/#\/schema\/logo\/image\/","url":"https:\/\/usinagevilleneuve.com\/wp-content\/uploads\/2024\/02\/logo-usinage-iso.png","contentUrl":"https:\/\/usinagevilleneuve.com\/wp-content\/uploads\/2024\/02\/logo-usinage-iso.png","width":1000,"height":500,"caption":"Usinage Villeneuve"},"image":{"@id":"https:\/\/usinagevilleneuve.com\/#\/schema\/logo\/image\/"}}]}},"_links":{"self":[{"href":"https:\/\/usinagevilleneuve.com\/en\/wp-json\/wp\/v2\/pages\/3025","targetHints":{"allow":["GET"]}}],"collection":[{"href":"https:\/\/usinagevilleneuve.com\/en\/wp-json\/wp\/v2\/pages"}],"about":[{"href":"https:\/\/usinagevilleneuve.com\/en\/wp-json\/wp\/v2\/types\/page"}],"author":[{"embeddable":true,"href":"https:\/\/usinagevilleneuve.com\/en\/wp-json\/wp\/v2\/users\/1"}],"replies":[{"embeddable":true,"href":"https:\/\/usinagevilleneuve.com\/en\/wp-json\/wp\/v2\/comments?post=3025"}],"version-history":[{"count":5,"href":"https:\/\/usinagevilleneuve.com\/en\/wp-json\/wp\/v2\/pages\/3025\/revisions"}],"predecessor-version":[{"id":3043,"href":"https:\/\/usinagevilleneuve.com\/en\/wp-json\/wp\/v2\/pages\/3025\/revisions\/3043"}],"up":[{"embeddable":true,"href":"https:\/\/usinagevilleneuve.com\/en\/wp-json\/wp\/v2\/pages\/3045"}],"wp:featuredmedia":[{"embeddable":true,"href":"https:\/\/usinagevilleneuve.com\/en\/wp-json\/wp\/v2\/media\/2320"}],"wp:attachment":[{"href":"https:\/\/usinagevilleneuve.com\/en\/wp-json\/wp\/v2\/media?parent=3025"}],"curies":[{"name":"wp","href":"https:\/\/api.w.org\/{rel}","templated":true}]}}