{"id":3036,"date":"2024-03-24T15:39:33","date_gmt":"2024-03-24T20:39:33","guid":{"rendered":"https:\/\/usinagevilleneuve.com\/?page_id=3036"},"modified":"2024-03-24T15:45:37","modified_gmt":"2024-03-24T20:45:37","slug":"usinage-specialise-a-laval-partenaire-de-lindustrie-diversifiee","status":"publish","type":"page","link":"https:\/\/usinagevilleneuve.com\/en\/usinage-dans-les-plus-grandes-villes-du-quebec\/usinage-specialise-a-laval-partenaire-de-lindustrie-diversifiee\/","title":{"rendered":"Machining Services in Laval: At the Forefront of the Pharmaceutical and Biotech Industries"},"content":{"rendered":"<div data-elementor-type=\"wp-page\" data-elementor-id=\"3036\" class=\"elementor elementor-3036\" data-elementor-post-type=\"page\">\n\t\t\t\t<div class=\"elementor-element elementor-element-73aff768 e-con-full e-flex e-con e-parent\" data-id=\"73aff768\" data-element_type=\"container\">\n\t\t<div class=\"elementor-element elementor-element-5b2e1445 e-con-full e-flex e-con e-child\" data-id=\"5b2e1445\" data-element_type=\"container\" data-settings=\"{&quot;background_background&quot;:&quot;classic&quot;}\">\n\t\t\t\t<\/div>\n\t\t<div class=\"elementor-element elementor-element-3d3f47f3 e-con-full e-flex e-con e-child\" data-id=\"3d3f47f3\" data-element_type=\"container\" data-settings=\"{&quot;background_background&quot;:&quot;classic&quot;}\">\n\t\t\t\t<div class=\"elementor-element elementor-element-4b60d0d2 elementor-cta--skin-classic elementor-animated-content elementor-bg-transform elementor-bg-transform-zoom-in elementor-widget elementor-widget-call-to-action\" data-id=\"4b60d0d2\" data-element_type=\"widget\" data-widget_type=\"call-to-action.default\">\n\t\t\t\t<div class=\"elementor-widget-container\">\n\t\t\t\t\t\t\t<div class=\"elementor-cta\">\n\t\t\t\t\t\t\t<div class=\"elementor-cta__content\">\n\t\t\t\t\n\t\t\t\t\t\t\t\t\t<span class=\"elementor-cta__title elementor-cta__content-item elementor-content-item\">\n\t\t\t\t\t\tMachining Services in Laval: At the Forefront of the Pharmaceutical and Biotech Industries\t\t\t\t\t<\/span>\n\t\t\t\t\n\t\t\t\t\n\t\t\t\t\t\t\t<\/div>\n\t\t\t\t\t\t<\/div>\n\t\t\t\t\t\t<\/div>\n\t\t\t\t<\/div>\n\t\t\t\t<\/div>\n\t\t\t\t<\/div>\n\t\t<div class=\"elementor-element elementor-element-684dc3b e-flex e-con-boxed e-con e-parent\" data-id=\"684dc3b\" data-element_type=\"container\">\n\t\t\t\t\t<div class=\"e-con-inner\">\n\t\t\t\t<div class=\"elementor-element elementor-element-fcf181f elementor-widget elementor-widget-text-editor\" data-id=\"fcf181f\" data-element_type=\"widget\" data-widget_type=\"text-editor.default\">\n\t\t\t\t<div class=\"elementor-widget-container\">\n\t\t\t\t\t\t\t\t\t<h1>Machining Services in Laval: At the Forefront of the Pharmaceutical and Biotech Industries<\/h1><p><strong>Laval<\/strong> Stands out for its leadership in the pharmaceutical and biotech sectors, where constant precision and innovation in machining services are essential. <strong>Usinage Villeneuve<\/strong>At Usinage Villeneuve, we are fully equipped to meet these high standards, bringing our precision machining expertise to support advancements in these critical fields. Our ability to work with tight tolerances and specialized materials makes us a key partner for pharmaceutical and biotech companies in the Laval area.**<\/p><h2>Machining Expertise for the Pharmaceutical and Biotech Sector in Laval<\/h2><p><strong>Usinage Villeneuve<\/strong> offers a range of specialized machining services tailored to the unique needs of the pharmaceutical and biotech industries <strong>\u00e0 Laval<\/strong>Our attention to detail and commitment to quality ensure that every machined part meets the highest standards, supporting research, development, and production in these innovative sectors.<\/p><h2>Strategic Machining Partner for Laval<\/h2><p>Our collaboration with the pharmaceutical and biotech sectors in Laval reflects our commitment to delivering high-quality machining solutions.<strong>usinage<\/strong> that foster innovation and growth. At Usinage Villeneuve, we are ready to take on the most complex technical challenges, offering machining services that combine precision, reliability, and innovation. Contact us to learn how we can support your projects in the pharmaceutical and biotech sectors in Laval. <strong>Laval<\/strong> Our collaboration with the pharmaceutical and biotech sectors in Laval reflects our commitment to delivering high-quality machining solutions, backed by our machining expertise<\/p>\t\t\t\t\t\t\t\t<\/div>\n\t\t\t\t<\/div>\n\t\t\t\t\t<\/div>\n\t\t\t\t<\/div>\n\t\t\t\t<\/div>","protected":false},"excerpt":{"rendered":"<p>Services d&rsquo;Usinage \u00e0 Laval : Avant-Garde du Secteur Pharmaceutique et Biotechnologique Laval se distingue par son leadership dans les secteurs pharmaceutique et biotechnologique, n\u00e9cessitant une pr\u00e9cision et une innovation constantes dans les services d&rsquo;usinage. Chez Usinage Villeneuve, nous sommes parfaitement \u00e9quip\u00e9s pour r\u00e9pondre \u00e0 ces exigences \u00e9lev\u00e9es, apportant notre expertise en usinage de pr\u00e9cision pour [&hellip;]<\/p>","protected":false},"author":1,"featured_media":2320,"parent":3045,"menu_order":0,"comment_status":"closed","ping_status":"closed","template":"elementor_header_footer","meta":{"footnotes":""},"class_list":["post-3036","page","type-page","status-publish","has-post-thumbnail","hentry"],"yoast_head":"<!-- This site is optimized with the Yoast SEO plugin v24.8.1 - https:\/\/yoast.com\/wordpress\/plugins\/seo\/ -->\n<title>Services d&#039;Usinage \u00e0 Laval : Avant-Garde du Secteur Pharmaceutique et Biotechnologique - Usinage Villeneuve<\/title>\n<meta name=\"robots\" content=\"index, follow, max-snippet:-1, max-image-preview:large, max-video-preview:-1\" \/>\n<link rel=\"canonical\" href=\"https:\/\/usinagevilleneuve.com\/en\/usinage-dans-les-plus-grandes-villes-du-quebec\/usinage-specialise-a-laval-partenaire-de-lindustrie-diversifiee\/\" \/>\n<meta property=\"og:locale\" content=\"en_US\" \/>\n<meta property=\"og:type\" content=\"article\" \/>\n<meta property=\"og:title\" content=\"Services d&#039;Usinage \u00e0 Laval : Avant-Garde du Secteur Pharmaceutique et Biotechnologique - Usinage Villeneuve\" \/>\n<meta property=\"og:description\" content=\"Services d&rsquo;Usinage \u00e0 Laval : Avant-Garde du Secteur Pharmaceutique et Biotechnologique Laval se distingue par son leadership dans les secteurs pharmaceutique et biotechnologique, n\u00e9cessitant une pr\u00e9cision et une innovation constantes dans les services d&rsquo;usinage. Chez Usinage Villeneuve, nous sommes parfaitement \u00e9quip\u00e9s pour r\u00e9pondre \u00e0 ces exigences \u00e9lev\u00e9es, apportant notre expertise en usinage de pr\u00e9cision pour [&hellip;]\" \/>\n<meta property=\"og:url\" content=\"https:\/\/usinagevilleneuve.com\/en\/usinage-dans-les-plus-grandes-villes-du-quebec\/usinage-specialise-a-laval-partenaire-de-lindustrie-diversifiee\/\" \/>\n<meta property=\"og:site_name\" content=\"Usinage Villeneuve\" \/>\n<meta property=\"article:modified_time\" content=\"2024-03-24T20:45:37+00:00\" \/>\n<meta property=\"og:image\" content=\"https:\/\/usinagevilleneuve.com\/wp-content\/uploads\/2024\/02\/Usinage_villeneuve_outillage.jpg\" \/>\n\t<meta property=\"og:image:width\" content=\"863\" \/>\n\t<meta property=\"og:image:height\" content=\"960\" \/>\n\t<meta property=\"og:image:type\" content=\"image\/jpeg\" \/>\n<meta name=\"twitter:card\" content=\"summary_large_image\" \/>\n<meta name=\"twitter:label1\" content=\"Est. reading time\" \/>\n\t<meta name=\"twitter:data1\" content=\"2 minutes\" \/>\n<script type=\"application\/ld+json\" class=\"yoast-schema-graph\">{\"@context\":\"https:\/\/schema.org\",\"@graph\":[{\"@type\":\"WebPage\",\"@id\":\"https:\/\/usinagevilleneuve.com\/usinage-dans-les-plus-grandes-villes-du-quebec\/usinage-specialise-a-laval-partenaire-de-lindustrie-diversifiee\/\",\"url\":\"https:\/\/usinagevilleneuve.com\/usinage-dans-les-plus-grandes-villes-du-quebec\/usinage-specialise-a-laval-partenaire-de-lindustrie-diversifiee\/\",\"name\":\"Services d'Usinage \u00e0 Laval : Avant-Garde du Secteur Pharmaceutique et Biotechnologique - Usinage Villeneuve\",\"isPartOf\":{\"@id\":\"https:\/\/usinagevilleneuve.com\/#website\"},\"primaryImageOfPage\":{\"@id\":\"https:\/\/usinagevilleneuve.com\/usinage-dans-les-plus-grandes-villes-du-quebec\/usinage-specialise-a-laval-partenaire-de-lindustrie-diversifiee\/#primaryimage\"},\"image\":{\"@id\":\"https:\/\/usinagevilleneuve.com\/usinage-dans-les-plus-grandes-villes-du-quebec\/usinage-specialise-a-laval-partenaire-de-lindustrie-diversifiee\/#primaryimage\"},\"thumbnailUrl\":\"https:\/\/usinagevilleneuve.com\/wp-content\/uploads\/2024\/02\/Usinage_villeneuve_outillage.jpg\",\"datePublished\":\"2024-03-24T20:39:33+00:00\",\"dateModified\":\"2024-03-24T20:45:37+00:00\",\"breadcrumb\":{\"@id\":\"https:\/\/usinagevilleneuve.com\/usinage-dans-les-plus-grandes-villes-du-quebec\/usinage-specialise-a-laval-partenaire-de-lindustrie-diversifiee\/#breadcrumb\"},\"inLanguage\":\"en-CA\",\"potentialAction\":[{\"@type\":\"ReadAction\",\"target\":[\"https:\/\/usinagevilleneuve.com\/usinage-dans-les-plus-grandes-villes-du-quebec\/usinage-specialise-a-laval-partenaire-de-lindustrie-diversifiee\/\"]}]},{\"@type\":\"ImageObject\",\"inLanguage\":\"en-CA\",\"@id\":\"https:\/\/usinagevilleneuve.com\/usinage-dans-les-plus-grandes-villes-du-quebec\/usinage-specialise-a-laval-partenaire-de-lindustrie-diversifiee\/#primaryimage\",\"url\":\"https:\/\/usinagevilleneuve.com\/wp-content\/uploads\/2024\/02\/Usinage_villeneuve_outillage.jpg\",\"contentUrl\":\"https:\/\/usinagevilleneuve.com\/wp-content\/uploads\/2024\/02\/Usinage_villeneuve_outillage.jpg\",\"width\":863,\"height\":960,\"caption\":\"Usinage Villeneuve \u00e9quipement\"},{\"@type\":\"BreadcrumbList\",\"@id\":\"https:\/\/usinagevilleneuve.com\/usinage-dans-les-plus-grandes-villes-du-quebec\/usinage-specialise-a-laval-partenaire-de-lindustrie-diversifiee\/#breadcrumb\",\"itemListElement\":[{\"@type\":\"ListItem\",\"position\":1,\"name\":\"Accueil\",\"item\":\"https:\/\/usinagevilleneuve.com\/\"},{\"@type\":\"ListItem\",\"position\":2,\"name\":\"Usinage dans les plus grandes villes du Qu\u00e9bec\",\"item\":\"https:\/\/usinagevilleneuve.com\/usinage-dans-les-plus-grandes-villes-du-quebec\/\"},{\"@type\":\"ListItem\",\"position\":3,\"name\":\"Services d&rsquo;Usinage \u00e0 Laval : Avant-Garde du Secteur Pharmaceutique et Biotechnologique\"}]},{\"@type\":\"WebSite\",\"@id\":\"https:\/\/usinagevilleneuve.com\/#website\",\"url\":\"https:\/\/usinagevilleneuve.com\/\",\"name\":\"Usinage Villeneuve\",\"description\":\"Expertise in\u00e9gal\u00e9e en usiange\",\"publisher\":{\"@id\":\"https:\/\/usinagevilleneuve.com\/#organization\"},\"potentialAction\":[{\"@type\":\"SearchAction\",\"target\":{\"@type\":\"EntryPoint\",\"urlTemplate\":\"https:\/\/usinagevilleneuve.com\/?s={search_term_string}\"},\"query-input\":{\"@type\":\"PropertyValueSpecification\",\"valueRequired\":true,\"valueName\":\"search_term_string\"}}],\"inLanguage\":\"en-CA\"},{\"@type\":\"Organization\",\"@id\":\"https:\/\/usinagevilleneuve.com\/#organization\",\"name\":\"Usinage Villeneuve\",\"url\":\"https:\/\/usinagevilleneuve.com\/\",\"logo\":{\"@type\":\"ImageObject\",\"inLanguage\":\"en-CA\",\"@id\":\"https:\/\/usinagevilleneuve.com\/#\/schema\/logo\/image\/\",\"url\":\"https:\/\/usinagevilleneuve.com\/wp-content\/uploads\/2024\/02\/logo-usinage-iso.png\",\"contentUrl\":\"https:\/\/usinagevilleneuve.com\/wp-content\/uploads\/2024\/02\/logo-usinage-iso.png\",\"width\":1000,\"height\":500,\"caption\":\"Usinage Villeneuve\"},\"image\":{\"@id\":\"https:\/\/usinagevilleneuve.com\/#\/schema\/logo\/image\/\"}}]}<\/script>\n<!-- \/ Yoast SEO plugin. -->","yoast_head_json":{"title":"Services d'Usinage \u00e0 Laval : Avant-Garde du Secteur Pharmaceutique et Biotechnologique - Usinage Villeneuve","robots":{"index":"index","follow":"follow","max-snippet":"max-snippet:-1","max-image-preview":"max-image-preview:large","max-video-preview":"max-video-preview:-1"},"canonical":"https:\/\/usinagevilleneuve.com\/en\/usinage-dans-les-plus-grandes-villes-du-quebec\/usinage-specialise-a-laval-partenaire-de-lindustrie-diversifiee\/","og_locale":"en_US","og_type":"article","og_title":"Services d'Usinage \u00e0 Laval : Avant-Garde du Secteur Pharmaceutique et Biotechnologique - Usinage Villeneuve","og_description":"Services d&rsquo;Usinage \u00e0 Laval : Avant-Garde du Secteur Pharmaceutique et Biotechnologique Laval se distingue par son leadership dans les secteurs pharmaceutique et biotechnologique, n\u00e9cessitant une pr\u00e9cision et une innovation constantes dans les services d&rsquo;usinage. Chez Usinage Villeneuve, nous sommes parfaitement \u00e9quip\u00e9s pour r\u00e9pondre \u00e0 ces exigences \u00e9lev\u00e9es, apportant notre expertise en usinage de pr\u00e9cision pour [&hellip;]","og_url":"https:\/\/usinagevilleneuve.com\/en\/usinage-dans-les-plus-grandes-villes-du-quebec\/usinage-specialise-a-laval-partenaire-de-lindustrie-diversifiee\/","og_site_name":"Usinage Villeneuve","article_modified_time":"2024-03-24T20:45:37+00:00","og_image":[{"width":863,"height":960,"url":"https:\/\/usinagevilleneuve.com\/wp-content\/uploads\/2024\/02\/Usinage_villeneuve_outillage.jpg","type":"image\/jpeg"}],"twitter_card":"summary_large_image","twitter_misc":{"Est. reading time":"2 minutes"},"schema":{"@context":"https:\/\/schema.org","@graph":[{"@type":"WebPage","@id":"https:\/\/usinagevilleneuve.com\/usinage-dans-les-plus-grandes-villes-du-quebec\/usinage-specialise-a-laval-partenaire-de-lindustrie-diversifiee\/","url":"https:\/\/usinagevilleneuve.com\/usinage-dans-les-plus-grandes-villes-du-quebec\/usinage-specialise-a-laval-partenaire-de-lindustrie-diversifiee\/","name":"Services d'Usinage \u00e0 Laval : Avant-Garde du Secteur Pharmaceutique et Biotechnologique - Usinage Villeneuve","isPartOf":{"@id":"https:\/\/usinagevilleneuve.com\/#website"},"primaryImageOfPage":{"@id":"https:\/\/usinagevilleneuve.com\/usinage-dans-les-plus-grandes-villes-du-quebec\/usinage-specialise-a-laval-partenaire-de-lindustrie-diversifiee\/#primaryimage"},"image":{"@id":"https:\/\/usinagevilleneuve.com\/usinage-dans-les-plus-grandes-villes-du-quebec\/usinage-specialise-a-laval-partenaire-de-lindustrie-diversifiee\/#primaryimage"},"thumbnailUrl":"https:\/\/usinagevilleneuve.com\/wp-content\/uploads\/2024\/02\/Usinage_villeneuve_outillage.jpg","datePublished":"2024-03-24T20:39:33+00:00","dateModified":"2024-03-24T20:45:37+00:00","breadcrumb":{"@id":"https:\/\/usinagevilleneuve.com\/usinage-dans-les-plus-grandes-villes-du-quebec\/usinage-specialise-a-laval-partenaire-de-lindustrie-diversifiee\/#breadcrumb"},"inLanguage":"en-CA","potentialAction":[{"@type":"ReadAction","target":["https:\/\/usinagevilleneuve.com\/usinage-dans-les-plus-grandes-villes-du-quebec\/usinage-specialise-a-laval-partenaire-de-lindustrie-diversifiee\/"]}]},{"@type":"ImageObject","inLanguage":"en-CA","@id":"https:\/\/usinagevilleneuve.com\/usinage-dans-les-plus-grandes-villes-du-quebec\/usinage-specialise-a-laval-partenaire-de-lindustrie-diversifiee\/#primaryimage","url":"https:\/\/usinagevilleneuve.com\/wp-content\/uploads\/2024\/02\/Usinage_villeneuve_outillage.jpg","contentUrl":"https:\/\/usinagevilleneuve.com\/wp-content\/uploads\/2024\/02\/Usinage_villeneuve_outillage.jpg","width":863,"height":960,"caption":"Usinage Villeneuve \u00e9quipement"},{"@type":"BreadcrumbList","@id":"https:\/\/usinagevilleneuve.com\/usinage-dans-les-plus-grandes-villes-du-quebec\/usinage-specialise-a-laval-partenaire-de-lindustrie-diversifiee\/#breadcrumb","itemListElement":[{"@type":"ListItem","position":1,"name":"Accueil","item":"https:\/\/usinagevilleneuve.com\/"},{"@type":"ListItem","position":2,"name":"Usinage dans les plus grandes villes du Qu\u00e9bec","item":"https:\/\/usinagevilleneuve.com\/usinage-dans-les-plus-grandes-villes-du-quebec\/"},{"@type":"ListItem","position":3,"name":"Services d&rsquo;Usinage \u00e0 Laval : Avant-Garde du Secteur Pharmaceutique et Biotechnologique"}]},{"@type":"WebSite","@id":"https:\/\/usinagevilleneuve.com\/#website","url":"https:\/\/usinagevilleneuve.com\/","name":"Usinage Villeneuve","description":"Expertise in\u00e9gal\u00e9e en usiange","publisher":{"@id":"https:\/\/usinagevilleneuve.com\/#organization"},"potentialAction":[{"@type":"SearchAction","target":{"@type":"EntryPoint","urlTemplate":"https:\/\/usinagevilleneuve.com\/?s={search_term_string}"},"query-input":{"@type":"PropertyValueSpecification","valueRequired":true,"valueName":"search_term_string"}}],"inLanguage":"en-CA"},{"@type":"Organization","@id":"https:\/\/usinagevilleneuve.com\/#organization","name":"Usinage Villeneuve","url":"https:\/\/usinagevilleneuve.com\/","logo":{"@type":"ImageObject","inLanguage":"en-CA","@id":"https:\/\/usinagevilleneuve.com\/#\/schema\/logo\/image\/","url":"https:\/\/usinagevilleneuve.com\/wp-content\/uploads\/2024\/02\/logo-usinage-iso.png","contentUrl":"https:\/\/usinagevilleneuve.com\/wp-content\/uploads\/2024\/02\/logo-usinage-iso.png","width":1000,"height":500,"caption":"Usinage Villeneuve"},"image":{"@id":"https:\/\/usinagevilleneuve.com\/#\/schema\/logo\/image\/"}}]}},"_links":{"self":[{"href":"https:\/\/usinagevilleneuve.com\/en\/wp-json\/wp\/v2\/pages\/3036","targetHints":{"allow":["GET"]}}],"collection":[{"href":"https:\/\/usinagevilleneuve.com\/en\/wp-json\/wp\/v2\/pages"}],"about":[{"href":"https:\/\/usinagevilleneuve.com\/en\/wp-json\/wp\/v2\/types\/page"}],"author":[{"embeddable":true,"href":"https:\/\/usinagevilleneuve.com\/en\/wp-json\/wp\/v2\/users\/1"}],"replies":[{"embeddable":true,"href":"https:\/\/usinagevilleneuve.com\/en\/wp-json\/wp\/v2\/comments?post=3036"}],"version-history":[{"count":4,"href":"https:\/\/usinagevilleneuve.com\/en\/wp-json\/wp\/v2\/pages\/3036\/revisions"}],"predecessor-version":[{"id":3041,"href":"https:\/\/usinagevilleneuve.com\/en\/wp-json\/wp\/v2\/pages\/3036\/revisions\/3041"}],"up":[{"embeddable":true,"href":"https:\/\/usinagevilleneuve.com\/en\/wp-json\/wp\/v2\/pages\/3045"}],"wp:featuredmedia":[{"embeddable":true,"href":"https:\/\/usinagevilleneuve.com\/en\/wp-json\/wp\/v2\/media\/2320"}],"wp:attachment":[{"href":"https:\/\/usinagevilleneuve.com\/en\/wp-json\/wp\/v2\/media?parent=3036"}],"curies":[{"name":"wp","href":"https:\/\/api.w.org\/{rel}","templated":true}]}}