{"id":3080,"date":"2024-04-04T18:45:50","date_gmt":"2024-04-04T23:45:50","guid":{"rendered":"https:\/\/usinagevilleneuve.com\/?page_id=3080"},"modified":"2024-06-18T20:40:52","modified_gmt":"2024-06-19T01:40:52","slug":"demande-de-soumission-dusinage","status":"publish","type":"page","link":"https:\/\/usinagevilleneuve.com\/en\/demande-de-soumission-dusinage\/","title":{"rendered":"Demande de Soumission d&rsquo;usinage"},"content":{"rendered":"<div data-elementor-type=\"wp-page\" data-elementor-id=\"3080\" class=\"elementor elementor-3080\" data-elementor-post-type=\"page\">\n\t\t\t\t<div class=\"elementor-element elementor-element-6abeee61 e-con-full e-flex e-con e-parent\" data-id=\"6abeee61\" data-element_type=\"container\">\n\t\t<div class=\"elementor-element elementor-element-8042d4d e-con-full e-flex e-con e-child\" data-id=\"8042d4d\" data-element_type=\"container\" data-settings=\"{&quot;background_background&quot;:&quot;classic&quot;}\">\n\t\t\t\t<\/div>\n\t\t<div class=\"elementor-element elementor-element-5979ba30 e-con-full e-flex e-con e-child\" data-id=\"5979ba30\" data-element_type=\"container\" data-settings=\"{&quot;background_background&quot;:&quot;classic&quot;}\">\n\t\t\t\t<div class=\"elementor-element elementor-element-7a39fdc elementor-cta--skin-classic elementor-animated-content elementor-bg-transform elementor-bg-transform-zoom-in elementor-widget elementor-widget-call-to-action\" data-id=\"7a39fdc\" data-element_type=\"widget\" data-widget_type=\"call-to-action.default\">\n\t\t\t\t<div class=\"elementor-widget-container\">\n\t\t\t\t\t\t\t<div class=\"elementor-cta\">\n\t\t\t\t\t\t\t<div class=\"elementor-cta__content\">\n\t\t\t\t\n\t\t\t\t\t\t\t\t\t<h1 class=\"elementor-cta__title elementor-cta__content-item elementor-content-item\">\n\t\t\t\t\t\tDemande de Soumission d&rsquo;usinage\t\t\t\t\t<\/h1>\n\t\t\t\t\n\t\t\t\t\n\t\t\t\t\t\t\t<\/div>\n\t\t\t\t\t\t<\/div>\n\t\t\t\t\t\t<\/div>\n\t\t\t\t<\/div>\n\t\t\t\t<\/div>\n\t\t\t\t<\/div>\n\t\t<div class=\"elementor-element elementor-element-765d38c e-flex e-con-boxed e-con e-parent\" data-id=\"765d38c\" data-element_type=\"container\">\n\t\t\t\t\t<div class=\"e-con-inner\">\n\t\t<div class=\"elementor-element elementor-element-f26de39 e-con-full e-flex e-con e-child\" data-id=\"f26de39\" data-element_type=\"container\">\n\t\t\t\t<div class=\"elementor-element elementor-element-a425da1 elementor-widget elementor-widget-text-editor\" data-id=\"a425da1\" data-element_type=\"widget\" data-widget_type=\"text-editor.default\">\n\t\t\t\t<div class=\"elementor-widget-container\">\n\t\t\t\t\t\t\t\t\t<h4>Lancez Votre Projet Aujourd&rsquo;hui !<\/h4><p><strong>Vous avez un projet d&rsquo;usinage en t\u00eate ?<\/strong> Vous souhaitez am\u00e9liorer un processus industriel, d\u00e9velopper un nouveau produit ou r\u00e9aliser un projet personnel ? N&rsquo;h\u00e9sitez pas \u00e0 nous contacter pour une demande de soumission. Ensemble, explorons les possibilit\u00e9s et transformons votre vision en r\u00e9alit\u00e9.<\/p>\t\t\t\t\t\t\t\t<\/div>\n\t\t\t\t<\/div>\n\t\t\t\t<div class=\"elementor-element elementor-element-7c38d1d elementor-button-align-stretch elementor-widget elementor-widget-form\" data-id=\"7c38d1d\" data-element_type=\"widget\" data-settings=\"{&quot;step_next_label&quot;:&quot;Suivant&quot;,&quot;step_previous_label&quot;:&quot;Pr\\u00e9c\\u00e9dent&quot;,&quot;button_width&quot;:&quot;100&quot;,&quot;step_type&quot;:&quot;number_text&quot;,&quot;step_icon_shape&quot;:&quot;circle&quot;}\" data-widget_type=\"form.default\">\n\t\t\t\t<div class=\"elementor-widget-container\">\n\t\t\t\t\t\t\t<form class=\"elementor-form\" method=\"post\" name=\"Nouveau formulaire\" action=\"\">\n\t\t\t<input type=\"hidden\" name=\"post_id\" value=\"3080\"\/>\n\t\t\t<input type=\"hidden\" name=\"form_id\" value=\"7c38d1d\"\/>\n\t\t\t<input type=\"hidden\" name=\"referer_title\" value=\"Usinage Villeneuve\" \/>\n\n\t\t\t\n\t\t\t<div class=\"elementor-form-fields-wrapper elementor-labels-above\">\n\t\t\t\t\t\t\t\t<div class=\"elementor-field-type-text elementor-field-group elementor-column elementor-field-group-name elementor-col-50\">\n\t\t\t\t\t\t\t\t\t\t\t\t<label for=\"form-field-name\" class=\"elementor-field-label\">\n\t\t\t\t\t\t\t\tNom\t\t\t\t\t\t\t<\/label>\n\t\t\t\t\t\t\t\t\t\t\t\t\t\t<input size=\"1\" type=\"text\" name=\"form_fields[name]\" id=\"form-field-name\" class=\"elementor-field elementor-size-sm  elementor-field-textual\" placeholder=\"Nom\">\n\t\t\t\t\t\t\t\t\t\t\t<\/div>\n\t\t\t\t\t\t\t\t<div class=\"elementor-field-type-email elementor-field-group elementor-column elementor-field-group-email elementor-col-50 elementor-field-required\">\n\t\t\t\t\t\t\t\t\t\t\t\t<label for=\"form-field-email\" class=\"elementor-field-label\">\n\t\t\t\t\t\t\t\tE-mail\t\t\t\t\t\t\t<\/label>\n\t\t\t\t\t\t\t\t\t\t\t\t\t\t<input size=\"1\" type=\"email\" name=\"form_fields[email]\" id=\"form-field-email\" class=\"elementor-field elementor-size-sm  elementor-field-textual\" placeholder=\"E-mail\" required=\"required\">\n\t\t\t\t\t\t\t\t\t\t\t<\/div>\n\t\t\t\t\t\t\t\t<div class=\"elementor-field-type-tel elementor-field-group elementor-column elementor-field-group-field_79b114f elementor-col-50 elementor-field-required\">\n\t\t\t\t\t\t\t\t\t\t\t\t<label for=\"form-field-field_79b114f\" class=\"elementor-field-label\">\n\t\t\t\t\t\t\t\tT\u00e9l\u00e9phone\t\t\t\t\t\t\t<\/label>\n\t\t\t\t\t\t\t\t<input size=\"1\" type=\"tel\" name=\"form_fields[field_79b114f]\" id=\"form-field-field_79b114f\" class=\"elementor-field elementor-size-sm  elementor-field-textual\" required=\"required\" pattern=\"[0-9()#&amp;+*-=.]+\" title=\"Only numbers and phone characters (#, -, *, etc) are accepted.\">\n\n\t\t\t\t\t\t<\/div>\n\t\t\t\t\t\t\t\t<div class=\"elementor-field-type-checkbox elementor-field-group elementor-column elementor-field-group-field_657e726 elementor-col-50\">\n\t\t\t\t\t\t\t\t\t\t\t\t<label for=\"form-field-field_657e726\" class=\"elementor-field-label\">\n\t\t\t\t\t\t\t\tType de demande\t\t\t\t\t\t\t<\/label>\n\t\t\t\t\t\t<div class=\"elementor-field-subgroup  elementor-subgroup-inline\"><span class=\"elementor-field-option\"><input type=\"checkbox\" value=\"Entreprise\" id=\"form-field-field_657e726-0\" name=\"form_fields[field_657e726][]\"> <label for=\"form-field-field_657e726-0\">Entreprise<\/label><\/span><span class=\"elementor-field-option\"><input type=\"checkbox\" value=\"Industriel\" id=\"form-field-field_657e726-1\" name=\"form_fields[field_657e726][]\"> <label for=\"form-field-field_657e726-1\">Industriel<\/label><\/span><span class=\"elementor-field-option\"><input type=\"checkbox\" value=\"Personnel\" id=\"form-field-field_657e726-2\" name=\"form_fields[field_657e726][]\"> <label for=\"form-field-field_657e726-2\">Personnel<\/label><\/span><\/div>\t\t\t\t<\/div>\n\t\t\t\t\t\t\t\t<div class=\"elementor-field-type-textarea elementor-field-group elementor-column elementor-field-group-message elementor-col-100\">\n\t\t\t\t\t\t\t\t\t\t\t\t<label for=\"form-field-message\" class=\"elementor-field-label\">\n\t\t\t\t\t\t\t\tMessage\t\t\t\t\t\t\t<\/label>\n\t\t\t\t\t\t<textarea class=\"elementor-field-textual elementor-field  elementor-size-sm\" name=\"form_fields[message]\" id=\"form-field-message\" rows=\"4\" placeholder=\"Message\"><\/textarea>\t\t\t\t<\/div>\n\t\t\t\t\t\t\t\t<div class=\"elementor-field-type-upload elementor-field-group elementor-column elementor-field-group-field_1b14738 elementor-col-100\">\n\t\t\t\t\t\t\t\t\t\t\t\t<label for=\"form-field-field_1b14738\" class=\"elementor-field-label\">\n\t\t\t\t\t\t\t\tFichier MAX 12 MB\t\t\t\t\t\t\t<\/label>\n\t\t\t\t\t\t\t\t<input type=\"file\" name=\"form_fields[field_1b14738]\" id=\"form-field-field_1b14738\" class=\"elementor-field elementor-size-sm  elementor-upload-field\" data-maxsize=\"10\" data-maxsize-message=\"This file exceeds the maximum allowed size.\">\n\n\t\t\t\t\t\t<\/div>\n\t\t\t\t\t\t\t\t<div class=\"elementor-field-group elementor-column elementor-field-type-submit elementor-col-100 e-form__buttons\">\n\t\t\t\t\t<button class=\"elementor-button elementor-size-sm\" type=\"submit\">\n\t\t\t\t\t\t<span class=\"elementor-button-content-wrapper\">\n\t\t\t\t\t\t\t\t\t\t\t\t\t\t\t\t\t\t\t\t\t\t<span class=\"elementor-button-text\">Envoyer<\/span>\n\t\t\t\t\t\t\t\t\t\t\t\t\t<\/span>\n\t\t\t\t\t<\/button>\n\t\t\t\t<\/div>\n\t\t\t<\/div>\n\t\t<input type=\"hidden\" name=\"trp-form-language\" value=\"en\"\/><\/form>\n\t\t\t\t\t\t<\/div>\n\t\t\t\t<\/div>\n\t\t\t\t<\/div>\n\t\t<div class=\"elementor-element elementor-element-2c8495a e-con-full e-flex e-con e-child\" data-id=\"2c8495a\" data-element_type=\"container\">\n\t\t\t\t<div class=\"elementor-element elementor-element-ff80a2d elementor-widget elementor-widget-text-editor\" data-id=\"ff80a2d\" data-element_type=\"widget\" data-widget_type=\"text-editor.default\">\n\t\t\t\t<div class=\"elementor-widget-container\">\n\t\t\t\t\t\t\t\t\t<h2>Faites Progresser Votre Projet avec Notre Expertise en Usinage<\/h2><p>Chez Usinage Villeneuve, nous sommes passionn\u00e9s par la pr\u00e9cision et l&rsquo;innovation. Notre expertise en usinage nous permet de transformer vos id\u00e9es en r\u00e9alit\u00e9s tangibles, avec une qualit\u00e9 et une pr\u00e9cision in\u00e9gal\u00e9es. Que vous soyez une industrie de pointe, une entreprise ambitieuse ou un particulier avec un projet unique, nous sommes ici pour donner vie \u00e0 vos conceptions.<\/p><h3>Pourquoi Faire Appel \u00e0 Usinage Villeneuve ?<\/h3><p><strong>&#8211; Expertise Technique :<\/strong> Notre \u00e9quipe poss\u00e8de une vaste exp\u00e9rience dans l&rsquo;usinage de divers mat\u00e9riaux, garantissant des r\u00e9sultats \u00e0 la hauteur de vos attentes.<br \/><strong>&#8211; Technologies Avanc\u00e9es :<\/strong>\u00a0Nous utilisons des \u00e9quipements de pointe pour offrir une gamme compl\u00e8te de services d&rsquo;usinage, assurant pr\u00e9cision et efficacit\u00e9.<br \/><strong>&#8211; Approche Personnalis\u00e9e : <\/strong>Chaque projet est unique. Nous travaillons \u00e9troitement avec vous pour comprendre vos besoins sp\u00e9cifiques et proposer des solutions sur mesure.<br \/><strong>&#8211; Qualit\u00e9 et Fiabilit\u00e9 :<\/strong>\u00a0La qualit\u00e9 est au c\u0153ur de notre d\u00e9marche. Nous nous engageons \u00e0 livrer des pi\u00e8ces et composants fiables, dans les d\u00e9lais convenus.<\/p><p><strong>Contactez-nous d\u00e8s maintenant<\/strong> pour discuter de votre projet et d\u00e9couvrez comment nous pouvons vous accompagner vers le succ\u00e8s. Vous pouvez compl\u00e9ter notre formulaire de soumission ou par t\u00e9l\u00e9phone au <a href=\"tel:+14504782286\">450-478-2286<\/a><\/p>\t\t\t\t\t\t\t\t<\/div>\n\t\t\t\t<\/div>\n\t\t\t\t<\/div>\n\t\t\t\t\t<\/div>\n\t\t\t\t<\/div>\n\t\t\t\t<\/div>","protected":false},"excerpt":{"rendered":"<p>Lancez Votre Projet Aujourd&rsquo;hui ! Vous avez un projet d&rsquo;usinage en t\u00eate ? Vous souhaitez am\u00e9liorer un processus industriel, d\u00e9velopper un nouveau produit ou r\u00e9aliser un projet personnel ? N&rsquo;h\u00e9sitez pas \u00e0 nous contacter pour une demande de soumission. Ensemble, explorons les possibilit\u00e9s et transformons votre vision en r\u00e9alit\u00e9. Faites Progresser Votre Projet avec Notre [&hellip;]<\/p>","protected":false},"author":1,"featured_media":0,"parent":0,"menu_order":0,"comment_status":"closed","ping_status":"closed","template":"","meta":{"footnotes":""},"class_list":["post-3080","page","type-page","status-publish","hentry"],"yoast_head":"<!-- This site is optimized with the Yoast SEO plugin v24.8.1 - https:\/\/yoast.com\/wordpress\/plugins\/seo\/ -->\n<title>Demande de Soumission d&#039;usinage - Usinage Villeneuve<\/title>\n<meta name=\"robots\" content=\"index, follow, max-snippet:-1, max-image-preview:large, max-video-preview:-1\" \/>\n<link rel=\"canonical\" href=\"https:\/\/usinagevilleneuve.com\/en\/demande-de-soumission-dusinage\/\" \/>\n<meta property=\"og:locale\" content=\"en_US\" \/>\n<meta property=\"og:type\" content=\"article\" \/>\n<meta property=\"og:title\" content=\"Demande de Soumission d&#039;usinage - Usinage Villeneuve\" \/>\n<meta property=\"og:description\" content=\"Lancez Votre Projet Aujourd&rsquo;hui ! Vous avez un projet d&rsquo;usinage en t\u00eate ? Vous souhaitez am\u00e9liorer un processus industriel, d\u00e9velopper un nouveau produit ou r\u00e9aliser un projet personnel ? N&rsquo;h\u00e9sitez pas \u00e0 nous contacter pour une demande de soumission. Ensemble, explorons les possibilit\u00e9s et transformons votre vision en r\u00e9alit\u00e9. Faites Progresser Votre Projet avec Notre [&hellip;]\" \/>\n<meta property=\"og:url\" content=\"https:\/\/usinagevilleneuve.com\/en\/demande-de-soumission-dusinage\/\" \/>\n<meta property=\"og:site_name\" content=\"Usinage Villeneuve\" \/>\n<meta property=\"article:modified_time\" content=\"2024-06-19T01:40:52+00:00\" \/>\n<meta name=\"twitter:card\" content=\"summary_large_image\" \/>\n<meta name=\"twitter:label1\" content=\"Est. reading time\" \/>\n\t<meta name=\"twitter:data1\" content=\"2 minutes\" \/>\n<script type=\"application\/ld+json\" class=\"yoast-schema-graph\">{\"@context\":\"https:\/\/schema.org\",\"@graph\":[{\"@type\":\"WebPage\",\"@id\":\"https:\/\/usinagevilleneuve.com\/demande-de-soumission-dusinage\/\",\"url\":\"https:\/\/usinagevilleneuve.com\/demande-de-soumission-dusinage\/\",\"name\":\"Demande de Soumission d'usinage - Usinage Villeneuve\",\"isPartOf\":{\"@id\":\"https:\/\/usinagevilleneuve.com\/#website\"},\"datePublished\":\"2024-04-04T23:45:50+00:00\",\"dateModified\":\"2024-06-19T01:40:52+00:00\",\"breadcrumb\":{\"@id\":\"https:\/\/usinagevilleneuve.com\/demande-de-soumission-dusinage\/#breadcrumb\"},\"inLanguage\":\"en-CA\",\"potentialAction\":[{\"@type\":\"ReadAction\",\"target\":[\"https:\/\/usinagevilleneuve.com\/demande-de-soumission-dusinage\/\"]}]},{\"@type\":\"BreadcrumbList\",\"@id\":\"https:\/\/usinagevilleneuve.com\/demande-de-soumission-dusinage\/#breadcrumb\",\"itemListElement\":[{\"@type\":\"ListItem\",\"position\":1,\"name\":\"Accueil\",\"item\":\"https:\/\/usinagevilleneuve.com\/\"},{\"@type\":\"ListItem\",\"position\":2,\"name\":\"Demande de Soumission d&rsquo;usinage\"}]},{\"@type\":\"WebSite\",\"@id\":\"https:\/\/usinagevilleneuve.com\/#website\",\"url\":\"https:\/\/usinagevilleneuve.com\/\",\"name\":\"Usinage Villeneuve\",\"description\":\"Expertise in\u00e9gal\u00e9e en usiange\",\"publisher\":{\"@id\":\"https:\/\/usinagevilleneuve.com\/#organization\"},\"potentialAction\":[{\"@type\":\"SearchAction\",\"target\":{\"@type\":\"EntryPoint\",\"urlTemplate\":\"https:\/\/usinagevilleneuve.com\/?s={search_term_string}\"},\"query-input\":{\"@type\":\"PropertyValueSpecification\",\"valueRequired\":true,\"valueName\":\"search_term_string\"}}],\"inLanguage\":\"en-CA\"},{\"@type\":\"Organization\",\"@id\":\"https:\/\/usinagevilleneuve.com\/#organization\",\"name\":\"Usinage Villeneuve\",\"url\":\"https:\/\/usinagevilleneuve.com\/\",\"logo\":{\"@type\":\"ImageObject\",\"inLanguage\":\"en-CA\",\"@id\":\"https:\/\/usinagevilleneuve.com\/#\/schema\/logo\/image\/\",\"url\":\"https:\/\/usinagevilleneuve.com\/wp-content\/uploads\/2024\/02\/logo-usinage-iso.png\",\"contentUrl\":\"https:\/\/usinagevilleneuve.com\/wp-content\/uploads\/2024\/02\/logo-usinage-iso.png\",\"width\":1000,\"height\":500,\"caption\":\"Usinage Villeneuve\"},\"image\":{\"@id\":\"https:\/\/usinagevilleneuve.com\/#\/schema\/logo\/image\/\"}}]}<\/script>\n<!-- \/ Yoast SEO plugin. -->","yoast_head_json":{"title":"Demande de Soumission d'usinage - Usinage Villeneuve","robots":{"index":"index","follow":"follow","max-snippet":"max-snippet:-1","max-image-preview":"max-image-preview:large","max-video-preview":"max-video-preview:-1"},"canonical":"https:\/\/usinagevilleneuve.com\/en\/demande-de-soumission-dusinage\/","og_locale":"en_US","og_type":"article","og_title":"Demande de Soumission d'usinage - Usinage Villeneuve","og_description":"Lancez Votre Projet Aujourd&rsquo;hui ! Vous avez un projet d&rsquo;usinage en t\u00eate ? Vous souhaitez am\u00e9liorer un processus industriel, d\u00e9velopper un nouveau produit ou r\u00e9aliser un projet personnel ? N&rsquo;h\u00e9sitez pas \u00e0 nous contacter pour une demande de soumission. Ensemble, explorons les possibilit\u00e9s et transformons votre vision en r\u00e9alit\u00e9. Faites Progresser Votre Projet avec Notre [&hellip;]","og_url":"https:\/\/usinagevilleneuve.com\/en\/demande-de-soumission-dusinage\/","og_site_name":"Usinage Villeneuve","article_modified_time":"2024-06-19T01:40:52+00:00","twitter_card":"summary_large_image","twitter_misc":{"Est. reading time":"2 minutes"},"schema":{"@context":"https:\/\/schema.org","@graph":[{"@type":"WebPage","@id":"https:\/\/usinagevilleneuve.com\/demande-de-soumission-dusinage\/","url":"https:\/\/usinagevilleneuve.com\/demande-de-soumission-dusinage\/","name":"Demande de Soumission d'usinage - Usinage Villeneuve","isPartOf":{"@id":"https:\/\/usinagevilleneuve.com\/#website"},"datePublished":"2024-04-04T23:45:50+00:00","dateModified":"2024-06-19T01:40:52+00:00","breadcrumb":{"@id":"https:\/\/usinagevilleneuve.com\/demande-de-soumission-dusinage\/#breadcrumb"},"inLanguage":"en-CA","potentialAction":[{"@type":"ReadAction","target":["https:\/\/usinagevilleneuve.com\/demande-de-soumission-dusinage\/"]}]},{"@type":"BreadcrumbList","@id":"https:\/\/usinagevilleneuve.com\/demande-de-soumission-dusinage\/#breadcrumb","itemListElement":[{"@type":"ListItem","position":1,"name":"Accueil","item":"https:\/\/usinagevilleneuve.com\/"},{"@type":"ListItem","position":2,"name":"Demande de Soumission d&rsquo;usinage"}]},{"@type":"WebSite","@id":"https:\/\/usinagevilleneuve.com\/#website","url":"https:\/\/usinagevilleneuve.com\/","name":"Usinage Villeneuve","description":"Expertise in\u00e9gal\u00e9e en usiange","publisher":{"@id":"https:\/\/usinagevilleneuve.com\/#organization"},"potentialAction":[{"@type":"SearchAction","target":{"@type":"EntryPoint","urlTemplate":"https:\/\/usinagevilleneuve.com\/?s={search_term_string}"},"query-input":{"@type":"PropertyValueSpecification","valueRequired":true,"valueName":"search_term_string"}}],"inLanguage":"en-CA"},{"@type":"Organization","@id":"https:\/\/usinagevilleneuve.com\/#organization","name":"Usinage Villeneuve","url":"https:\/\/usinagevilleneuve.com\/","logo":{"@type":"ImageObject","inLanguage":"en-CA","@id":"https:\/\/usinagevilleneuve.com\/#\/schema\/logo\/image\/","url":"https:\/\/usinagevilleneuve.com\/wp-content\/uploads\/2024\/02\/logo-usinage-iso.png","contentUrl":"https:\/\/usinagevilleneuve.com\/wp-content\/uploads\/2024\/02\/logo-usinage-iso.png","width":1000,"height":500,"caption":"Usinage Villeneuve"},"image":{"@id":"https:\/\/usinagevilleneuve.com\/#\/schema\/logo\/image\/"}}]}},"_links":{"self":[{"href":"https:\/\/usinagevilleneuve.com\/en\/wp-json\/wp\/v2\/pages\/3080","targetHints":{"allow":["GET"]}}],"collection":[{"href":"https:\/\/usinagevilleneuve.com\/en\/wp-json\/wp\/v2\/pages"}],"about":[{"href":"https:\/\/usinagevilleneuve.com\/en\/wp-json\/wp\/v2\/types\/page"}],"author":[{"embeddable":true,"href":"https:\/\/usinagevilleneuve.com\/en\/wp-json\/wp\/v2\/users\/1"}],"replies":[{"embeddable":true,"href":"https:\/\/usinagevilleneuve.com\/en\/wp-json\/wp\/v2\/comments?post=3080"}],"version-history":[{"count":28,"href":"https:\/\/usinagevilleneuve.com\/en\/wp-json\/wp\/v2\/pages\/3080\/revisions"}],"predecessor-version":[{"id":3380,"href":"https:\/\/usinagevilleneuve.com\/en\/wp-json\/wp\/v2\/pages\/3080\/revisions\/3380"}],"wp:attachment":[{"href":"https:\/\/usinagevilleneuve.com\/en\/wp-json\/wp\/v2\/media?parent=3080"}],"curies":[{"name":"wp","href":"https:\/\/api.w.org\/{rel}","templated":true}]}}