{"id":3302,"date":"2024-06-17T16:12:14","date_gmt":"2024-06-17T21:12:14","guid":{"rendered":"https:\/\/usinagevilleneuve.com\/?page_id=3302"},"modified":"2024-06-17T16:14:53","modified_gmt":"2024-06-17T21:14:53","slug":"usinage-de-precision","status":"publish","type":"page","link":"https:\/\/usinagevilleneuve.com\/en\/nos-services-dusinage\/usinage-de-precision\/","title":{"rendered":"Precision machining"},"content":{"rendered":"<div data-elementor-type=\"wp-page\" data-elementor-id=\"3302\" class=\"elementor elementor-3302\" data-elementor-post-type=\"page\">\n\t\t\t\t<div class=\"elementor-element elementor-element-1e96eb65 e-con-full e-flex e-con e-parent\" data-id=\"1e96eb65\" data-element_type=\"container\">\n\t\t<div class=\"elementor-element elementor-element-20ea8f36 e-con-full e-flex e-con e-child\" data-id=\"20ea8f36\" data-element_type=\"container\" data-settings=\"{&quot;background_background&quot;:&quot;classic&quot;}\">\n\t\t\t\t<\/div>\n\t\t<div class=\"elementor-element elementor-element-77fd462a e-con-full e-flex e-con e-child\" data-id=\"77fd462a\" data-element_type=\"container\" data-settings=\"{&quot;background_background&quot;:&quot;classic&quot;}\">\n\t\t\t\t<div class=\"elementor-element elementor-element-65e21964 elementor-cta--skin-classic elementor-animated-content elementor-bg-transform elementor-bg-transform-zoom-in elementor-widget elementor-widget-call-to-action\" data-id=\"65e21964\" data-element_type=\"widget\" data-widget_type=\"call-to-action.default\">\n\t\t\t\t<div class=\"elementor-widget-container\">\n\t\t\t\t\t\t\t<div class=\"elementor-cta\">\n\t\t\t\t\t\t\t<div class=\"elementor-cta__content\">\n\t\t\t\t\n\t\t\t\t\t\t\t\t\t<span class=\"elementor-cta__title elementor-cta__content-item elementor-content-item\">\n\t\t\t\t\t\tPrecision machining\t\t\t\t\t<\/span>\n\t\t\t\t\n\t\t\t\t\n\t\t\t\t\t\t\t<\/div>\n\t\t\t\t\t\t<\/div>\n\t\t\t\t\t\t<\/div>\n\t\t\t\t<\/div>\n\t\t\t\t<\/div>\n\t\t\t\t<\/div>\n\t\t<div class=\"elementor-element elementor-element-6a5d47a7 e-flex e-con-boxed e-con e-child\" data-id=\"6a5d47a7\" data-element_type=\"container\" data-settings=\"{&quot;background_background&quot;:&quot;classic&quot;}\">\n\t\t\t\t\t<div class=\"e-con-inner\">\n\t\t<div class=\"elementor-element elementor-element-4f76c531 e-con-full e-flex e-con e-child\" data-id=\"4f76c531\" data-element_type=\"container\">\n\t\t\t\t<div class=\"elementor-element elementor-element-630493c elementor-align-center elementor-widget elementor-widget-button\" data-id=\"630493c\" data-element_type=\"widget\" data-widget_type=\"button.default\">\n\t\t\t\t<div class=\"elementor-widget-container\">\n\t\t\t\t\t\t\t\t\t<div class=\"elementor-button-wrapper\">\n\t\t\t\t\t<a class=\"elementor-button elementor-button-link elementor-size-sm\" href=\"#elementor-action%3Aaction%3Dpopup%3Aopen%26settings%3DeyJpZCI6IjI0NDQiLCJ0b2dnbGUiOmZhbHNlfQ%3D%3D\">\n\t\t\t\t\t\t<span class=\"elementor-button-content-wrapper\">\n\t\t\t\t\t\t<span class=\"elementor-button-icon\">\n\t\t\t\t<svg xmlns=\"http:\/\/www.w3.org\/2000\/svg\" id=\"bb19cefa-da70-4c4e-8494-ad25bbd47839\" data-name=\"Layer 1\" width=\"32.9204\" height=\"17.832\" viewbox=\"0 0 32.9204 17.832\"><polygon points=\"31.858 8.055 31.858 8.016 31.817 8.016 23.417 0 22.036 1.447 28.931 8.026 0 8.026 0.007 10.026 28.928 10.026 22.048 16.361 23.404 17.832 32.92 9.069 31.858 8.055\"><\/polygon><\/svg>\t\t\t<\/span>\n\t\t\t\t\t\t\t\t\t<span class=\"elementor-button-text\">Contactez-nous<\/span>\n\t\t\t\t\t<\/span>\n\t\t\t\t\t<\/a>\n\t\t\t\t<\/div>\n\t\t\t\t\t\t\t\t<\/div>\n\t\t\t\t<\/div>\n\t\t\t\t<\/div>\n\t\t<div class=\"elementor-element elementor-element-14bd427b e-con-full e-flex e-con e-child\" data-id=\"14bd427b\" data-element_type=\"container\">\n\t\t\t\t<div class=\"elementor-element elementor-element-6aafcf3e elementor-widget elementor-widget-text-editor\" data-id=\"6aafcf3e\" data-element_type=\"widget\" data-widget_type=\"text-editor.default\">\n\t\t\t\t<div class=\"elementor-widget-container\">\n\t\t\t\t\t\t\t\t\t<div class=\"row sticky-position\"><div class=\"large-24 columns\"><div class=\"block-title blk-title\"><h1>Precision machining<\/h1><\/div><\/div><\/div><div id=\"row_SECTION_UASFAB0GM1\" class=\"row sectionideal2-paragraph\"><div id=\"col_COLUMN_UKX4AHG0YH\" class=\"large-12 columns\"><div id=\"text_BLOCK_M91RWR73GQ\" class=\"block-text blk-text\"><p>Are you looking for a precision machining professional in the North Shore and Greater Montreal area? Contact Usinage Villeneuve.<\/p><\/div><div id=\"text_BLOCK_5ML2WXB4IY\" class=\"block-text blk-text paragraph\"><h2><strong>Une fabrication <\/strong>Manufacturing of all types of metal parts<\/h2><p><strong>Specializing in precision machining, we manufacture all types of metal parts.<\/strong> We produce electrical, hydraulic, pneumatic, and aerospace components.<\/p><p>Entrust us with your project, whether you're in the commercial, industrial, recreational, medical, or military sector. We guarantee short and reliable delivery times.<\/p><p>Outre l\u2019usinage de pr\u00e9cision, nous effectuons tous travaux de soudure. Nous sommes pr\u00e9sents au Qu\u00e9bec (Montr\u00e9al, Laval\u2026), \u00e0 Ontario et aux \u00c9tats-Unis.<\/p><\/div><\/div><\/div>\t\t\t\t\t\t\t\t<\/div>\n\t\t\t\t<\/div>\n\t\t\t\t<\/div>\n\t\t<div class=\"elementor-element elementor-element-48de4451 e-con-full e-flex e-con e-child\" data-id=\"48de4451\" data-element_type=\"container\">\n\t\t\t\t<div class=\"elementor-element elementor-element-29b7eb7 elementor-widget elementor-widget-image\" data-id=\"29b7eb7\" data-element_type=\"widget\" data-widget_type=\"image.default\">\n\t\t\t\t<div class=\"elementor-widget-container\">\n\t\t\t\t\t\t\t\t\t\t\t\t\t\t\t<img fetchpriority=\"high\" decoding=\"async\" width=\"800\" height=\"600\" src=\"https:\/\/usinagevilleneuve.com\/wp-content\/uploads\/2024\/02\/usinage_realisation_33.jpg\" class=\"attachment-large size-large wp-image-2525\" alt=\"\" srcset=\"https:\/\/usinagevilleneuve.com\/wp-content\/uploads\/2024\/02\/usinage_realisation_33.jpg 800w, https:\/\/usinagevilleneuve.com\/wp-content\/uploads\/2024\/02\/usinage_realisation_33-600x450.jpg 600w, https:\/\/usinagevilleneuve.com\/wp-content\/uploads\/2024\/02\/usinage_realisation_33-300x225.jpg 300w, https:\/\/usinagevilleneuve.com\/wp-content\/uploads\/2024\/02\/usinage_realisation_33-768x576.jpg 768w\" sizes=\"(max-width: 800px) 100vw, 800px\" \/>\t\t\t\t\t\t\t\t\t\t\t\t\t\t\t<\/div>\n\t\t\t\t<\/div>\n\t\t\t\t<\/div>\n\t\t<div class=\"elementor-element elementor-element-66f672 e-con-full e-flex e-con e-child\" data-id=\"66f672\" data-element_type=\"container\">\n\t\t\t\t<div class=\"elementor-element elementor-element-32b2a5b2 elementor-align-center elementor-widget elementor-widget-button\" data-id=\"32b2a5b2\" data-element_type=\"widget\" data-widget_type=\"button.default\">\n\t\t\t\t<div class=\"elementor-widget-container\">\n\t\t\t\t\t\t\t\t\t<div class=\"elementor-button-wrapper\">\n\t\t\t\t\t<a class=\"elementor-button elementor-button-link elementor-size-sm\" href=\"#elementor-action%3Aaction%3Dpopup%3Aopen%26settings%3DeyJpZCI6IjI0NDQiLCJ0b2dnbGUiOmZhbHNlfQ%3D%3D\">\n\t\t\t\t\t\t<span class=\"elementor-button-content-wrapper\">\n\t\t\t\t\t\t<span class=\"elementor-button-icon\">\n\t\t\t\t<svg xmlns=\"http:\/\/www.w3.org\/2000\/svg\" id=\"bb19cefa-da70-4c4e-8494-ad25bbd47839\" data-name=\"Layer 1\" width=\"32.9204\" height=\"17.832\" viewbox=\"0 0 32.9204 17.832\"><polygon points=\"31.858 8.055 31.858 8.016 31.817 8.016 23.417 0 22.036 1.447 28.931 8.026 0 8.026 0.007 10.026 28.928 10.026 22.048 16.361 23.404 17.832 32.92 9.069 31.858 8.055\"><\/polygon><\/svg>\t\t\t<\/span>\n\t\t\t\t\t\t\t\t\t<span class=\"elementor-button-text\">nos services<\/span>\n\t\t\t\t\t<\/span>\n\t\t\t\t\t<\/a>\n\t\t\t\t<\/div>\n\t\t\t\t\t\t\t\t<\/div>\n\t\t\t\t<\/div>\n\t\t\t\t<\/div>\n\t\t\t\t\t<\/div>\n\t\t\t\t<\/div>\n\t\t\t\t<\/div>","protected":false},"excerpt":{"rendered":"<p>L&rsquo;importation de m\u00e9taux pour la fabrication de pi\u00e8ces assure l&rsquo;acc\u00e8s \u00e0 des mat\u00e9riaux sp\u00e9cifiques n\u00e9cessaires \u00e0 la r\u00e9alisation de vos projets, avec un r\u00e9seau global de fournisseurs garantissant qualit\u00e9 et efficacit\u00e9. Nous simplifions votre approvisionnement pour vous permettre de vous concentrer sur la production sans souci.<\/p>","protected":false},"author":1,"featured_media":0,"parent":2404,"menu_order":0,"comment_status":"closed","ping_status":"closed","template":"elementor_theme","meta":{"footnotes":""},"class_list":["post-3302","page","type-page","status-publish","hentry"],"yoast_head":"<!-- This site is optimized with the Yoast SEO plugin v24.8.1 - https:\/\/yoast.com\/wordpress\/plugins\/seo\/ -->\n<title>Usinage de pr\u00e9cision - Usinage Villeneuve<\/title>\n<meta name=\"robots\" content=\"index, follow, max-snippet:-1, max-image-preview:large, max-video-preview:-1\" \/>\n<link rel=\"canonical\" href=\"https:\/\/usinagevilleneuve.com\/en\/nos-services-dusinage\/usinage-de-precision\/\" \/>\n<meta property=\"og:locale\" content=\"en_US\" \/>\n<meta property=\"og:type\" content=\"article\" \/>\n<meta property=\"og:title\" content=\"Usinage de pr\u00e9cision - Usinage Villeneuve\" \/>\n<meta property=\"og:description\" content=\"L&#039;importation de m\u00e9taux pour la fabrication de pi\u00e8ces assure l&#039;acc\u00e8s \u00e0 des mat\u00e9riaux sp\u00e9cifiques n\u00e9cessaires \u00e0 la r\u00e9alisation de vos projets, avec un r\u00e9seau global de fournisseurs garantissant qualit\u00e9 et efficacit\u00e9. Nous simplifions votre approvisionnement pour vous permettre de vous concentrer sur la production sans souci.\" \/>\n<meta property=\"og:url\" content=\"https:\/\/usinagevilleneuve.com\/en\/nos-services-dusinage\/usinage-de-precision\/\" \/>\n<meta property=\"og:site_name\" content=\"Usinage Villeneuve\" \/>\n<meta property=\"article:modified_time\" content=\"2024-06-17T21:14:53+00:00\" \/>\n<meta property=\"og:image\" content=\"https:\/\/usinagevilleneuve.com\/wp-content\/uploads\/2024\/02\/usinage_realisation_33.jpg\" \/>\n<meta name=\"twitter:card\" content=\"summary_large_image\" \/>\n<meta name=\"twitter:label1\" content=\"Est. reading time\" \/>\n\t<meta name=\"twitter:data1\" content=\"1 minute\" \/>\n<script type=\"application\/ld+json\" class=\"yoast-schema-graph\">{\"@context\":\"https:\/\/schema.org\",\"@graph\":[{\"@type\":\"WebPage\",\"@id\":\"https:\/\/usinagevilleneuve.com\/nos-services-dusinage\/usinage-de-precision\/\",\"url\":\"https:\/\/usinagevilleneuve.com\/nos-services-dusinage\/usinage-de-precision\/\",\"name\":\"Usinage de pr\u00e9cision - Usinage Villeneuve\",\"isPartOf\":{\"@id\":\"https:\/\/usinagevilleneuve.com\/#website\"},\"primaryImageOfPage\":{\"@id\":\"https:\/\/usinagevilleneuve.com\/nos-services-dusinage\/usinage-de-precision\/#primaryimage\"},\"image\":{\"@id\":\"https:\/\/usinagevilleneuve.com\/nos-services-dusinage\/usinage-de-precision\/#primaryimage\"},\"thumbnailUrl\":\"https:\/\/usinagevilleneuve.com\/wp-content\/uploads\/2024\/02\/usinage_realisation_33.jpg\",\"datePublished\":\"2024-06-17T21:12:14+00:00\",\"dateModified\":\"2024-06-17T21:14:53+00:00\",\"breadcrumb\":{\"@id\":\"https:\/\/usinagevilleneuve.com\/nos-services-dusinage\/usinage-de-precision\/#breadcrumb\"},\"inLanguage\":\"en-CA\",\"potentialAction\":[{\"@type\":\"ReadAction\",\"target\":[\"https:\/\/usinagevilleneuve.com\/nos-services-dusinage\/usinage-de-precision\/\"]}]},{\"@type\":\"ImageObject\",\"inLanguage\":\"en-CA\",\"@id\":\"https:\/\/usinagevilleneuve.com\/nos-services-dusinage\/usinage-de-precision\/#primaryimage\",\"url\":\"https:\/\/usinagevilleneuve.com\/wp-content\/uploads\/2024\/02\/usinage_realisation_33.jpg\",\"contentUrl\":\"https:\/\/usinagevilleneuve.com\/wp-content\/uploads\/2024\/02\/usinage_realisation_33.jpg\"},{\"@type\":\"BreadcrumbList\",\"@id\":\"https:\/\/usinagevilleneuve.com\/nos-services-dusinage\/usinage-de-precision\/#breadcrumb\",\"itemListElement\":[{\"@type\":\"ListItem\",\"position\":1,\"name\":\"Accueil\",\"item\":\"https:\/\/usinagevilleneuve.com\/\"},{\"@type\":\"ListItem\",\"position\":2,\"name\":\"Nos services d&rsquo;usinage\",\"item\":\"https:\/\/usinagevilleneuve.com\/nos-services-dusinage\/\"},{\"@type\":\"ListItem\",\"position\":3,\"name\":\"Usinage de pr\u00e9cision\"}]},{\"@type\":\"WebSite\",\"@id\":\"https:\/\/usinagevilleneuve.com\/#website\",\"url\":\"https:\/\/usinagevilleneuve.com\/\",\"name\":\"Usinage Villeneuve\",\"description\":\"Expertise in\u00e9gal\u00e9e en usiange\",\"publisher\":{\"@id\":\"https:\/\/usinagevilleneuve.com\/#organization\"},\"potentialAction\":[{\"@type\":\"SearchAction\",\"target\":{\"@type\":\"EntryPoint\",\"urlTemplate\":\"https:\/\/usinagevilleneuve.com\/?s={search_term_string}\"},\"query-input\":{\"@type\":\"PropertyValueSpecification\",\"valueRequired\":true,\"valueName\":\"search_term_string\"}}],\"inLanguage\":\"en-CA\"},{\"@type\":\"Organization\",\"@id\":\"https:\/\/usinagevilleneuve.com\/#organization\",\"name\":\"Usinage Villeneuve\",\"url\":\"https:\/\/usinagevilleneuve.com\/\",\"logo\":{\"@type\":\"ImageObject\",\"inLanguage\":\"en-CA\",\"@id\":\"https:\/\/usinagevilleneuve.com\/#\/schema\/logo\/image\/\",\"url\":\"https:\/\/usinagevilleneuve.com\/wp-content\/uploads\/2024\/02\/logo-usinage-iso.png\",\"contentUrl\":\"https:\/\/usinagevilleneuve.com\/wp-content\/uploads\/2024\/02\/logo-usinage-iso.png\",\"width\":1000,\"height\":500,\"caption\":\"Usinage Villeneuve\"},\"image\":{\"@id\":\"https:\/\/usinagevilleneuve.com\/#\/schema\/logo\/image\/\"}}]}<\/script>\n<!-- \/ Yoast SEO plugin. -->","yoast_head_json":{"title":"Usinage de pr\u00e9cision - Usinage Villeneuve","robots":{"index":"index","follow":"follow","max-snippet":"max-snippet:-1","max-image-preview":"max-image-preview:large","max-video-preview":"max-video-preview:-1"},"canonical":"https:\/\/usinagevilleneuve.com\/en\/nos-services-dusinage\/usinage-de-precision\/","og_locale":"en_US","og_type":"article","og_title":"Usinage de pr\u00e9cision - Usinage Villeneuve","og_description":"L'importation de m\u00e9taux pour la fabrication de pi\u00e8ces assure l'acc\u00e8s \u00e0 des mat\u00e9riaux sp\u00e9cifiques n\u00e9cessaires \u00e0 la r\u00e9alisation de vos projets, avec un r\u00e9seau global de fournisseurs garantissant qualit\u00e9 et efficacit\u00e9. Nous simplifions votre approvisionnement pour vous permettre de vous concentrer sur la production sans souci.","og_url":"https:\/\/usinagevilleneuve.com\/en\/nos-services-dusinage\/usinage-de-precision\/","og_site_name":"Usinage Villeneuve","article_modified_time":"2024-06-17T21:14:53+00:00","og_image":[{"url":"https:\/\/usinagevilleneuve.com\/wp-content\/uploads\/2024\/02\/usinage_realisation_33.jpg","type":"","width":"","height":""}],"twitter_card":"summary_large_image","twitter_misc":{"Est. reading time":"1 minute"},"schema":{"@context":"https:\/\/schema.org","@graph":[{"@type":"WebPage","@id":"https:\/\/usinagevilleneuve.com\/nos-services-dusinage\/usinage-de-precision\/","url":"https:\/\/usinagevilleneuve.com\/nos-services-dusinage\/usinage-de-precision\/","name":"Usinage de pr\u00e9cision - Usinage Villeneuve","isPartOf":{"@id":"https:\/\/usinagevilleneuve.com\/#website"},"primaryImageOfPage":{"@id":"https:\/\/usinagevilleneuve.com\/nos-services-dusinage\/usinage-de-precision\/#primaryimage"},"image":{"@id":"https:\/\/usinagevilleneuve.com\/nos-services-dusinage\/usinage-de-precision\/#primaryimage"},"thumbnailUrl":"https:\/\/usinagevilleneuve.com\/wp-content\/uploads\/2024\/02\/usinage_realisation_33.jpg","datePublished":"2024-06-17T21:12:14+00:00","dateModified":"2024-06-17T21:14:53+00:00","breadcrumb":{"@id":"https:\/\/usinagevilleneuve.com\/nos-services-dusinage\/usinage-de-precision\/#breadcrumb"},"inLanguage":"en-CA","potentialAction":[{"@type":"ReadAction","target":["https:\/\/usinagevilleneuve.com\/nos-services-dusinage\/usinage-de-precision\/"]}]},{"@type":"ImageObject","inLanguage":"en-CA","@id":"https:\/\/usinagevilleneuve.com\/nos-services-dusinage\/usinage-de-precision\/#primaryimage","url":"https:\/\/usinagevilleneuve.com\/wp-content\/uploads\/2024\/02\/usinage_realisation_33.jpg","contentUrl":"https:\/\/usinagevilleneuve.com\/wp-content\/uploads\/2024\/02\/usinage_realisation_33.jpg"},{"@type":"BreadcrumbList","@id":"https:\/\/usinagevilleneuve.com\/nos-services-dusinage\/usinage-de-precision\/#breadcrumb","itemListElement":[{"@type":"ListItem","position":1,"name":"Accueil","item":"https:\/\/usinagevilleneuve.com\/"},{"@type":"ListItem","position":2,"name":"Nos services d&rsquo;usinage","item":"https:\/\/usinagevilleneuve.com\/nos-services-dusinage\/"},{"@type":"ListItem","position":3,"name":"Usinage de pr\u00e9cision"}]},{"@type":"WebSite","@id":"https:\/\/usinagevilleneuve.com\/#website","url":"https:\/\/usinagevilleneuve.com\/","name":"Usinage Villeneuve","description":"Expertise in\u00e9gal\u00e9e en usiange","publisher":{"@id":"https:\/\/usinagevilleneuve.com\/#organization"},"potentialAction":[{"@type":"SearchAction","target":{"@type":"EntryPoint","urlTemplate":"https:\/\/usinagevilleneuve.com\/?s={search_term_string}"},"query-input":{"@type":"PropertyValueSpecification","valueRequired":true,"valueName":"search_term_string"}}],"inLanguage":"en-CA"},{"@type":"Organization","@id":"https:\/\/usinagevilleneuve.com\/#organization","name":"Usinage Villeneuve","url":"https:\/\/usinagevilleneuve.com\/","logo":{"@type":"ImageObject","inLanguage":"en-CA","@id":"https:\/\/usinagevilleneuve.com\/#\/schema\/logo\/image\/","url":"https:\/\/usinagevilleneuve.com\/wp-content\/uploads\/2024\/02\/logo-usinage-iso.png","contentUrl":"https:\/\/usinagevilleneuve.com\/wp-content\/uploads\/2024\/02\/logo-usinage-iso.png","width":1000,"height":500,"caption":"Usinage Villeneuve"},"image":{"@id":"https:\/\/usinagevilleneuve.com\/#\/schema\/logo\/image\/"}}]}},"_links":{"self":[{"href":"https:\/\/usinagevilleneuve.com\/en\/wp-json\/wp\/v2\/pages\/3302","targetHints":{"allow":["GET"]}}],"collection":[{"href":"https:\/\/usinagevilleneuve.com\/en\/wp-json\/wp\/v2\/pages"}],"about":[{"href":"https:\/\/usinagevilleneuve.com\/en\/wp-json\/wp\/v2\/types\/page"}],"author":[{"embeddable":true,"href":"https:\/\/usinagevilleneuve.com\/en\/wp-json\/wp\/v2\/users\/1"}],"replies":[{"embeddable":true,"href":"https:\/\/usinagevilleneuve.com\/en\/wp-json\/wp\/v2\/comments?post=3302"}],"version-history":[{"count":7,"href":"https:\/\/usinagevilleneuve.com\/en\/wp-json\/wp\/v2\/pages\/3302\/revisions"}],"predecessor-version":[{"id":3309,"href":"https:\/\/usinagevilleneuve.com\/en\/wp-json\/wp\/v2\/pages\/3302\/revisions\/3309"}],"up":[{"embeddable":true,"href":"https:\/\/usinagevilleneuve.com\/en\/wp-json\/wp\/v2\/pages\/2404"}],"wp:attachment":[{"href":"https:\/\/usinagevilleneuve.com\/en\/wp-json\/wp\/v2\/media?parent=3302"}],"curies":[{"name":"wp","href":"https:\/\/api.w.org\/{rel}","templated":true}]}}