{"id":2963,"date":"2024-03-24T14:39:13","date_gmt":"2024-03-24T19:39:13","guid":{"rendered":"https:\/\/usinagevilleneuve.com\/?page_id=2963"},"modified":"2024-03-24T15:45:37","modified_gmt":"2024-03-24T20:45:37","slug":"usinage-de-precision-a-montreal-dynamisme-economique-au-rendez-vous","status":"publish","type":"page","link":"https:\/\/usinagevilleneuve.com\/fr\/usinage-dans-les-plus-grandes-villes-du-quebec\/usinage-de-precision-a-montreal-dynamisme-economique-au-rendez-vous\/","title":{"rendered":"Usinage de Pr\u00e9cision \u00e0 Montr\u00e9al : Dynamisme \u00c9conomique au Rendez-vous"},"content":{"rendered":"\t\t<div data-elementor-type=\"wp-page\" data-elementor-id=\"2963\" class=\"elementor elementor-2963\" data-elementor-post-type=\"page\">\n\t\t\t\t<div class=\"elementor-element elementor-element-73aff768 e-con-full e-flex e-con e-parent\" data-id=\"73aff768\" data-element_type=\"container\">\n\t\t<div class=\"elementor-element elementor-element-5b2e1445 e-con-full e-flex e-con e-child\" data-id=\"5b2e1445\" data-element_type=\"container\" data-settings=\"{&quot;background_background&quot;:&quot;classic&quot;}\">\n\t\t\t\t<\/div>\n\t\t<div class=\"elementor-element elementor-element-3d3f47f3 e-con-full e-flex e-con e-child\" data-id=\"3d3f47f3\" data-element_type=\"container\" data-settings=\"{&quot;background_background&quot;:&quot;classic&quot;}\">\n\t\t\t\t<div class=\"elementor-element elementor-element-4b60d0d2 elementor-cta--skin-classic elementor-animated-content elementor-bg-transform elementor-bg-transform-zoom-in elementor-widget elementor-widget-call-to-action\" data-id=\"4b60d0d2\" data-element_type=\"widget\" data-widget_type=\"call-to-action.default\">\n\t\t\t\t<div class=\"elementor-widget-container\">\n\t\t\t\t\t\t\t<div class=\"elementor-cta\">\n\t\t\t\t\t\t\t<div class=\"elementor-cta__content\">\n\t\t\t\t\n\t\t\t\t\t\t\t\t\t<span class=\"elementor-cta__title elementor-cta__content-item elementor-content-item\">\n\t\t\t\t\t\tUsinage de Pr\u00e9cision \u00e0 Montr\u00e9al : Dynamisme \u00c9conomique au Rendez-vous\t\t\t\t\t<\/span>\n\t\t\t\t\n\t\t\t\t\n\t\t\t\t\t\t\t<\/div>\n\t\t\t\t\t\t<\/div>\n\t\t\t\t\t\t<\/div>\n\t\t\t\t<\/div>\n\t\t\t\t<\/div>\n\t\t\t\t<\/div>\n\t\t<div class=\"elementor-element elementor-element-684dc3b e-flex e-con-boxed e-con e-parent\" data-id=\"684dc3b\" data-element_type=\"container\">\n\t\t\t\t\t<div class=\"e-con-inner\">\n\t\t\t\t<div class=\"elementor-element elementor-element-fcf181f elementor-widget elementor-widget-text-editor\" data-id=\"fcf181f\" data-element_type=\"widget\" data-widget_type=\"text-editor.default\">\n\t\t\t\t<div class=\"elementor-widget-container\">\n\t\t\t\t\t\t\t\t\t<h1>Usinage de Pr\u00e9cision \u00e0 Montr\u00e9al : Dynamisme \u00c9conomique au Rendez-vous<\/h1><p>Montr\u00e9al se distingue par son dynamisme \u00e9conomique exceptionnel, faisant de cette m\u00e9tropole le lieu id\u00e9al pour des services d&rsquo;usinage de pr\u00e9cision. Nos installations \u00e0 la fine pointe de la technologie et notre \u00e9quipe d&rsquo;experts sont parfaitement align\u00e9es avec l&rsquo;ambiance innovante de la ville, offrant des solutions sur mesure pour r\u00e9pondre aux exigences des industries locales vari\u00e9es, des startups technologiques aux g\u00e9ants de la construction.<\/p><h2>Des Services d&rsquo;Usinage Adapt\u00e9s \u00e0 l&rsquo;\u00c9conomie de Montr\u00e9al<\/h2><p>Notre offre d&rsquo;<strong>usinage \u00e0 Montr\u00e9al<\/strong> couvre un large \u00e9ventail de services d&rsquo;usinage, allant de la fabrication de pi\u00e8ces uniques \u00e0 la production en s\u00e9rie. Gr\u00e2ce \u00e0 notre expertise et \u00e0 notre \u00e9quipement de pointe, nous pouvons travailler avec une grande vari\u00e9t\u00e9 de mat\u00e9riaux, garantissant une pr\u00e9cision et une qualit\u00e9 in\u00e9gal\u00e9es. Que vous soyez dans le secteur a\u00e9ronautique, la construction, ou la technologie, nous avons les capacit\u00e9s n\u00e9cessaires pour propulser votre projet vers le succ\u00e8s.<\/p><h2>Partenaire de Choix pour l&rsquo;Innovation \u00e0 Montr\u00e9al<\/h2><p>Chez <strong>Usinage Villeneuve<\/strong>, nous sommes fiers de contribuer au statut de <b>Montr\u00e9al<\/b> comme centre \u00e9conomique vibrant. Notre engagement envers l&rsquo;excellence et l&rsquo;innovation nous positionne comme le partenaire id\u00e9al pour tous vos besoins d&rsquo;usinage. Contactez-nous aujourd&rsquo;hui pour d\u00e9couvrir comment nous pouvons aider \u00e0 r\u00e9aliser vos ambitions de fabrication avec pr\u00e9cision et efficacit\u00e9.<\/p>\t\t\t\t\t\t\t\t<\/div>\n\t\t\t\t<\/div>\n\t\t\t\t\t<\/div>\n\t\t\t\t<\/div>\n\t\t\t\t<\/div>\n\t\t","protected":false},"excerpt":{"rendered":"<p>Usinage de Pr\u00e9cision \u00e0 Montr\u00e9al : Dynamisme \u00c9conomique au Rendez-vous Montr\u00e9al se distingue par son dynamisme \u00e9conomique exceptionnel, faisant de cette m\u00e9tropole le lieu id\u00e9al pour des services d&rsquo;usinage de pr\u00e9cision. Nos installations \u00e0 la fine pointe de la technologie et notre \u00e9quipe d&rsquo;experts sont parfaitement align\u00e9es avec l&rsquo;ambiance innovante de la ville, offrant des [&hellip;]<\/p>\n","protected":false},"author":1,"featured_media":2320,"parent":3045,"menu_order":0,"comment_status":"closed","ping_status":"closed","template":"elementor_header_footer","meta":{"footnotes":""},"class_list":["post-2963","page","type-page","status-publish","has-post-thumbnail","hentry"],"yoast_head":"<!-- This site is optimized with the Yoast SEO plugin v24.8.1 - https:\/\/yoast.com\/wordpress\/plugins\/seo\/ -->\n<title>Usinage de Pr\u00e9cision \u00e0 Montr\u00e9al : Dynamisme \u00c9conomique au Rendez-vous - Usinage Villeneuve<\/title>\n<meta name=\"robots\" content=\"index, follow, max-snippet:-1, max-image-preview:large, max-video-preview:-1\" \/>\n<link rel=\"canonical\" href=\"https:\/\/usinagevilleneuve.com\/fr\/usinage-dans-les-plus-grandes-villes-du-quebec\/usinage-de-precision-a-montreal-dynamisme-economique-au-rendez-vous\/\" \/>\n<meta property=\"og:locale\" content=\"fr_CA\" \/>\n<meta property=\"og:type\" content=\"article\" \/>\n<meta property=\"og:title\" content=\"Usinage de Pr\u00e9cision \u00e0 Montr\u00e9al : Dynamisme \u00c9conomique au Rendez-vous - Usinage Villeneuve\" \/>\n<meta property=\"og:description\" content=\"Usinage de Pr\u00e9cision \u00e0 Montr\u00e9al : Dynamisme \u00c9conomique au Rendez-vous Montr\u00e9al se distingue par son dynamisme \u00e9conomique exceptionnel, faisant de cette m\u00e9tropole le lieu id\u00e9al pour des services d&rsquo;usinage de pr\u00e9cision. Nos installations \u00e0 la fine pointe de la technologie et notre \u00e9quipe d&rsquo;experts sont parfaitement align\u00e9es avec l&rsquo;ambiance innovante de la ville, offrant des [&hellip;]\" \/>\n<meta property=\"og:url\" content=\"https:\/\/usinagevilleneuve.com\/fr\/usinage-dans-les-plus-grandes-villes-du-quebec\/usinage-de-precision-a-montreal-dynamisme-economique-au-rendez-vous\/\" \/>\n<meta property=\"og:site_name\" content=\"Usinage Villeneuve\" \/>\n<meta property=\"article:modified_time\" content=\"2024-03-24T20:45:37+00:00\" \/>\n<meta property=\"og:image\" content=\"https:\/\/usinagevilleneuve.com\/wp-content\/uploads\/2024\/02\/Usinage_villeneuve_outillage.jpg\" \/>\n\t<meta property=\"og:image:width\" content=\"863\" \/>\n\t<meta property=\"og:image:height\" content=\"960\" \/>\n\t<meta property=\"og:image:type\" content=\"image\/jpeg\" \/>\n<meta name=\"twitter:card\" content=\"summary_large_image\" \/>\n<meta name=\"twitter:label1\" content=\"Estimation du temps de lecture\" \/>\n\t<meta name=\"twitter:data1\" content=\"2 minutes\" \/>\n<script type=\"application\/ld+json\" class=\"yoast-schema-graph\">{\"@context\":\"https:\/\/schema.org\",\"@graph\":[{\"@type\":\"WebPage\",\"@id\":\"https:\/\/usinagevilleneuve.com\/usinage-dans-les-plus-grandes-villes-du-quebec\/usinage-de-precision-a-montreal-dynamisme-economique-au-rendez-vous\/\",\"url\":\"https:\/\/usinagevilleneuve.com\/usinage-dans-les-plus-grandes-villes-du-quebec\/usinage-de-precision-a-montreal-dynamisme-economique-au-rendez-vous\/\",\"name\":\"Usinage de Pr\u00e9cision \u00e0 Montr\u00e9al : Dynamisme \u00c9conomique au Rendez-vous - Usinage Villeneuve\",\"isPartOf\":{\"@id\":\"https:\/\/usinagevilleneuve.com\/#website\"},\"primaryImageOfPage\":{\"@id\":\"https:\/\/usinagevilleneuve.com\/usinage-dans-les-plus-grandes-villes-du-quebec\/usinage-de-precision-a-montreal-dynamisme-economique-au-rendez-vous\/#primaryimage\"},\"image\":{\"@id\":\"https:\/\/usinagevilleneuve.com\/usinage-dans-les-plus-grandes-villes-du-quebec\/usinage-de-precision-a-montreal-dynamisme-economique-au-rendez-vous\/#primaryimage\"},\"thumbnailUrl\":\"https:\/\/usinagevilleneuve.com\/wp-content\/uploads\/2024\/02\/Usinage_villeneuve_outillage.jpg\",\"datePublished\":\"2024-03-24T19:39:13+00:00\",\"dateModified\":\"2024-03-24T20:45:37+00:00\",\"breadcrumb\":{\"@id\":\"https:\/\/usinagevilleneuve.com\/usinage-dans-les-plus-grandes-villes-du-quebec\/usinage-de-precision-a-montreal-dynamisme-economique-au-rendez-vous\/#breadcrumb\"},\"inLanguage\":\"fr-CA\",\"potentialAction\":[{\"@type\":\"ReadAction\",\"target\":[\"https:\/\/usinagevilleneuve.com\/usinage-dans-les-plus-grandes-villes-du-quebec\/usinage-de-precision-a-montreal-dynamisme-economique-au-rendez-vous\/\"]}]},{\"@type\":\"ImageObject\",\"inLanguage\":\"fr-CA\",\"@id\":\"https:\/\/usinagevilleneuve.com\/usinage-dans-les-plus-grandes-villes-du-quebec\/usinage-de-precision-a-montreal-dynamisme-economique-au-rendez-vous\/#primaryimage\",\"url\":\"https:\/\/usinagevilleneuve.com\/wp-content\/uploads\/2024\/02\/Usinage_villeneuve_outillage.jpg\",\"contentUrl\":\"https:\/\/usinagevilleneuve.com\/wp-content\/uploads\/2024\/02\/Usinage_villeneuve_outillage.jpg\",\"width\":863,\"height\":960,\"caption\":\"Usinage Villeneuve \u00e9quipement\"},{\"@type\":\"BreadcrumbList\",\"@id\":\"https:\/\/usinagevilleneuve.com\/usinage-dans-les-plus-grandes-villes-du-quebec\/usinage-de-precision-a-montreal-dynamisme-economique-au-rendez-vous\/#breadcrumb\",\"itemListElement\":[{\"@type\":\"ListItem\",\"position\":1,\"name\":\"Accueil\",\"item\":\"https:\/\/usinagevilleneuve.com\/\"},{\"@type\":\"ListItem\",\"position\":2,\"name\":\"Usinage dans les plus grandes villes du Qu\u00e9bec\",\"item\":\"https:\/\/usinagevilleneuve.com\/usinage-dans-les-plus-grandes-villes-du-quebec\/\"},{\"@type\":\"ListItem\",\"position\":3,\"name\":\"Usinage de Pr\u00e9cision \u00e0 Montr\u00e9al : Dynamisme \u00c9conomique au Rendez-vous\"}]},{\"@type\":\"WebSite\",\"@id\":\"https:\/\/usinagevilleneuve.com\/#website\",\"url\":\"https:\/\/usinagevilleneuve.com\/\",\"name\":\"Usinage Villeneuve\",\"description\":\"Expertise in\u00e9gal\u00e9e en usiange\",\"publisher\":{\"@id\":\"https:\/\/usinagevilleneuve.com\/#organization\"},\"potentialAction\":[{\"@type\":\"SearchAction\",\"target\":{\"@type\":\"EntryPoint\",\"urlTemplate\":\"https:\/\/usinagevilleneuve.com\/?s={search_term_string}\"},\"query-input\":{\"@type\":\"PropertyValueSpecification\",\"valueRequired\":true,\"valueName\":\"search_term_string\"}}],\"inLanguage\":\"fr-CA\"},{\"@type\":\"Organization\",\"@id\":\"https:\/\/usinagevilleneuve.com\/#organization\",\"name\":\"Usinage Villeneuve\",\"url\":\"https:\/\/usinagevilleneuve.com\/\",\"logo\":{\"@type\":\"ImageObject\",\"inLanguage\":\"fr-CA\",\"@id\":\"https:\/\/usinagevilleneuve.com\/#\/schema\/logo\/image\/\",\"url\":\"https:\/\/usinagevilleneuve.com\/wp-content\/uploads\/2024\/02\/logo-usinage-iso.png\",\"contentUrl\":\"https:\/\/usinagevilleneuve.com\/wp-content\/uploads\/2024\/02\/logo-usinage-iso.png\",\"width\":1000,\"height\":500,\"caption\":\"Usinage Villeneuve\"},\"image\":{\"@id\":\"https:\/\/usinagevilleneuve.com\/#\/schema\/logo\/image\/\"}}]}<\/script>\n<!-- \/ Yoast SEO plugin. -->","yoast_head_json":{"title":"Usinage de Pr\u00e9cision \u00e0 Montr\u00e9al : Dynamisme \u00c9conomique au Rendez-vous - Usinage Villeneuve","robots":{"index":"index","follow":"follow","max-snippet":"max-snippet:-1","max-image-preview":"max-image-preview:large","max-video-preview":"max-video-preview:-1"},"canonical":"https:\/\/usinagevilleneuve.com\/fr\/usinage-dans-les-plus-grandes-villes-du-quebec\/usinage-de-precision-a-montreal-dynamisme-economique-au-rendez-vous\/","og_locale":"fr_CA","og_type":"article","og_title":"Usinage de Pr\u00e9cision \u00e0 Montr\u00e9al : Dynamisme \u00c9conomique au Rendez-vous - Usinage Villeneuve","og_description":"Usinage de Pr\u00e9cision \u00e0 Montr\u00e9al : Dynamisme \u00c9conomique au Rendez-vous Montr\u00e9al se distingue par son dynamisme \u00e9conomique exceptionnel, faisant de cette m\u00e9tropole le lieu id\u00e9al pour des services d&rsquo;usinage de pr\u00e9cision. Nos installations \u00e0 la fine pointe de la technologie et notre \u00e9quipe d&rsquo;experts sont parfaitement align\u00e9es avec l&rsquo;ambiance innovante de la ville, offrant des [&hellip;]","og_url":"https:\/\/usinagevilleneuve.com\/fr\/usinage-dans-les-plus-grandes-villes-du-quebec\/usinage-de-precision-a-montreal-dynamisme-economique-au-rendez-vous\/","og_site_name":"Usinage Villeneuve","article_modified_time":"2024-03-24T20:45:37+00:00","og_image":[{"width":863,"height":960,"url":"https:\/\/usinagevilleneuve.com\/wp-content\/uploads\/2024\/02\/Usinage_villeneuve_outillage.jpg","type":"image\/jpeg"}],"twitter_card":"summary_large_image","twitter_misc":{"Estimation du temps de lecture":"2 minutes"},"schema":{"@context":"https:\/\/schema.org","@graph":[{"@type":"WebPage","@id":"https:\/\/usinagevilleneuve.com\/usinage-dans-les-plus-grandes-villes-du-quebec\/usinage-de-precision-a-montreal-dynamisme-economique-au-rendez-vous\/","url":"https:\/\/usinagevilleneuve.com\/usinage-dans-les-plus-grandes-villes-du-quebec\/usinage-de-precision-a-montreal-dynamisme-economique-au-rendez-vous\/","name":"Usinage de Pr\u00e9cision \u00e0 Montr\u00e9al : Dynamisme \u00c9conomique au Rendez-vous - Usinage Villeneuve","isPartOf":{"@id":"https:\/\/usinagevilleneuve.com\/#website"},"primaryImageOfPage":{"@id":"https:\/\/usinagevilleneuve.com\/usinage-dans-les-plus-grandes-villes-du-quebec\/usinage-de-precision-a-montreal-dynamisme-economique-au-rendez-vous\/#primaryimage"},"image":{"@id":"https:\/\/usinagevilleneuve.com\/usinage-dans-les-plus-grandes-villes-du-quebec\/usinage-de-precision-a-montreal-dynamisme-economique-au-rendez-vous\/#primaryimage"},"thumbnailUrl":"https:\/\/usinagevilleneuve.com\/wp-content\/uploads\/2024\/02\/Usinage_villeneuve_outillage.jpg","datePublished":"2024-03-24T19:39:13+00:00","dateModified":"2024-03-24T20:45:37+00:00","breadcrumb":{"@id":"https:\/\/usinagevilleneuve.com\/usinage-dans-les-plus-grandes-villes-du-quebec\/usinage-de-precision-a-montreal-dynamisme-economique-au-rendez-vous\/#breadcrumb"},"inLanguage":"fr-CA","potentialAction":[{"@type":"ReadAction","target":["https:\/\/usinagevilleneuve.com\/usinage-dans-les-plus-grandes-villes-du-quebec\/usinage-de-precision-a-montreal-dynamisme-economique-au-rendez-vous\/"]}]},{"@type":"ImageObject","inLanguage":"fr-CA","@id":"https:\/\/usinagevilleneuve.com\/usinage-dans-les-plus-grandes-villes-du-quebec\/usinage-de-precision-a-montreal-dynamisme-economique-au-rendez-vous\/#primaryimage","url":"https:\/\/usinagevilleneuve.com\/wp-content\/uploads\/2024\/02\/Usinage_villeneuve_outillage.jpg","contentUrl":"https:\/\/usinagevilleneuve.com\/wp-content\/uploads\/2024\/02\/Usinage_villeneuve_outillage.jpg","width":863,"height":960,"caption":"Usinage Villeneuve \u00e9quipement"},{"@type":"BreadcrumbList","@id":"https:\/\/usinagevilleneuve.com\/usinage-dans-les-plus-grandes-villes-du-quebec\/usinage-de-precision-a-montreal-dynamisme-economique-au-rendez-vous\/#breadcrumb","itemListElement":[{"@type":"ListItem","position":1,"name":"Accueil","item":"https:\/\/usinagevilleneuve.com\/"},{"@type":"ListItem","position":2,"name":"Usinage dans les plus grandes villes du Qu\u00e9bec","item":"https:\/\/usinagevilleneuve.com\/usinage-dans-les-plus-grandes-villes-du-quebec\/"},{"@type":"ListItem","position":3,"name":"Usinage de Pr\u00e9cision \u00e0 Montr\u00e9al : Dynamisme \u00c9conomique au Rendez-vous"}]},{"@type":"WebSite","@id":"https:\/\/usinagevilleneuve.com\/#website","url":"https:\/\/usinagevilleneuve.com\/","name":"Usinage Villeneuve","description":"Expertise in\u00e9gal\u00e9e en usiange","publisher":{"@id":"https:\/\/usinagevilleneuve.com\/#organization"},"potentialAction":[{"@type":"SearchAction","target":{"@type":"EntryPoint","urlTemplate":"https:\/\/usinagevilleneuve.com\/?s={search_term_string}"},"query-input":{"@type":"PropertyValueSpecification","valueRequired":true,"valueName":"search_term_string"}}],"inLanguage":"fr-CA"},{"@type":"Organization","@id":"https:\/\/usinagevilleneuve.com\/#organization","name":"Usinage Villeneuve","url":"https:\/\/usinagevilleneuve.com\/","logo":{"@type":"ImageObject","inLanguage":"fr-CA","@id":"https:\/\/usinagevilleneuve.com\/#\/schema\/logo\/image\/","url":"https:\/\/usinagevilleneuve.com\/wp-content\/uploads\/2024\/02\/logo-usinage-iso.png","contentUrl":"https:\/\/usinagevilleneuve.com\/wp-content\/uploads\/2024\/02\/logo-usinage-iso.png","width":1000,"height":500,"caption":"Usinage Villeneuve"},"image":{"@id":"https:\/\/usinagevilleneuve.com\/#\/schema\/logo\/image\/"}}]}},"_links":{"self":[{"href":"https:\/\/usinagevilleneuve.com\/fr\/wp-json\/wp\/v2\/pages\/2963","targetHints":{"allow":["GET"]}}],"collection":[{"href":"https:\/\/usinagevilleneuve.com\/fr\/wp-json\/wp\/v2\/pages"}],"about":[{"href":"https:\/\/usinagevilleneuve.com\/fr\/wp-json\/wp\/v2\/types\/page"}],"author":[{"embeddable":true,"href":"https:\/\/usinagevilleneuve.com\/fr\/wp-json\/wp\/v2\/users\/1"}],"replies":[{"embeddable":true,"href":"https:\/\/usinagevilleneuve.com\/fr\/wp-json\/wp\/v2\/comments?post=2963"}],"version-history":[{"count":14,"href":"https:\/\/usinagevilleneuve.com\/fr\/wp-json\/wp\/v2\/pages\/2963\/revisions"}],"predecessor-version":[{"id":3016,"href":"https:\/\/usinagevilleneuve.com\/fr\/wp-json\/wp\/v2\/pages\/2963\/revisions\/3016"}],"up":[{"embeddable":true,"href":"https:\/\/usinagevilleneuve.com\/fr\/wp-json\/wp\/v2\/pages\/3045"}],"wp:featuredmedia":[{"embeddable":true,"href":"https:\/\/usinagevilleneuve.com\/fr\/wp-json\/wp\/v2\/media\/2320"}],"wp:attachment":[{"href":"https:\/\/usinagevilleneuve.com\/fr\/wp-json\/wp\/v2\/media?parent=2963"}],"curies":[{"name":"wp","href":"https:\/\/api.w.org\/{rel}","templated":true}]}}