{"id":3030,"date":"2024-03-24T15:38:20","date_gmt":"2024-03-24T20:38:20","guid":{"rendered":"https:\/\/usinagevilleneuve.com\/?page_id=3030"},"modified":"2024-03-24T15:45:37","modified_gmt":"2024-03-24T20:45:37","slug":"usinage-avance-a-longueuil-expertise-en-aerospatiale-et-haute-technologie","status":"publish","type":"page","link":"https:\/\/usinagevilleneuve.com\/fr\/usinage-dans-les-plus-grandes-villes-du-quebec\/usinage-avance-a-longueuil-expertise-en-aerospatiale-et-haute-technologie\/","title":{"rendered":"Usinage Avanc\u00e9 \u00e0 Longueuil : Expertise en A\u00e9rospatiale et Haute Technologie"},"content":{"rendered":"\t\t<div data-elementor-type=\"wp-page\" data-elementor-id=\"3030\" class=\"elementor elementor-3030\" data-elementor-post-type=\"page\">\n\t\t\t\t<div class=\"elementor-element elementor-element-73aff768 e-con-full e-flex e-con e-parent\" data-id=\"73aff768\" data-element_type=\"container\">\n\t\t<div class=\"elementor-element elementor-element-5b2e1445 e-con-full e-flex e-con e-child\" data-id=\"5b2e1445\" data-element_type=\"container\" data-settings=\"{&quot;background_background&quot;:&quot;classic&quot;}\">\n\t\t\t\t<\/div>\n\t\t<div class=\"elementor-element elementor-element-3d3f47f3 e-con-full e-flex e-con e-child\" data-id=\"3d3f47f3\" data-element_type=\"container\" data-settings=\"{&quot;background_background&quot;:&quot;classic&quot;}\">\n\t\t\t\t<div class=\"elementor-element elementor-element-4b60d0d2 elementor-cta--skin-classic elementor-animated-content elementor-bg-transform elementor-bg-transform-zoom-in elementor-widget elementor-widget-call-to-action\" data-id=\"4b60d0d2\" data-element_type=\"widget\" data-widget_type=\"call-to-action.default\">\n\t\t\t\t<div class=\"elementor-widget-container\">\n\t\t\t\t\t\t\t<div class=\"elementor-cta\">\n\t\t\t\t\t\t\t<div class=\"elementor-cta__content\">\n\t\t\t\t\n\t\t\t\t\t\t\t\t\t<span class=\"elementor-cta__title elementor-cta__content-item elementor-content-item\">\n\t\t\t\t\t\tUsinage Avanc\u00e9 \u00e0 Longueuil : Expertise en A\u00e9rospatiale et Haute Technologie\t\t\t\t\t<\/span>\n\t\t\t\t\n\t\t\t\t\n\t\t\t\t\t\t\t<\/div>\n\t\t\t\t\t\t<\/div>\n\t\t\t\t\t\t<\/div>\n\t\t\t\t<\/div>\n\t\t\t\t<\/div>\n\t\t\t\t<\/div>\n\t\t<div class=\"elementor-element elementor-element-684dc3b e-flex e-con-boxed e-con e-parent\" data-id=\"684dc3b\" data-element_type=\"container\">\n\t\t\t\t\t<div class=\"e-con-inner\">\n\t\t\t\t<div class=\"elementor-element elementor-element-fcf181f elementor-widget elementor-widget-text-editor\" data-id=\"fcf181f\" data-element_type=\"widget\" data-widget_type=\"text-editor.default\">\n\t\t\t\t<div class=\"elementor-widget-container\">\n\t\t\t\t\t\t\t\t\t<h1>Usinage Avanc\u00e9 \u00e0 Longueuil : Expertise en A\u00e9rospatiale et Haute Technologie<\/h1><p><strong>Longueuil<\/strong>, un hub important pour l&rsquo;industrie a\u00e9rospatiale et la haute technologie, exige des services d&rsquo;usinage qui allient pr\u00e9cision extr\u00eame et innovation. <strong>Usinage Villeneuve<\/strong> r\u00e9pond \u00e0 ces besoins avec des capacit\u00e9s d&rsquo;usinage sp\u00e9cialis\u00e9es, soutenant ainsi le d\u00e9veloppement et la production dans ces secteurs avanc\u00e9s. Notre engagement envers la qualit\u00e9 et la technologie de pointe fait de nous le partenaire id\u00e9al pour les entreprises de Longueuil op\u00e9rant dans ces domaines critiques.<\/p><h2>Un Soutien Essentiel pour l&rsquo;A\u00e9rospatiale et la Haute Technologie \u00e0 Longueuil<\/h2><p>Notre expertise en usinage permet \u00e0 Usinage Villeneuve de jouer un r\u00f4le cl\u00e9 dans le soutien des industries<\/p>\t\t\t\t\t\t\t\t<\/div>\n\t\t\t\t<\/div>\n\t\t\t\t\t<\/div>\n\t\t\t\t<\/div>\n\t\t\t\t<\/div>\n\t\t","protected":false},"excerpt":{"rendered":"<p>Usinage Avanc\u00e9 \u00e0 Longueuil : Expertise en A\u00e9rospatiale et Haute Technologie Longueuil, un hub important pour l&rsquo;industrie a\u00e9rospatiale et la haute technologie, exige des services d&rsquo;usinage qui allient pr\u00e9cision extr\u00eame et innovation. Usinage Villeneuve r\u00e9pond \u00e0 ces besoins avec des capacit\u00e9s d&rsquo;usinage sp\u00e9cialis\u00e9es, soutenant ainsi le d\u00e9veloppement et la production dans ces secteurs avanc\u00e9s. Notre [&hellip;]<\/p>\n","protected":false},"author":1,"featured_media":2320,"parent":3045,"menu_order":0,"comment_status":"closed","ping_status":"closed","template":"elementor_header_footer","meta":{"footnotes":""},"class_list":["post-3030","page","type-page","status-publish","has-post-thumbnail","hentry"],"yoast_head":"<!-- This site is optimized with the Yoast SEO plugin v24.8.1 - https:\/\/yoast.com\/wordpress\/plugins\/seo\/ -->\n<title>Usinage Avanc\u00e9 \u00e0 Longueuil : Expertise en A\u00e9rospatiale et Haute Technologie - Usinage Villeneuve<\/title>\n<meta name=\"robots\" content=\"index, follow, max-snippet:-1, max-image-preview:large, max-video-preview:-1\" \/>\n<link rel=\"canonical\" href=\"https:\/\/usinagevilleneuve.com\/fr\/usinage-dans-les-plus-grandes-villes-du-quebec\/usinage-avance-a-longueuil-expertise-en-aerospatiale-et-haute-technologie\/\" \/>\n<meta property=\"og:locale\" content=\"fr_CA\" \/>\n<meta property=\"og:type\" content=\"article\" \/>\n<meta property=\"og:title\" content=\"Usinage Avanc\u00e9 \u00e0 Longueuil : Expertise en A\u00e9rospatiale et Haute Technologie - Usinage Villeneuve\" \/>\n<meta property=\"og:description\" content=\"Usinage Avanc\u00e9 \u00e0 Longueuil : Expertise en A\u00e9rospatiale et Haute Technologie Longueuil, un hub important pour l&rsquo;industrie a\u00e9rospatiale et la haute technologie, exige des services d&rsquo;usinage qui allient pr\u00e9cision extr\u00eame et innovation. Usinage Villeneuve r\u00e9pond \u00e0 ces besoins avec des capacit\u00e9s d&rsquo;usinage sp\u00e9cialis\u00e9es, soutenant ainsi le d\u00e9veloppement et la production dans ces secteurs avanc\u00e9s. Notre [&hellip;]\" \/>\n<meta property=\"og:url\" content=\"https:\/\/usinagevilleneuve.com\/fr\/usinage-dans-les-plus-grandes-villes-du-quebec\/usinage-avance-a-longueuil-expertise-en-aerospatiale-et-haute-technologie\/\" \/>\n<meta property=\"og:site_name\" content=\"Usinage Villeneuve\" \/>\n<meta property=\"article:modified_time\" content=\"2024-03-24T20:45:37+00:00\" \/>\n<meta property=\"og:image\" content=\"https:\/\/usinagevilleneuve.com\/wp-content\/uploads\/2024\/02\/Usinage_villeneuve_outillage.jpg\" \/>\n\t<meta property=\"og:image:width\" content=\"863\" \/>\n\t<meta property=\"og:image:height\" content=\"960\" \/>\n\t<meta property=\"og:image:type\" content=\"image\/jpeg\" \/>\n<meta name=\"twitter:card\" content=\"summary_large_image\" \/>\n<meta name=\"twitter:label1\" content=\"Estimation du temps de lecture\" \/>\n\t<meta name=\"twitter:data1\" content=\"1 minute\" \/>\n<script type=\"application\/ld+json\" class=\"yoast-schema-graph\">{\"@context\":\"https:\/\/schema.org\",\"@graph\":[{\"@type\":\"WebPage\",\"@id\":\"https:\/\/usinagevilleneuve.com\/usinage-dans-les-plus-grandes-villes-du-quebec\/usinage-avance-a-longueuil-expertise-en-aerospatiale-et-haute-technologie\/\",\"url\":\"https:\/\/usinagevilleneuve.com\/usinage-dans-les-plus-grandes-villes-du-quebec\/usinage-avance-a-longueuil-expertise-en-aerospatiale-et-haute-technologie\/\",\"name\":\"Usinage Avanc\u00e9 \u00e0 Longueuil : Expertise en A\u00e9rospatiale et Haute Technologie - Usinage Villeneuve\",\"isPartOf\":{\"@id\":\"https:\/\/usinagevilleneuve.com\/#website\"},\"primaryImageOfPage\":{\"@id\":\"https:\/\/usinagevilleneuve.com\/usinage-dans-les-plus-grandes-villes-du-quebec\/usinage-avance-a-longueuil-expertise-en-aerospatiale-et-haute-technologie\/#primaryimage\"},\"image\":{\"@id\":\"https:\/\/usinagevilleneuve.com\/usinage-dans-les-plus-grandes-villes-du-quebec\/usinage-avance-a-longueuil-expertise-en-aerospatiale-et-haute-technologie\/#primaryimage\"},\"thumbnailUrl\":\"https:\/\/usinagevilleneuve.com\/wp-content\/uploads\/2024\/02\/Usinage_villeneuve_outillage.jpg\",\"datePublished\":\"2024-03-24T20:38:20+00:00\",\"dateModified\":\"2024-03-24T20:45:37+00:00\",\"breadcrumb\":{\"@id\":\"https:\/\/usinagevilleneuve.com\/usinage-dans-les-plus-grandes-villes-du-quebec\/usinage-avance-a-longueuil-expertise-en-aerospatiale-et-haute-technologie\/#breadcrumb\"},\"inLanguage\":\"fr-CA\",\"potentialAction\":[{\"@type\":\"ReadAction\",\"target\":[\"https:\/\/usinagevilleneuve.com\/usinage-dans-les-plus-grandes-villes-du-quebec\/usinage-avance-a-longueuil-expertise-en-aerospatiale-et-haute-technologie\/\"]}]},{\"@type\":\"ImageObject\",\"inLanguage\":\"fr-CA\",\"@id\":\"https:\/\/usinagevilleneuve.com\/usinage-dans-les-plus-grandes-villes-du-quebec\/usinage-avance-a-longueuil-expertise-en-aerospatiale-et-haute-technologie\/#primaryimage\",\"url\":\"https:\/\/usinagevilleneuve.com\/wp-content\/uploads\/2024\/02\/Usinage_villeneuve_outillage.jpg\",\"contentUrl\":\"https:\/\/usinagevilleneuve.com\/wp-content\/uploads\/2024\/02\/Usinage_villeneuve_outillage.jpg\",\"width\":863,\"height\":960,\"caption\":\"Usinage Villeneuve \u00e9quipement\"},{\"@type\":\"BreadcrumbList\",\"@id\":\"https:\/\/usinagevilleneuve.com\/usinage-dans-les-plus-grandes-villes-du-quebec\/usinage-avance-a-longueuil-expertise-en-aerospatiale-et-haute-technologie\/#breadcrumb\",\"itemListElement\":[{\"@type\":\"ListItem\",\"position\":1,\"name\":\"Accueil\",\"item\":\"https:\/\/usinagevilleneuve.com\/\"},{\"@type\":\"ListItem\",\"position\":2,\"name\":\"Usinage dans les plus grandes villes du Qu\u00e9bec\",\"item\":\"https:\/\/usinagevilleneuve.com\/usinage-dans-les-plus-grandes-villes-du-quebec\/\"},{\"@type\":\"ListItem\",\"position\":3,\"name\":\"Usinage Avanc\u00e9 \u00e0 Longueuil : Expertise en A\u00e9rospatiale et Haute Technologie\"}]},{\"@type\":\"WebSite\",\"@id\":\"https:\/\/usinagevilleneuve.com\/#website\",\"url\":\"https:\/\/usinagevilleneuve.com\/\",\"name\":\"Usinage Villeneuve\",\"description\":\"Expertise in\u00e9gal\u00e9e en usiange\",\"publisher\":{\"@id\":\"https:\/\/usinagevilleneuve.com\/#organization\"},\"potentialAction\":[{\"@type\":\"SearchAction\",\"target\":{\"@type\":\"EntryPoint\",\"urlTemplate\":\"https:\/\/usinagevilleneuve.com\/?s={search_term_string}\"},\"query-input\":{\"@type\":\"PropertyValueSpecification\",\"valueRequired\":true,\"valueName\":\"search_term_string\"}}],\"inLanguage\":\"fr-CA\"},{\"@type\":\"Organization\",\"@id\":\"https:\/\/usinagevilleneuve.com\/#organization\",\"name\":\"Usinage Villeneuve\",\"url\":\"https:\/\/usinagevilleneuve.com\/\",\"logo\":{\"@type\":\"ImageObject\",\"inLanguage\":\"fr-CA\",\"@id\":\"https:\/\/usinagevilleneuve.com\/#\/schema\/logo\/image\/\",\"url\":\"https:\/\/usinagevilleneuve.com\/wp-content\/uploads\/2024\/02\/logo-usinage-iso.png\",\"contentUrl\":\"https:\/\/usinagevilleneuve.com\/wp-content\/uploads\/2024\/02\/logo-usinage-iso.png\",\"width\":1000,\"height\":500,\"caption\":\"Usinage Villeneuve\"},\"image\":{\"@id\":\"https:\/\/usinagevilleneuve.com\/#\/schema\/logo\/image\/\"}}]}<\/script>\n<!-- \/ Yoast SEO plugin. -->","yoast_head_json":{"title":"Usinage Avanc\u00e9 \u00e0 Longueuil : Expertise en A\u00e9rospatiale et Haute Technologie - Usinage Villeneuve","robots":{"index":"index","follow":"follow","max-snippet":"max-snippet:-1","max-image-preview":"max-image-preview:large","max-video-preview":"max-video-preview:-1"},"canonical":"https:\/\/usinagevilleneuve.com\/fr\/usinage-dans-les-plus-grandes-villes-du-quebec\/usinage-avance-a-longueuil-expertise-en-aerospatiale-et-haute-technologie\/","og_locale":"fr_CA","og_type":"article","og_title":"Usinage Avanc\u00e9 \u00e0 Longueuil : Expertise en A\u00e9rospatiale et Haute Technologie - Usinage Villeneuve","og_description":"Usinage Avanc\u00e9 \u00e0 Longueuil : Expertise en A\u00e9rospatiale et Haute Technologie Longueuil, un hub important pour l&rsquo;industrie a\u00e9rospatiale et la haute technologie, exige des services d&rsquo;usinage qui allient pr\u00e9cision extr\u00eame et innovation. Usinage Villeneuve r\u00e9pond \u00e0 ces besoins avec des capacit\u00e9s d&rsquo;usinage sp\u00e9cialis\u00e9es, soutenant ainsi le d\u00e9veloppement et la production dans ces secteurs avanc\u00e9s. Notre [&hellip;]","og_url":"https:\/\/usinagevilleneuve.com\/fr\/usinage-dans-les-plus-grandes-villes-du-quebec\/usinage-avance-a-longueuil-expertise-en-aerospatiale-et-haute-technologie\/","og_site_name":"Usinage Villeneuve","article_modified_time":"2024-03-24T20:45:37+00:00","og_image":[{"width":863,"height":960,"url":"https:\/\/usinagevilleneuve.com\/wp-content\/uploads\/2024\/02\/Usinage_villeneuve_outillage.jpg","type":"image\/jpeg"}],"twitter_card":"summary_large_image","twitter_misc":{"Estimation du temps de lecture":"1 minute"},"schema":{"@context":"https:\/\/schema.org","@graph":[{"@type":"WebPage","@id":"https:\/\/usinagevilleneuve.com\/usinage-dans-les-plus-grandes-villes-du-quebec\/usinage-avance-a-longueuil-expertise-en-aerospatiale-et-haute-technologie\/","url":"https:\/\/usinagevilleneuve.com\/usinage-dans-les-plus-grandes-villes-du-quebec\/usinage-avance-a-longueuil-expertise-en-aerospatiale-et-haute-technologie\/","name":"Usinage Avanc\u00e9 \u00e0 Longueuil : Expertise en A\u00e9rospatiale et Haute Technologie - Usinage Villeneuve","isPartOf":{"@id":"https:\/\/usinagevilleneuve.com\/#website"},"primaryImageOfPage":{"@id":"https:\/\/usinagevilleneuve.com\/usinage-dans-les-plus-grandes-villes-du-quebec\/usinage-avance-a-longueuil-expertise-en-aerospatiale-et-haute-technologie\/#primaryimage"},"image":{"@id":"https:\/\/usinagevilleneuve.com\/usinage-dans-les-plus-grandes-villes-du-quebec\/usinage-avance-a-longueuil-expertise-en-aerospatiale-et-haute-technologie\/#primaryimage"},"thumbnailUrl":"https:\/\/usinagevilleneuve.com\/wp-content\/uploads\/2024\/02\/Usinage_villeneuve_outillage.jpg","datePublished":"2024-03-24T20:38:20+00:00","dateModified":"2024-03-24T20:45:37+00:00","breadcrumb":{"@id":"https:\/\/usinagevilleneuve.com\/usinage-dans-les-plus-grandes-villes-du-quebec\/usinage-avance-a-longueuil-expertise-en-aerospatiale-et-haute-technologie\/#breadcrumb"},"inLanguage":"fr-CA","potentialAction":[{"@type":"ReadAction","target":["https:\/\/usinagevilleneuve.com\/usinage-dans-les-plus-grandes-villes-du-quebec\/usinage-avance-a-longueuil-expertise-en-aerospatiale-et-haute-technologie\/"]}]},{"@type":"ImageObject","inLanguage":"fr-CA","@id":"https:\/\/usinagevilleneuve.com\/usinage-dans-les-plus-grandes-villes-du-quebec\/usinage-avance-a-longueuil-expertise-en-aerospatiale-et-haute-technologie\/#primaryimage","url":"https:\/\/usinagevilleneuve.com\/wp-content\/uploads\/2024\/02\/Usinage_villeneuve_outillage.jpg","contentUrl":"https:\/\/usinagevilleneuve.com\/wp-content\/uploads\/2024\/02\/Usinage_villeneuve_outillage.jpg","width":863,"height":960,"caption":"Usinage Villeneuve \u00e9quipement"},{"@type":"BreadcrumbList","@id":"https:\/\/usinagevilleneuve.com\/usinage-dans-les-plus-grandes-villes-du-quebec\/usinage-avance-a-longueuil-expertise-en-aerospatiale-et-haute-technologie\/#breadcrumb","itemListElement":[{"@type":"ListItem","position":1,"name":"Accueil","item":"https:\/\/usinagevilleneuve.com\/"},{"@type":"ListItem","position":2,"name":"Usinage dans les plus grandes villes du Qu\u00e9bec","item":"https:\/\/usinagevilleneuve.com\/usinage-dans-les-plus-grandes-villes-du-quebec\/"},{"@type":"ListItem","position":3,"name":"Usinage Avanc\u00e9 \u00e0 Longueuil : Expertise en A\u00e9rospatiale et Haute Technologie"}]},{"@type":"WebSite","@id":"https:\/\/usinagevilleneuve.com\/#website","url":"https:\/\/usinagevilleneuve.com\/","name":"Usinage Villeneuve","description":"Expertise in\u00e9gal\u00e9e en usiange","publisher":{"@id":"https:\/\/usinagevilleneuve.com\/#organization"},"potentialAction":[{"@type":"SearchAction","target":{"@type":"EntryPoint","urlTemplate":"https:\/\/usinagevilleneuve.com\/?s={search_term_string}"},"query-input":{"@type":"PropertyValueSpecification","valueRequired":true,"valueName":"search_term_string"}}],"inLanguage":"fr-CA"},{"@type":"Organization","@id":"https:\/\/usinagevilleneuve.com\/#organization","name":"Usinage Villeneuve","url":"https:\/\/usinagevilleneuve.com\/","logo":{"@type":"ImageObject","inLanguage":"fr-CA","@id":"https:\/\/usinagevilleneuve.com\/#\/schema\/logo\/image\/","url":"https:\/\/usinagevilleneuve.com\/wp-content\/uploads\/2024\/02\/logo-usinage-iso.png","contentUrl":"https:\/\/usinagevilleneuve.com\/wp-content\/uploads\/2024\/02\/logo-usinage-iso.png","width":1000,"height":500,"caption":"Usinage Villeneuve"},"image":{"@id":"https:\/\/usinagevilleneuve.com\/#\/schema\/logo\/image\/"}}]}},"_links":{"self":[{"href":"https:\/\/usinagevilleneuve.com\/fr\/wp-json\/wp\/v2\/pages\/3030","targetHints":{"allow":["GET"]}}],"collection":[{"href":"https:\/\/usinagevilleneuve.com\/fr\/wp-json\/wp\/v2\/pages"}],"about":[{"href":"https:\/\/usinagevilleneuve.com\/fr\/wp-json\/wp\/v2\/types\/page"}],"author":[{"embeddable":true,"href":"https:\/\/usinagevilleneuve.com\/fr\/wp-json\/wp\/v2\/users\/1"}],"replies":[{"embeddable":true,"href":"https:\/\/usinagevilleneuve.com\/fr\/wp-json\/wp\/v2\/comments?post=3030"}],"version-history":[{"count":6,"href":"https:\/\/usinagevilleneuve.com\/fr\/wp-json\/wp\/v2\/pages\/3030\/revisions"}],"predecessor-version":[{"id":3042,"href":"https:\/\/usinagevilleneuve.com\/fr\/wp-json\/wp\/v2\/pages\/3030\/revisions\/3042"}],"up":[{"embeddable":true,"href":"https:\/\/usinagevilleneuve.com\/fr\/wp-json\/wp\/v2\/pages\/3045"}],"wp:featuredmedia":[{"embeddable":true,"href":"https:\/\/usinagevilleneuve.com\/fr\/wp-json\/wp\/v2\/media\/2320"}],"wp:attachment":[{"href":"https:\/\/usinagevilleneuve.com\/fr\/wp-json\/wp\/v2\/media?parent=3030"}],"curies":[{"name":"wp","href":"https:\/\/api.w.org\/{rel}","templated":true}]}}