{"id":3139,"date":"2024-04-16T08:02:55","date_gmt":"2024-04-16T13:02:55","guid":{"rendered":"https:\/\/usinagevilleneuve.com\/?page_id=3139"},"modified":"2024-04-16T08:05:21","modified_gmt":"2024-04-16T13:05:21","slug":"service-dusinage-a-terrebonne-votre-expert-en-solutions-dusinage-de-precision","status":"publish","type":"page","link":"https:\/\/usinagevilleneuve.com\/fr\/usinage-dans-les-plus-grandes-villes-du-quebec\/service-dusinage-a-terrebonne-votre-expert-en-solutions-dusinage-de-precision\/","title":{"rendered":"Service d&rsquo;usinage \u00e0 Terrebonne : Votre Expert en Solutions d\u2019Usinage de Pr\u00e9cision"},"content":{"rendered":"\t\t<div data-elementor-type=\"wp-page\" data-elementor-id=\"3139\" class=\"elementor elementor-3139\" data-elementor-post-type=\"page\">\n\t\t\t\t<div class=\"elementor-element elementor-element-73aff768 e-con-full e-flex e-con e-parent\" data-id=\"73aff768\" data-element_type=\"container\">\n\t\t<div class=\"elementor-element elementor-element-5b2e1445 e-con-full e-flex e-con e-child\" data-id=\"5b2e1445\" data-element_type=\"container\" data-settings=\"{&quot;background_background&quot;:&quot;classic&quot;}\">\n\t\t\t\t<\/div>\n\t\t<div class=\"elementor-element elementor-element-3d3f47f3 e-con-full e-flex e-con e-child\" data-id=\"3d3f47f3\" data-element_type=\"container\" data-settings=\"{&quot;background_background&quot;:&quot;classic&quot;}\">\n\t\t\t\t<div class=\"elementor-element elementor-element-4b60d0d2 elementor-cta--skin-classic elementor-animated-content elementor-bg-transform elementor-bg-transform-zoom-in elementor-widget elementor-widget-call-to-action\" data-id=\"4b60d0d2\" data-element_type=\"widget\" data-widget_type=\"call-to-action.default\">\n\t\t\t\t<div class=\"elementor-widget-container\">\n\t\t\t\t\t\t\t<div class=\"elementor-cta\">\n\t\t\t\t\t\t\t<div class=\"elementor-cta__content\">\n\t\t\t\t\n\t\t\t\t\t\t\t\t\t<span class=\"elementor-cta__title elementor-cta__content-item elementor-content-item\">\n\t\t\t\t\t\tService d&rsquo;usinage \u00e0 Terrebonne : Votre Expert en Solutions d\u2019Usinage de Pr\u00e9cision\t\t\t\t\t<\/span>\n\t\t\t\t\n\t\t\t\t\n\t\t\t\t\t\t\t<\/div>\n\t\t\t\t\t\t<\/div>\n\t\t\t\t\t\t<\/div>\n\t\t\t\t<\/div>\n\t\t\t\t<\/div>\n\t\t\t\t<\/div>\n\t\t<div class=\"elementor-element elementor-element-684dc3b e-flex e-con-boxed e-con e-parent\" data-id=\"684dc3b\" data-element_type=\"container\">\n\t\t\t\t\t<div class=\"e-con-inner\">\n\t\t\t\t<div class=\"elementor-element elementor-element-fcf181f elementor-widget elementor-widget-text-editor\" data-id=\"fcf181f\" data-element_type=\"widget\" data-widget_type=\"text-editor.default\">\n\t\t\t\t<div class=\"elementor-widget-container\">\n\t\t\t\t\t\t\t\t\t<h1>Usinage Villeneuve \u00e0 Terrebonne : Votre Expert en Solutions d\u2019Usinage de Pr\u00e9cision<\/h1><h2>Nos Services d&rsquo;Usinage \u00e0 Terrebonne<\/h2><h3>Usinage CNC<\/h3><p>Nous offrons des services d&rsquo;usinage CNC (Commande Num\u00e9rique par Ordinateur), qui permettent une pr\u00e9cision et une r\u00e9p\u00e9tabilit\u00e9 exceptionnelles pour la production en s\u00e9rie ou pour des pi\u00e8ces uniques. Notre \u00e9quipement de pointe peut travailler une vari\u00e9t\u00e9 de mat\u00e9riaux, incluant le m\u00e9tal, le plastique et le composite.<\/p><h2>Pourquoi Choisir Usinage Villeneuve \u00e0 Terrebonne?<\/h2><h3>Expertise et Qualit\u00e9<\/h3><p>Notre \u00e9quipe d&rsquo;experts assure que toutes les pi\u00e8ces sont usin\u00e9es avec la plus haute pr\u00e9cision. Nous utilisons des m\u00e9thodes de contr\u00f4le de qualit\u00e9 rigoureuses pour garantir que chaque produit sortant de notre atelier r\u00e9pond ou d\u00e9passe les attentes de nos clients.<\/p><h3>Rapidit\u00e9 et Fiabilit\u00e9<\/h3><p>Nous comprenons l&rsquo;importance des d\u00e9lais dans l&rsquo;industrie manufacturi\u00e8re. Usinage Villeneuve s&rsquo;engage \u00e0 respecter vos \u00e9ch\u00e9ances tout en maintenant un standard de qualit\u00e9 sans compromis.<\/p><h3>Service Client D\u00e9di\u00e9<\/h3><p>Notre service client est \u00e0 votre \u00e9coute pour vous conseiller et vous accompagner dans tous vos projets d&rsquo;usinage. De la conception \u00e0 la production, nous travaillons en \u00e9troite collaboration avec vous pour assurer la r\u00e9ussite de vos projets.<\/p><h2>Contactez-nous<\/h2><p>Pour en savoir plus sur nos services ou pour discuter de votre projet d&rsquo;usinage, n&rsquo;h\u00e9sitez pas \u00e0 nous contacter. Notre \u00e9quipe est pr\u00eate \u00e0 vous fournir l&rsquo;expertise et le support n\u00e9cessaires pour mener \u00e0 bien vos initiatives.<\/p>\t\t\t\t\t\t\t\t<\/div>\n\t\t\t\t<\/div>\n\t\t\t\t\t<\/div>\n\t\t\t\t<\/div>\n\t\t\t\t<\/div>\n\t\t","protected":false},"excerpt":{"rendered":"<p>Usinage Villeneuve \u00e0 Terrebonne : Votre Expert en Solutions d\u2019Usinage de Pr\u00e9cision Nos Services d&rsquo;Usinage \u00e0 Terrebonne Usinage CNC Nous offrons des services d&rsquo;usinage CNC (Commande Num\u00e9rique par Ordinateur), qui permettent une pr\u00e9cision et une r\u00e9p\u00e9tabilit\u00e9 exceptionnelles pour la production en s\u00e9rie ou pour des pi\u00e8ces uniques. Notre \u00e9quipement de pointe peut travailler une vari\u00e9t\u00e9 [&hellip;]<\/p>\n","protected":false},"author":1,"featured_media":2320,"parent":3045,"menu_order":0,"comment_status":"closed","ping_status":"closed","template":"elementor_header_footer","meta":{"footnotes":""},"class_list":["post-3139","page","type-page","status-publish","has-post-thumbnail","hentry"],"yoast_head":"<!-- This site is optimized with the Yoast SEO plugin v24.8.1 - https:\/\/yoast.com\/wordpress\/plugins\/seo\/ -->\n<title>Service d&#039;usinage \u00e0 Terrebonne : Votre Expert en Solutions d\u2019Usinage de Pr\u00e9cision - Usinage Villeneuve<\/title>\n<meta name=\"robots\" content=\"index, follow, max-snippet:-1, max-image-preview:large, max-video-preview:-1\" \/>\n<link rel=\"canonical\" href=\"https:\/\/usinagevilleneuve.com\/fr\/usinage-dans-les-plus-grandes-villes-du-quebec\/service-dusinage-a-terrebonne-votre-expert-en-solutions-dusinage-de-precision\/\" \/>\n<meta property=\"og:locale\" content=\"fr_CA\" \/>\n<meta property=\"og:type\" content=\"article\" \/>\n<meta property=\"og:title\" content=\"Service d&#039;usinage \u00e0 Terrebonne : Votre Expert en Solutions d\u2019Usinage de Pr\u00e9cision - Usinage Villeneuve\" \/>\n<meta property=\"og:description\" content=\"Usinage Villeneuve \u00e0 Terrebonne : Votre Expert en Solutions d\u2019Usinage de Pr\u00e9cision Nos Services d&rsquo;Usinage \u00e0 Terrebonne Usinage CNC Nous offrons des services d&rsquo;usinage CNC (Commande Num\u00e9rique par Ordinateur), qui permettent une pr\u00e9cision et une r\u00e9p\u00e9tabilit\u00e9 exceptionnelles pour la production en s\u00e9rie ou pour des pi\u00e8ces uniques. Notre \u00e9quipement de pointe peut travailler une vari\u00e9t\u00e9 [&hellip;]\" \/>\n<meta property=\"og:url\" content=\"https:\/\/usinagevilleneuve.com\/fr\/usinage-dans-les-plus-grandes-villes-du-quebec\/service-dusinage-a-terrebonne-votre-expert-en-solutions-dusinage-de-precision\/\" \/>\n<meta property=\"og:site_name\" content=\"Usinage Villeneuve\" \/>\n<meta property=\"article:modified_time\" content=\"2024-04-16T13:05:21+00:00\" \/>\n<meta property=\"og:image\" content=\"https:\/\/usinagevilleneuve.com\/wp-content\/uploads\/2024\/02\/Usinage_villeneuve_outillage.jpg\" \/>\n\t<meta property=\"og:image:width\" content=\"863\" \/>\n\t<meta property=\"og:image:height\" content=\"960\" \/>\n\t<meta property=\"og:image:type\" content=\"image\/jpeg\" \/>\n<meta name=\"twitter:card\" content=\"summary_large_image\" \/>\n<meta name=\"twitter:label1\" content=\"Estimation du temps de lecture\" \/>\n\t<meta name=\"twitter:data1\" content=\"2 minutes\" \/>\n<script type=\"application\/ld+json\" class=\"yoast-schema-graph\">{\"@context\":\"https:\/\/schema.org\",\"@graph\":[{\"@type\":\"WebPage\",\"@id\":\"https:\/\/usinagevilleneuve.com\/usinage-dans-les-plus-grandes-villes-du-quebec\/service-dusinage-a-terrebonne-votre-expert-en-solutions-dusinage-de-precision\/\",\"url\":\"https:\/\/usinagevilleneuve.com\/usinage-dans-les-plus-grandes-villes-du-quebec\/service-dusinage-a-terrebonne-votre-expert-en-solutions-dusinage-de-precision\/\",\"name\":\"Service d'usinage \u00e0 Terrebonne : Votre Expert en Solutions d\u2019Usinage de Pr\u00e9cision - Usinage Villeneuve\",\"isPartOf\":{\"@id\":\"https:\/\/usinagevilleneuve.com\/#website\"},\"primaryImageOfPage\":{\"@id\":\"https:\/\/usinagevilleneuve.com\/usinage-dans-les-plus-grandes-villes-du-quebec\/service-dusinage-a-terrebonne-votre-expert-en-solutions-dusinage-de-precision\/#primaryimage\"},\"image\":{\"@id\":\"https:\/\/usinagevilleneuve.com\/usinage-dans-les-plus-grandes-villes-du-quebec\/service-dusinage-a-terrebonne-votre-expert-en-solutions-dusinage-de-precision\/#primaryimage\"},\"thumbnailUrl\":\"https:\/\/usinagevilleneuve.com\/wp-content\/uploads\/2024\/02\/Usinage_villeneuve_outillage.jpg\",\"datePublished\":\"2024-04-16T13:02:55+00:00\",\"dateModified\":\"2024-04-16T13:05:21+00:00\",\"breadcrumb\":{\"@id\":\"https:\/\/usinagevilleneuve.com\/usinage-dans-les-plus-grandes-villes-du-quebec\/service-dusinage-a-terrebonne-votre-expert-en-solutions-dusinage-de-precision\/#breadcrumb\"},\"inLanguage\":\"fr-CA\",\"potentialAction\":[{\"@type\":\"ReadAction\",\"target\":[\"https:\/\/usinagevilleneuve.com\/usinage-dans-les-plus-grandes-villes-du-quebec\/service-dusinage-a-terrebonne-votre-expert-en-solutions-dusinage-de-precision\/\"]}]},{\"@type\":\"ImageObject\",\"inLanguage\":\"fr-CA\",\"@id\":\"https:\/\/usinagevilleneuve.com\/usinage-dans-les-plus-grandes-villes-du-quebec\/service-dusinage-a-terrebonne-votre-expert-en-solutions-dusinage-de-precision\/#primaryimage\",\"url\":\"https:\/\/usinagevilleneuve.com\/wp-content\/uploads\/2024\/02\/Usinage_villeneuve_outillage.jpg\",\"contentUrl\":\"https:\/\/usinagevilleneuve.com\/wp-content\/uploads\/2024\/02\/Usinage_villeneuve_outillage.jpg\",\"width\":863,\"height\":960,\"caption\":\"Usinage Villeneuve \u00e9quipement\"},{\"@type\":\"BreadcrumbList\",\"@id\":\"https:\/\/usinagevilleneuve.com\/usinage-dans-les-plus-grandes-villes-du-quebec\/service-dusinage-a-terrebonne-votre-expert-en-solutions-dusinage-de-precision\/#breadcrumb\",\"itemListElement\":[{\"@type\":\"ListItem\",\"position\":1,\"name\":\"Accueil\",\"item\":\"https:\/\/usinagevilleneuve.com\/\"},{\"@type\":\"ListItem\",\"position\":2,\"name\":\"Usinage dans les plus grandes villes du Qu\u00e9bec\",\"item\":\"https:\/\/usinagevilleneuve.com\/usinage-dans-les-plus-grandes-villes-du-quebec\/\"},{\"@type\":\"ListItem\",\"position\":3,\"name\":\"Service d&rsquo;usinage \u00e0 Terrebonne : Votre Expert en Solutions d\u2019Usinage de Pr\u00e9cision\"}]},{\"@type\":\"WebSite\",\"@id\":\"https:\/\/usinagevilleneuve.com\/#website\",\"url\":\"https:\/\/usinagevilleneuve.com\/\",\"name\":\"Usinage Villeneuve\",\"description\":\"Expertise in\u00e9gal\u00e9e en usiange\",\"publisher\":{\"@id\":\"https:\/\/usinagevilleneuve.com\/#organization\"},\"potentialAction\":[{\"@type\":\"SearchAction\",\"target\":{\"@type\":\"EntryPoint\",\"urlTemplate\":\"https:\/\/usinagevilleneuve.com\/?s={search_term_string}\"},\"query-input\":{\"@type\":\"PropertyValueSpecification\",\"valueRequired\":true,\"valueName\":\"search_term_string\"}}],\"inLanguage\":\"fr-CA\"},{\"@type\":\"Organization\",\"@id\":\"https:\/\/usinagevilleneuve.com\/#organization\",\"name\":\"Usinage Villeneuve\",\"url\":\"https:\/\/usinagevilleneuve.com\/\",\"logo\":{\"@type\":\"ImageObject\",\"inLanguage\":\"fr-CA\",\"@id\":\"https:\/\/usinagevilleneuve.com\/#\/schema\/logo\/image\/\",\"url\":\"https:\/\/usinagevilleneuve.com\/wp-content\/uploads\/2024\/02\/logo-usinage-iso.png\",\"contentUrl\":\"https:\/\/usinagevilleneuve.com\/wp-content\/uploads\/2024\/02\/logo-usinage-iso.png\",\"width\":1000,\"height\":500,\"caption\":\"Usinage Villeneuve\"},\"image\":{\"@id\":\"https:\/\/usinagevilleneuve.com\/#\/schema\/logo\/image\/\"}}]}<\/script>\n<!-- \/ Yoast SEO plugin. -->","yoast_head_json":{"title":"Service d'usinage \u00e0 Terrebonne : Votre Expert en Solutions d\u2019Usinage de Pr\u00e9cision - Usinage Villeneuve","robots":{"index":"index","follow":"follow","max-snippet":"max-snippet:-1","max-image-preview":"max-image-preview:large","max-video-preview":"max-video-preview:-1"},"canonical":"https:\/\/usinagevilleneuve.com\/fr\/usinage-dans-les-plus-grandes-villes-du-quebec\/service-dusinage-a-terrebonne-votre-expert-en-solutions-dusinage-de-precision\/","og_locale":"fr_CA","og_type":"article","og_title":"Service d'usinage \u00e0 Terrebonne : Votre Expert en Solutions d\u2019Usinage de Pr\u00e9cision - Usinage Villeneuve","og_description":"Usinage Villeneuve \u00e0 Terrebonne : Votre Expert en Solutions d\u2019Usinage de Pr\u00e9cision Nos Services d&rsquo;Usinage \u00e0 Terrebonne Usinage CNC Nous offrons des services d&rsquo;usinage CNC (Commande Num\u00e9rique par Ordinateur), qui permettent une pr\u00e9cision et une r\u00e9p\u00e9tabilit\u00e9 exceptionnelles pour la production en s\u00e9rie ou pour des pi\u00e8ces uniques. Notre \u00e9quipement de pointe peut travailler une vari\u00e9t\u00e9 [&hellip;]","og_url":"https:\/\/usinagevilleneuve.com\/fr\/usinage-dans-les-plus-grandes-villes-du-quebec\/service-dusinage-a-terrebonne-votre-expert-en-solutions-dusinage-de-precision\/","og_site_name":"Usinage Villeneuve","article_modified_time":"2024-04-16T13:05:21+00:00","og_image":[{"width":863,"height":960,"url":"https:\/\/usinagevilleneuve.com\/wp-content\/uploads\/2024\/02\/Usinage_villeneuve_outillage.jpg","type":"image\/jpeg"}],"twitter_card":"summary_large_image","twitter_misc":{"Estimation du temps de lecture":"2 minutes"},"schema":{"@context":"https:\/\/schema.org","@graph":[{"@type":"WebPage","@id":"https:\/\/usinagevilleneuve.com\/usinage-dans-les-plus-grandes-villes-du-quebec\/service-dusinage-a-terrebonne-votre-expert-en-solutions-dusinage-de-precision\/","url":"https:\/\/usinagevilleneuve.com\/usinage-dans-les-plus-grandes-villes-du-quebec\/service-dusinage-a-terrebonne-votre-expert-en-solutions-dusinage-de-precision\/","name":"Service d'usinage \u00e0 Terrebonne : Votre Expert en Solutions d\u2019Usinage de Pr\u00e9cision - Usinage Villeneuve","isPartOf":{"@id":"https:\/\/usinagevilleneuve.com\/#website"},"primaryImageOfPage":{"@id":"https:\/\/usinagevilleneuve.com\/usinage-dans-les-plus-grandes-villes-du-quebec\/service-dusinage-a-terrebonne-votre-expert-en-solutions-dusinage-de-precision\/#primaryimage"},"image":{"@id":"https:\/\/usinagevilleneuve.com\/usinage-dans-les-plus-grandes-villes-du-quebec\/service-dusinage-a-terrebonne-votre-expert-en-solutions-dusinage-de-precision\/#primaryimage"},"thumbnailUrl":"https:\/\/usinagevilleneuve.com\/wp-content\/uploads\/2024\/02\/Usinage_villeneuve_outillage.jpg","datePublished":"2024-04-16T13:02:55+00:00","dateModified":"2024-04-16T13:05:21+00:00","breadcrumb":{"@id":"https:\/\/usinagevilleneuve.com\/usinage-dans-les-plus-grandes-villes-du-quebec\/service-dusinage-a-terrebonne-votre-expert-en-solutions-dusinage-de-precision\/#breadcrumb"},"inLanguage":"fr-CA","potentialAction":[{"@type":"ReadAction","target":["https:\/\/usinagevilleneuve.com\/usinage-dans-les-plus-grandes-villes-du-quebec\/service-dusinage-a-terrebonne-votre-expert-en-solutions-dusinage-de-precision\/"]}]},{"@type":"ImageObject","inLanguage":"fr-CA","@id":"https:\/\/usinagevilleneuve.com\/usinage-dans-les-plus-grandes-villes-du-quebec\/service-dusinage-a-terrebonne-votre-expert-en-solutions-dusinage-de-precision\/#primaryimage","url":"https:\/\/usinagevilleneuve.com\/wp-content\/uploads\/2024\/02\/Usinage_villeneuve_outillage.jpg","contentUrl":"https:\/\/usinagevilleneuve.com\/wp-content\/uploads\/2024\/02\/Usinage_villeneuve_outillage.jpg","width":863,"height":960,"caption":"Usinage Villeneuve \u00e9quipement"},{"@type":"BreadcrumbList","@id":"https:\/\/usinagevilleneuve.com\/usinage-dans-les-plus-grandes-villes-du-quebec\/service-dusinage-a-terrebonne-votre-expert-en-solutions-dusinage-de-precision\/#breadcrumb","itemListElement":[{"@type":"ListItem","position":1,"name":"Accueil","item":"https:\/\/usinagevilleneuve.com\/"},{"@type":"ListItem","position":2,"name":"Usinage dans les plus grandes villes du Qu\u00e9bec","item":"https:\/\/usinagevilleneuve.com\/usinage-dans-les-plus-grandes-villes-du-quebec\/"},{"@type":"ListItem","position":3,"name":"Service d&rsquo;usinage \u00e0 Terrebonne : Votre Expert en Solutions d\u2019Usinage de Pr\u00e9cision"}]},{"@type":"WebSite","@id":"https:\/\/usinagevilleneuve.com\/#website","url":"https:\/\/usinagevilleneuve.com\/","name":"Usinage Villeneuve","description":"Expertise in\u00e9gal\u00e9e en usiange","publisher":{"@id":"https:\/\/usinagevilleneuve.com\/#organization"},"potentialAction":[{"@type":"SearchAction","target":{"@type":"EntryPoint","urlTemplate":"https:\/\/usinagevilleneuve.com\/?s={search_term_string}"},"query-input":{"@type":"PropertyValueSpecification","valueRequired":true,"valueName":"search_term_string"}}],"inLanguage":"fr-CA"},{"@type":"Organization","@id":"https:\/\/usinagevilleneuve.com\/#organization","name":"Usinage Villeneuve","url":"https:\/\/usinagevilleneuve.com\/","logo":{"@type":"ImageObject","inLanguage":"fr-CA","@id":"https:\/\/usinagevilleneuve.com\/#\/schema\/logo\/image\/","url":"https:\/\/usinagevilleneuve.com\/wp-content\/uploads\/2024\/02\/logo-usinage-iso.png","contentUrl":"https:\/\/usinagevilleneuve.com\/wp-content\/uploads\/2024\/02\/logo-usinage-iso.png","width":1000,"height":500,"caption":"Usinage Villeneuve"},"image":{"@id":"https:\/\/usinagevilleneuve.com\/#\/schema\/logo\/image\/"}}]}},"_links":{"self":[{"href":"https:\/\/usinagevilleneuve.com\/fr\/wp-json\/wp\/v2\/pages\/3139","targetHints":{"allow":["GET"]}}],"collection":[{"href":"https:\/\/usinagevilleneuve.com\/fr\/wp-json\/wp\/v2\/pages"}],"about":[{"href":"https:\/\/usinagevilleneuve.com\/fr\/wp-json\/wp\/v2\/types\/page"}],"author":[{"embeddable":true,"href":"https:\/\/usinagevilleneuve.com\/fr\/wp-json\/wp\/v2\/users\/1"}],"replies":[{"embeddable":true,"href":"https:\/\/usinagevilleneuve.com\/fr\/wp-json\/wp\/v2\/comments?post=3139"}],"version-history":[{"count":4,"href":"https:\/\/usinagevilleneuve.com\/fr\/wp-json\/wp\/v2\/pages\/3139\/revisions"}],"predecessor-version":[{"id":3143,"href":"https:\/\/usinagevilleneuve.com\/fr\/wp-json\/wp\/v2\/pages\/3139\/revisions\/3143"}],"up":[{"embeddable":true,"href":"https:\/\/usinagevilleneuve.com\/fr\/wp-json\/wp\/v2\/pages\/3045"}],"wp:featuredmedia":[{"embeddable":true,"href":"https:\/\/usinagevilleneuve.com\/fr\/wp-json\/wp\/v2\/media\/2320"}],"wp:attachment":[{"href":"https:\/\/usinagevilleneuve.com\/fr\/wp-json\/wp\/v2\/media?parent=3139"}],"curies":[{"name":"wp","href":"https:\/\/api.w.org\/{rel}","templated":true}]}}